{"id":14015,"date":"2021-11-25T10:26:32","date_gmt":"2021-11-25T10:26:32","guid":{"rendered":"https:\/\/bookingadventures.com.do\/?post_type=product&#038;p=14015"},"modified":"2021-11-25T10:26:38","modified_gmt":"2021-11-25T10:26:38","slug":"hiking-trails-in-barahona-dominican-republic-cachote-mountains-tropical-fruits-swim","status":"publish","type":"product","link":"https:\/\/bookingadventures.com.do\/bg\/dominicantour\/hiking-trails-in-barahona-dominican-republic-cachote-mountains-tropical-fruits-swim\/","title":{"rendered":"\u0422\u0443\u0440\u0438\u0441\u0442\u0438\u0447\u0435\u0441\u043a\u0438 \u043f\u044a\u0442\u0435\u043a\u0438 \u0432 \u0411\u0430\u0440\u0430\u0445\u043e\u043d\u0430 (\u0414\u043e\u043c\u0438\u043d\u0438\u043a\u0430\u043d\u0441\u043a\u0430 \u0440\u0435\u043f\u0443\u0431\u043b\u0438\u043a\u0430). \u041f\u043b\u0430\u043d\u0438\u043d\u0438 \u041a\u0430\u0445\u043e\u0442\u0435, \u0442\u0440\u043e\u043f\u0438\u0447\u0435\u0441\u043a\u0438 \u043f\u043b\u043e\u0434\u043e\u0432\u0435 \u0438 \u043f\u043b\u0443\u0432\u0430\u043d\u0435"},"content":{"rendered":"<p><span style=\"vertical-align: inherit;\"><span style=\"vertical-align: inherit;\"><div class=\"vc_row wpb_row vc_row-fluid\" ><\/div> <div class=\"wpb_column vc_column_container vc_col-sm-12\"><div class=\"vc_column-inner\"><div class=\"wpb_wrapper\"><\/div><\/div><\/div> <div class=\"mkdf-section-title-holder\" style=\"text-align: left\">\n\t<div class=\"mkdf-st-inner\">\n\t\t\t\t\t\t\t<h3 class=\"mkdf-st-title\" >\n\t\t\t\tRutas de senderismo en Barahona (Rep\u00fablica Dominicana).\t\t\t<\/h3>\n\t\t\t\t\t<\/div>\n<\/div> [\/ vc_column] [\/ vc_row] <div class=\"vc_row wpb_row vc_row-fluid\" ><\/div> <div class=\"wpb_column vc_column_container vc_col-sm-12\"><div class=\"vc_column-inner\"><div class=\"wpb_wrapper\"><\/div><\/div><\/div> \n\t<div class=\"wpb_text_column wpb_content_element\" >\n\t\t<div class=\"wpb_wrapper\">\n\t\t\t\n\t\t<\/div>\n\t<\/div>\n<\/span><\/span><\/p>\n<h4><b><i><span style=\"vertical-align: inherit;\"><span style=\"vertical-align: inherit;\">\u041e\u0431\u0449\u0430 \u0438\u043d\u0444\u043e\u0440\u043c\u0430\u0446\u0438\u044f<\/span><\/span><\/i><\/b><\/h4>\n<p><span style=\"vertical-align: inherit;\"><span style=\"vertical-align: inherit;\">Disfruta de un d\u00eda de caminata en la Sierra de Cachote, Barahona. <\/span><span style=\"vertical-align: inherit;\">Partiendo de Paraiso \u041e\u0431\u0449\u043d\u043e\u0441\u0442. <\/span><span style=\"vertical-align: inherit;\">Aprendiendo sobre \u00e1reas de plantaciones de caf\u00e9. <\/span><span style=\"vertical-align: inherit;\">Nadar en manantiales naturales y una de las playas m\u00e1s hermosas de Rep\u00fablica Dominicana con fotos esc\u00e9nicas.<\/span><\/span><\/p>\n<h4><b><span style=\"vertical-align: inherit;\"><span style=\"vertical-align: inherit;\">Inclusiones y exclusiones<\/span><\/span><\/b><\/h4>\n<p>&nbsp;<\/p>\n<p><b><span style=\"vertical-align: inherit;\"><span style=\"vertical-align: inherit;\">Inclusiones<\/span><\/span><\/b><\/p>\n<ol>\n<li><span style=\"vertical-align: inherit;\"><span style=\"vertical-align: inherit;\">Gu\u00eda local con experiencia en seguridad en la zona.<\/span><\/span><\/li>\n<li><span style=\"vertical-align: inherit;\"><span style=\"vertical-align: inherit;\">Transporte privado para grupos peque\u00f1os.<\/span><\/span><\/li>\n<li><span style=\"vertical-align: inherit;\"><span style=\"vertical-align: inherit;\">Todos los impuestos, tarifas y cargos por manejo.<\/span><\/span><\/li>\n<li><span style=\"vertical-align: inherit;\"><span style=\"vertical-align: inherit;\">Recojo \/ Transporte de su hotel (zona de Barahona \/ Para\u00edso \/ Los Patos)<\/span><\/span><\/li>\n<li><span style=\"vertical-align: inherit;\"><span style=\"vertical-align: inherit;\">Gu\u00eda local que habla ingl\u00e9s o franc\u00e9s.<\/span><\/span><\/li>\n<li>\u0422\u0438\u043f\u0438\u0447\u0435\u043d \u043e\u0431\u044f\u0434 (\u0442\u0438\u043f \u0441\u0430\u043d\u0434\u0432\u0438\u0447\u0438) \u0438 \u0431\u0443\u0442\u0438\u043b\u043a\u0430 \u0432\u043e\u0434\u0430<\/li>\n<li>\u041c\u0435\u0441\u0442\u043d\u0438 \u0434\u0430\u043d\u044a\u0446\u0438<\/li>\n<li>\u0422\u0443\u0440\u0438\u0437\u044a\u043c<\/li>\n<li>\u0415\u0441\u0442\u0435\u0441\u0442\u0432\u0435\u043d\u0438 \u0431\u0430\u0441\u0435\u0439\u043d\u0438<\/li>\n<\/ol>\n<p><b>\u0418\u0437\u043a\u043b\u044e\u0447\u0435\u043d\u0438\u044f<\/b><\/p>\n<ol>\n<li>\u0411\u0435\u0437\u0432\u044a\u0437\u043c\u0435\u0437\u0434\u043d\u0438 \u0443\u0441\u043b\u0443\u0433\u0438<\/li>\n<li>\u0412\u0441\u0438\u0447\u043a\u0438 \u043d\u0430\u043f\u0438\u0442\u043a\u0438<\/li>\n<li>\u0412\u0441\u0438\u0447\u043a\u0438 \u0443\u0441\u043b\u0443\u0433\u0438, \u043a\u043e\u0438\u0442\u043e \u043d\u0435 \u0441\u0430 \u0438\u0437\u0440\u0438\u0447\u043d\u043e \u0441\u043f\u043e\u043c\u0435\u043d\u0430\u0442\u0438<\/li>\n<li>\u041b\u0438\u0447\u043d\u0438 \u0440\u0430\u0437\u0445\u043e\u0434\u0438 \u0438 \u0431\u0430\u043a\u0448\u0438\u0448\u0438<\/li>\n<\/ol>\n<h4><em><strong>\u041e\u0442\u043f\u044a\u0442\u0443\u0432\u0430\u043d\u0435 \u0438 \u0432\u0440\u044a\u0449\u0430\u043d\u0435<\/strong><\/em><\/h4>\n<p>\u041f\u044a\u0442\u043d\u0438\u043a\u044a\u0442 \u0449\u0435 \u043f\u043e\u043b\u0443\u0447\u0438 \u0442\u043e\u0447\u043a\u0430 \u0437\u0430 \u0441\u0440\u0435\u0449\u0430 \u0441\u043b\u0435\u0434 \u043f\u0440\u043e\u0446\u0435\u0441\u0430 \u043d\u0430 \u0440\u0435\u0437\u0435\u0440\u0432\u0430\u0446\u0438\u044f. \u0415\u043a\u0441\u043a\u0443\u0440\u0437\u0438\u0438\u0442\u0435 \u0437\u0430\u043f\u043e\u0447\u0432\u0430\u0442 \u0438 \u0437\u0430\u0432\u044a\u0440\u0448\u0432\u0430\u0442 \u0432 \u0442\u043e\u0447\u043a\u0438\u0442\u0435 \u0437\u0430 \u0441\u0440\u0435\u0449\u0430.<\/p>\n<p>\u0422\u0440\u0443\u0434\u043d\u043e\u0441\u0442: \u0421\u0440\u0435\u0434\u043d\u043e \u0442\u0440\u0443\u0434\u0435\u043d<br \/>\n\u041f\u0440\u043e\u0434\u044a\u043b\u0436\u0438\u0442\u0435\u043b\u043d\u043e\u0441\u0442 \u043d\u0430 \u0440\u0430\u0437\u0445\u043e\u0434\u043a\u0430\u0442\u0430: 5-6 \u0447\u0430\u0441\u0430<br \/>\n\u041d\u0430\u0434\u043c\u043e\u0440\u0441\u043a\u0430 \u0432\u0438\u0441\u043e\u0447\u0438\u043d\u0430: 800 \u043c\u0435\u0442\u0440\u0430<br \/>\n\u041e\u0442\u043f\u044a\u0442\u0443\u0432\u0430\u043d\u0435 \u043e\u0442 \u0445\u043e\u0442\u0435\u043b\u0430: 08.00 \u0427.<br \/>\n\u0412\u0440\u044a\u0449\u0430\u043d\u0435 \u0432 \u0445\u043e\u0442\u0435\u043b\u0430: 17.00 \u0427.<\/p>\n<h2 class=\"styles__heading___mD4_3\" data-radium=\"true\">\u0422\u0443\u0440\u0438\u0441\u0442\u0438\u0447\u0435\u0441\u043a\u0438 \u043f\u044a\u0442\u0435\u043a\u0438 \u0432 \u0411\u0430\u0440\u0430\u0445\u043e\u043d\u0430 (\u0414\u043e\u043c\u0438\u043d\u0438\u043a\u0430\u043d\u0441\u043a\u0430 \u0440\u0435\u043f\u0443\u0431\u043b\u0438\u043a\u0430). \u041f\u043b\u0430\u043d\u0438\u043d\u0438 \u041a\u0430\u0445\u043e\u0442\u0435, \u0442\u0440\u043e\u043f\u0438\u0447\u0435\u0441\u043a\u0438 \u043f\u043b\u043e\u0434\u043e\u0432\u0435 \u0438 \u043f\u043b\u0443\u0432\u0430\u043d\u0435<\/h2>\n<h4><em>\u041a\u0430\u043a\u0432\u043e \u0434\u0430 \u043e\u0447\u0430\u043a\u0432\u0430\u0442\u0435?<\/em><\/h4>\n<p>\u0429\u0435 \u0437\u0430\u043f\u043e\u0447\u043d\u0435\u043c \u0440\u0430\u0437\u0445\u043e\u0434\u043a\u0430\u0442\u0430 \u0432 \u0433\u0440\u0430\u0434 \u041e\u0445\u0435\u0434\u0430, \u043a\u043e\u0439\u0442\u043e \u0435 \u0438\u0437\u0432\u0435\u0441\u0442\u0435\u043d \u0441 \u0433\u043e\u043b\u044f\u043c\u043e\u0442\u043e \u043f\u0440\u043e\u0438\u0437\u0432\u043e\u0434\u0441\u0442\u0432\u043e \u043d\u0430 \u0442\u0438\u043f\u0438\u0447\u043d\u0438 \u043a\u0430\u0440\u0438\u0431\u0441\u043a\u0438 \u043f\u043b\u043e\u0434\u043e\u0432\u0435 \u0438 \u0437\u0435\u043b\u0435\u043d\u0447\u0443\u0446\u0438. \u041f\u043e \u043f\u044a\u0442\u044f \u0449\u0435 \u043c\u043e\u0436\u0435\u043c \u0434\u0430 \u043e\u043f\u0438\u0442\u0430\u043c\u0435 \u0430\u0432\u043e\u043a\u0430\u0434\u043e, \u043f\u043e\u0440\u0442\u043e\u043a\u0430\u043b\u0438, \u0433\u0440\u0435\u0439\u043f\u0444\u0440\u0443\u0442\u0438, \u043b\u0438\u043c\u043e\u043d\u0438, \u0433\u0443\u0430\u0432\u0430, \u043c\u0430\u043d\u0433\u043e, \u043f\u0430\u043f\u0430\u044f, \u0441\u0430\u043f\u043e\u0442\u0435\u0441 \u0438 \u0441\u043e\u0440\u0441\u043e\u043f!<\/p>\n<p>\u0421\u043b\u0435\u0434 \u0447\u0430\u0441 \u0438 \u043f\u043e\u043b\u043e\u0432\u0438\u043d\u0430 \u0438\u0437\u043a\u0430\u0447\u0432\u0430\u043d\u0435 \u0449\u0435 \u0434\u043e\u0441\u0442\u0438\u0433\u043d\u0435\u043c \u0434\u043e \u0432\u043f\u0435\u0447\u0430\u0442\u043b\u044f\u0432\u0430\u0449\u0430 \u0433\u043b\u0435\u0434\u043a\u0430 \u043a\u044a\u043c \u0433\u0440\u0430\u0434 \u041f\u0430\u0440\u0430\u0438\u0441\u043e, \u0420\u0438\u043e\u0441\u0438\u0442\u043e \u0438 \u0432\u0438\u0441\u043e\u043a\u0438\u0442\u0435 \u043f\u043b\u0430\u043d\u0438\u043d\u0438 \u041a\u0430\u0445\u043e\u0442\u0435.<\/p>\n<p>\u0429\u0435 \u043f\u0440\u043e\u0434\u044a\u043b\u0436\u0438\u043c \u0434\u0430 \u0441\u0435 \u0438\u0437\u043a\u0430\u0447\u0432\u0430\u043c\u0435 \u0432 \u043f\u043e-\u0441\u0442\u0443\u0434\u0435\u043d \u0438 \u0432\u043b\u0430\u0436\u0435\u043d \u043a\u043b\u0438\u043c\u0430\u0442, \u0434\u043e\u043a\u0430\u0442\u043e \u0434\u043e\u0441\u0442\u0438\u0433\u043d\u0435\u043c \u0433\u0440\u0430\u0434\u0447\u0435\u0442\u043e Barrio Nuevo, \u043a\u044a\u0434\u0435\u0442\u043e \u0449\u0435 \u043e\u0431\u044f\u0434\u0432\u0430\u043c\u0435.<\/p>\n<p>\u0421\u043b\u0435\u0434\u043e\u0431\u0435\u0434 \u0449\u0435 \u043f\u0440\u0435\u043a\u043e\u0441\u0438\u043c \u0432\u0435\u043b\u0438\u043a\u043e\u043b\u0435\u043f\u043d\u0430 \u0444\u0435\u0440\u043c\u0430 \u0437\u0430 \u043a\u0430\u0444\u0435 \u043d\u0430 \u0432\u044a\u0440\u0445\u0430 \u043d\u0430 \u043f\u043b\u0430\u043d\u0438\u043d\u0430\u0442\u0430 \u043d\u0430 800 \u043c\u0435\u0442\u0440\u0430 \u043d\u0430\u0434\u043c\u043e\u0440\u0441\u043a\u0430 \u0432\u0438\u0441\u043e\u0447\u0438\u043d\u0430. \u0421\u043b\u0435\u0434 \u0442\u043e\u0432\u0430 \u0449\u0435 \u0441\u0435 \u0441\u043f\u0443\u0441\u043a\u0430\u043c\u0435 \u0432 \u043f\u0440\u043e\u0434\u044a\u043b\u0436\u0435\u043d\u0438\u0435 \u043d\u0430 1 \u0447\u0430\u0441, \u0434\u043e\u043a\u0430\u0442\u043e \u0441\u0442\u0438\u0433\u043d\u0435\u043c \u0434\u043e \u0434\u0435\u0444\u0438\u043b\u0435\u0442\u043e \u0420\u0438\u043e\u0441\u0438\u0442\u043e, \u043a\u044a\u0434\u0435\u0442\u043e \u0449\u0435 \u043c\u043e\u0436\u0435\u043c \u0434\u0430 \u0441\u0435 \u0438\u0437\u043a\u044a\u043f\u0435\u043c \u0432 \u043a\u0440\u0430\u0441\u0438\u0432 \u0435\u0441\u0442\u0435\u0441\u0442\u0432\u0435\u043d \u0431\u0430\u0441\u0435\u0439\u043d, \u0437\u0430\u043e\u0431\u0438\u043a\u043e\u043b\u0435\u043d \u043e\u0442 \u0442\u0440\u043e\u043f\u0438\u0447\u0435\u0441\u043a\u0430 \u0433\u043e\u0440\u0430.<\/p>\n<p>\u041f\u0440\u043e\u0434\u044a\u043b\u0436\u0435\u0442\u0435 \u0434\u0430 \u0441\u0435 \u0440\u0430\u0437\u0445\u043e\u0436\u0434\u0430\u0442\u0435 \u0438\u0437 \u0434\u043e\u043b\u0438\u043d\u0430\u0442\u0430 \u0420\u0438\u043e\u0441\u0438\u0442\u043e, \u0437\u0430 \u0434\u0430 \u0437\u0430\u0432\u044a\u0440\u0448\u0438\u0442\u0435 \u0434\u0435\u043d\u044f \u0441 \u043a\u044a\u043f\u0430\u043d\u0435 \u043d\u0430 \u043f\u043b\u0430\u0436\u0430 \u041f\u0430\u0440\u0430\u0438\u0441\u043e.<\/p>\n<h4><em><strong>\u041a\u0430\u043a\u0432\u043e \u0442\u0440\u044f\u0431\u0432\u0430 \u0434\u0430 \u0432\u0437\u0435\u043c\u0435\u0442\u0435 \u0441\u044a\u0441 \u0441\u0435\u0431\u0435 \u0441\u0438?<\/strong><\/em><\/h4>\n<ul>\n<li>\u041a\u0430\u043c\u0435\u0440\u0430<\/li>\n<li>\u041e\u0442\u0431\u043b\u044a\u0441\u043a\u0432\u0430\u0449\u0438 \u043f\u044a\u043f\u043a\u0438<\/li>\n<li>\u0421\u043b\u044a\u043d\u0446\u0435\u0437\u0430\u0449\u0438\u0442\u0435\u043d \u043a\u0440\u0435\u043c<\/li>\n<li>\u0412\u043e\u0434\u0430<\/li>\n<li>\u0428\u0430\u043f\u043a\u0430<\/li>\n<li>\u0423\u0434\u043e\u0431\u043d\u0438 \u043f\u0430\u043d\u0442\u0430\u043b\u043e\u043d\u0438<\/li>\n<li>\u0422\u0443\u0440\u0438\u0441\u0442\u0438\u0447\u0435\u0441\u043a\u0438 \u043e\u0431\u0443\u0432\u043a\u0438 \u0437\u0430 \u0433\u043e\u0440\u0430<\/li>\n<li>\u0421\u0430\u043d\u0434\u0430\u043b\u0438 \u0432 \u043f\u0440\u043e\u043b\u0435\u0442\u043d\u0438\u0442\u0435 \u0437\u043e\u043d\u0438.<\/li>\n<li>\u041f\u043b\u0443\u0432\u043d\u043e \u043e\u0431\u043b\u0435\u043a\u043b\u043e<\/li>\n<\/ul>\n<p>&nbsp;<\/p>\n<h4><b><i>\u0412\u0437\u0435\u043c\u0430\u043d\u0435 \u043e\u0442 \u0445\u043e\u0442\u0435\u043b\u0430<\/i><\/b><\/h4>\n<p>\u0417\u0430 \u0442\u0430\u0437\u0438 \u043e\u0431\u0438\u043a\u043e\u043b\u043a\u0430 \u0441\u0435 \u043f\u0440\u0435\u0434\u043b\u0430\u0433\u0430 \u0432\u0437\u0438\u043c\u0430\u043d\u0435 \u043e\u0442 \u0445\u043e\u0442\u0435\u043b. \u0412\u0437\u0435\u043c\u0430\u043d\u0435\/\u0442\u0440\u0430\u043d\u0441\u043f\u043e\u0440\u0442\u0438\u0440\u0430\u043d\u0435 \u043e\u0442 \u0432\u0430\u0448\u0438\u044f \u0445\u043e\u0442\u0435\u043b (\u0432 \u0440\u0430\u0439\u043e\u043d\u0430 \u043d\u0430 \u0411\u0430\u0440\u0430\u043e\u043d\u0430\/\u041f\u0430\u0440\u0430\u0438\u0441\u043e\/\u041b\u043e\u0441 \u041f\u0430\u0442\u043e\u0441).<\/p>\n<p><b>\u0417\u0430\u0431\u0435\u043b\u0435\u0436\u043a\u0430:<\/b> \u0410\u043a\u043e \u043d\u0430\u043f\u0440\u0430\u0432\u0438\u0442\u0435 \u0440\u0435\u0437\u0435\u0440\u0432\u0430\u0446\u0438\u044f \u0432 \u0440\u0430\u043c\u043a\u0438\u0442\u0435 \u043d\u0430 24 \u0447\u0430\u0441\u0430 \u043f\u0440\u0435\u0434\u0438 \u0447\u0430\u0441\u0430 \u043d\u0430 \u043e\u0442\u043f\u044a\u0442\u0443\u0432\u0430\u043d\u0435 \u043e\u0442 \u0435\u043a\u0441\u043a\u0443\u0440\u0437\u0438\u044f\u0442\u0430, \u043c\u043e\u0436\u0435\u043c \u0434\u0430 \u043e\u0440\u0433\u0430\u043d\u0438\u0437\u0438\u0440\u0430\u043c\u0435 \u0432\u0437\u0438\u043c\u0430\u043d\u0435 \u043e\u0442 \u0445\u043e\u0442\u0435\u043b\u0430. \u0412\u0437\u0435\u043c\u0430\u043c\u0435 \u0441\u0430\u043c\u043e \u0432 \u0440\u0430\u0439\u043e\u043d\u0438\u0442\u0435 \u043d\u0430 \u0411\u0430\u0440\u0430\u0445\u043e\u043d\u0430. \u0421\u043b\u0435\u0434 \u043a\u0430\u0442\u043e \u0437\u0430\u0432\u044a\u0440\u0448\u0438\u0442\u0435 \u043f\u043e\u043a\u0443\u043f\u043a\u0430\u0442\u0430 \u0441\u0438, \u0449\u0435 \u0432\u0438 \u0438\u0437\u043f\u0440\u0430\u0442\u0438\u043c \u043f\u044a\u043b\u043d\u0430 \u0438\u043d\u0444\u043e\u0440\u043c\u0430\u0446\u0438\u044f \u0437\u0430 \u043a\u043e\u043d\u0442\u0430\u043a\u0442 (\u0442\u0435\u043b\u0435\u0444\u043e\u043d\u0435\u043d \u043d\u043e\u043c\u0435\u0440, \u0438\u043c\u0435\u0439\u043b \u0430\u0434\u0440\u0435\u0441 \u0438 \u0434\u0440.) \u0437\u0430 \u043d\u0430\u0448\u0438\u044f \u043c\u0435\u0441\u0442\u0435\u043d \u0435\u043a\u0441\u043a\u0443\u0440\u0437\u043e\u0432\u043e\u0434, \u0437\u0430 \u0434\u0430 \u043e\u0440\u0433\u0430\u043d\u0438\u0437\u0438\u0440\u0430\u043c\u0435 \u043f\u043e\u0441\u0440\u0435\u0449\u0430\u043d\u0435\u0442\u043e.<\/p>\n<h4><b><i>\u041f\u043e\u0442\u0432\u044a\u0440\u0436\u0434\u0435\u043d\u0438\u0435 \u043d\u0430 \u0434\u043e\u043f\u044a\u043b\u043d\u0438\u0442\u0435\u043b\u043d\u0430 \u0438\u043d\u0444\u043e\u0440\u043c\u0430\u0446\u0438\u044f<\/i><\/b><\/h4>\n<ol>\n<li>\u0411\u0438\u043b\u0435\u0442\u0438\u0442\u0435 \u0441\u0430 \u0440\u0430\u0437\u043f\u0438\u0441\u043a\u0430\u0442\u0430 \u0441\u043b\u0435\u0434 \u0437\u0430\u043f\u043b\u0430\u0449\u0430\u043d\u0435 \u043d\u0430 \u0442\u0430\u0437\u0438 \u043e\u0431\u0438\u043a\u043e\u043b\u043a\u0430. \u041c\u043e\u0436\u0435\u0442\u0435 \u0434\u0430 \u043f\u043e\u043a\u0430\u0436\u0435\u0442\u0435 \u043f\u043b\u0430\u0449\u0430\u043d\u0435\u0442\u043e \u043d\u0430 \u0442\u0435\u043b\u0435\u0444\u043e\u043d\u0430 \u0441\u0438.<\/li>\n<li><span style=\"vertical-align: inherit;\"><span style=\"vertical-align: inherit;\">El punto de encuentro se recibir\u00e1 despu\u00e9s del proceso de reserva.<\/span><\/span><\/li>\n<li><span style=\"vertical-align: inherit;\"><span style=\"vertical-align: inherit;\">Los ni\u00f1os deben estar acompa\u00f1ados por un adulto.<\/span><\/span><\/li>\n<li><span style=\"vertical-align: inherit;\"><span style=\"vertical-align: inherit;\">No accesible para sillas de ruedas<\/span><\/span><\/li>\n<li><span style=\"vertical-align: inherit;\"><span style=\"vertical-align: inherit;\">Los beb\u00e9s deben sentarse en el regazo<\/span><\/span><\/li>\n<li><span style=\"vertical-align: inherit;\"><span style=\"vertical-align: inherit;\">No recomendado para viajeros con problemas de espalda.<\/span><\/span><\/li>\n<li><span style=\"vertical-align: inherit;\"><span style=\"vertical-align: inherit;\">No recomendado para viajeras embarazadas.<\/span><\/span><\/li>\n<li><span style=\"vertical-align: inherit;\"><span style=\"vertical-align: inherit;\">Sin problemas card\u00edacos ni otras afecciones m\u00e9dicas graves<\/span><\/span><\/li>\n<li><span style=\"vertical-align: inherit;\"><span style=\"vertical-align: inherit;\">La mayor\u00eda de los viajeros pueden participar<\/span><\/span><\/li>\n<\/ol>\n<h4><b><i><span style=\"vertical-align: inherit;\"><span style=\"vertical-align: inherit;\">Pol\u00edtica de cancelaci\u00f3n<\/span><\/span><\/i><\/b><\/h4>\n<p><span style=\"vertical-align: inherit;\"><span style=\"vertical-align: inherit;\">Para obtener un reembolso completo, cancele al menos 72 horas antes de la fecha de inicio de la experiencia. <\/span><span style=\"vertical-align: inherit;\">Los fondos se perder\u00e1n si la reserva se cancela el mismo d\u00eda del viaje. [\/ Vc_column_text] [\/ vc_column] [\/ vc_row]<\/span><\/span><\/p>","protected":false},"excerpt":{"rendered":"<p><span style=\"vertical-align: inherit;\"><span style=\"vertical-align: inherit;\">Compre un boleto de un d\u00eda a Bah\u00eda las \u00c1guilas desde Barahona. <\/span><span style=\"vertical-align: inherit;\">Conduciendo por el parque nacional Jaragua y rumbo a Cabo Rojo, donde un bote lo espera. <\/span><span style=\"vertical-align: inherit;\">Despu\u00e9s de un viaje de 15 minutos en bote, llegar\u00e1 a la hermosa y aislada Bah\u00eda de las \u00c1guilas, considerada la playa m\u00e1s hermosa del pa\u00eds. <\/span><span style=\"vertical-align: inherit;\">El almuerzo se servir\u00e1 en la playa y tendr\u00e1 la oportunidad de nadar o simplemente relajarse en la playa. <\/span><span style=\"vertical-align: inherit;\">Disfrute de la pr\u00edstina arena blanca de esta playa de 8 km de longitud.<\/span><\/span><\/p>\n<p>&nbsp;<\/p>\n<p><strong><span style=\"vertical-align: inherit;\"><span style=\"vertical-align: inherit;\">Seleccione el d\u00eda para este viaje:<\/span><\/span><\/strong><\/p>","protected":false},"featured_media":13501,"template":"","meta":[],"product_brand":[],"product_cat":[662,337],"product_tag":[663,610,664,665],"class_list":{"0":"post-14015","1":"product","2":"type-product","3":"status-publish","4":"has-post-thumbnail","6":"product_cat-barahona","7":"product_cat-lunch","8":"product_tag-barahona-hiking","9":"product_tag-barahona-tours","10":"product_tag-cachote-tour","11":"product_tag-paraiso-tour","13":"first","14":"instock","15":"sale","16":"virtual","17":"sold-individually","18":"purchasable","19":"product-type-simple"},"_links":{"self":[{"href":"https:\/\/bookingadventures.com.do\/bg\/wp-json\/wp\/v2\/product\/14015","targetHints":{"allow":["GET"]}}],"collection":[{"href":"https:\/\/bookingadventures.com.do\/bg\/wp-json\/wp\/v2\/product"}],"about":[{"href":"https:\/\/bookingadventures.com.do\/bg\/wp-json\/wp\/v2\/types\/product"}],"wp:featuredmedia":[{"embeddable":true,"href":"https:\/\/bookingadventures.com.do\/bg\/wp-json\/wp\/v2\/media\/13501"}],"wp:attachment":[{"href":"https:\/\/bookingadventures.com.do\/bg\/wp-json\/wp\/v2\/media?parent=14015"}],"wp:term":[{"taxonomy":"product_brand","embeddable":true,"href":"https:\/\/bookingadventures.com.do\/bg\/wp-json\/wp\/v2\/product_brand?post=14015"},{"taxonomy":"product_cat","embeddable":true,"href":"https:\/\/bookingadventures.com.do\/bg\/wp-json\/wp\/v2\/product_cat?post=14015"},{"taxonomy":"product_tag","embeddable":true,"href":"https:\/\/bookingadventures.com.do\/bg\/wp-json\/wp\/v2\/product_tag?post=14015"}],"curies":[{"name":"wp","href":"https:\/\/api.w.org\/{rel}","templated":true}]}}