{"id":8452,"date":"2019-04-15T09:42:28","date_gmt":"2019-04-15T09:42:28","guid":{"rendered":"https:\/\/www.ticketswhales.com\/?page_id=8452"},"modified":"2019-04-15T09:42:28","modified_gmt":"2019-04-15T09:42:28","slug":"things-to-do-in-los-haitises-national-park","status":"publish","type":"page","link":"https:\/\/bookingadventures.com.do\/cs\/things-to-do-in-los-haitises-national-park\/","title":{"rendered":"Things to do in Los Haitises National Park 2"},"content":{"rendered":"<div class=\"vc_row wpb_row vc_row-fluid\" ><div class=\"wpb_column vc_column_container vc_col-sm-12\"><div class=\"vc_column-inner\"><div class=\"wpb_wrapper\"><div class=\"mkdf-section-title-holder\" style=\"text-align: left\">\n\t<div class=\"mkdf-st-inner\">\n\t\t\t\t\t<h5 class=\"mkdf-st-subtitle\" >\n\t\t\t\tAll to Know and to do In Los Haitises National Park...\t\t\t<\/h5>\n\t\t\t\t\t\t\t<h3 class=\"mkdf-st-title\" >\n\t\t\t\tThings to do in Los Haitises National Park\t\t\t<\/h3>\n\t\t\t\t\t<\/div>\n<\/div><\/div><\/div><\/div><\/div><div class=\"vc_row wpb_row vc_row-fluid\" ><div class=\"wpb_column vc_column_container vc_col-sm-12\"><div class=\"vc_column-inner\"><div class=\"wpb_wrapper\">\n\t<div class=\"wpb_text_column wpb_content_element\" >\n\t\t<div class=\"wpb_wrapper\">\n\t\t\t<p>Los haitises national park map<\/p>\n<p>los haitises national park facts<\/p>\n<p>los haitises national park Hotels<\/p>\n<p>prohl\u00eddka n\u00e1rodn\u00edho parku los haitises z las terrenas<\/p>\n<p>tajemstv\u00ed los haitises<\/p>\n\n\t\t<\/div>\n\t<\/div>\n<\/div><\/div><\/div><\/div>","protected":false},"excerpt":{"rendered":"All to Know and to do In Los Haitises National Park... Things to do in Los Haitises National Park Los haitises national park map los haitises national park facts los haitises national park Hotels los haitises national park tour from [...]","protected":false},"author":1,"featured_media":10629,"parent":0,"menu_order":0,"comment_status":"closed","ping_status":"closed","template":"","meta":{"footnotes":""},"class_list":["post-8452","page","type-page","status-publish","has-post-thumbnail","hentry"],"_links":{"self":[{"href":"https:\/\/bookingadventures.com.do\/cs\/wp-json\/wp\/v2\/pages\/8452","targetHints":{"allow":["GET"]}}],"collection":[{"href":"https:\/\/bookingadventures.com.do\/cs\/wp-json\/wp\/v2\/pages"}],"about":[{"href":"https:\/\/bookingadventures.com.do\/cs\/wp-json\/wp\/v2\/types\/page"}],"author":[{"embeddable":true,"href":"https:\/\/bookingadventures.com.do\/cs\/wp-json\/wp\/v2\/users\/1"}],"replies":[{"embeddable":true,"href":"https:\/\/bookingadventures.com.do\/cs\/wp-json\/wp\/v2\/comments?post=8452"}],"version-history":[{"count":0,"href":"https:\/\/bookingadventures.com.do\/cs\/wp-json\/wp\/v2\/pages\/8452\/revisions"}],"wp:featuredmedia":[{"embeddable":true,"href":"https:\/\/bookingadventures.com.do\/cs\/wp-json\/wp\/v2\/media\/10629"}],"wp:attachment":[{"href":"https:\/\/bookingadventures.com.do\/cs\/wp-json\/wp\/v2\/media?parent=8452"}],"curies":[{"name":"wp","href":"https:\/\/api.w.org\/{rel}","templated":true}]}}