{"id":13990,"date":"2021-11-25T10:26:14","date_gmt":"2021-11-25T10:26:14","guid":{"rendered":"https:\/\/bookingadventures.com.do\/?post_type=product&#038;p=13990"},"modified":"2024-11-13T08:35:02","modified_gmt":"2024-11-13T08:35:02","slug":"whale-watching-2022-in-punta-cana-cap-cana-to-samana-bay-cayo-levantado-bacardi-island-from-hotels","status":"publish","type":"product","link":"https:\/\/bookingadventures.com.do\/cs\/dominicantour\/whale-watching-2022-in-punta-cana-cap-cana-to-samana-bay-cayo-levantado-bacardi-island-from-hotels\/","title":{"rendered":"Whale Watching in Punta Cana\/Cap Cana to Samana Bay + Cayo Levantado (Bacardi Island) from Hotels."},"content":{"rendered":"<div class=\"vc_row wpb_row vc_row-fluid\" ><div class=\"wpb_column vc_column_container vc_col-sm-12\"><div class=\"vc_column-inner\"><div class=\"wpb_wrapper\"><div class=\"mkdf-section-title-holder\" style=\"text-align: left\">\n\t<div class=\"mkdf-st-inner\">\n\t\t\t\t\t<h5 class=\"mkdf-st-subtitle\" >\n\t\t\t\tPick Up from Hotels and Cayo Levantado (Bacardi Island).\t\t\t<\/h5>\n\t\t\t\t\t\t\t<h3 class=\"mkdf-st-title\" >\n\t\t\t\tWhale Watching in Punta Cana\/Cap Cana to Samana Bay\t\t\t<\/h3>\n\t\t\t\t\t<\/div>\n<\/div><\/div><\/div><\/div><\/div><div class=\"vc_row wpb_row vc_row-fluid\" ><div class=\"wpb_column vc_column_container vc_col-sm-12\"><div class=\"vc_column-inner\"><div class=\"wpb_wrapper\">\n\t<div class=\"wpb_text_column wpb_content_element\" >\n\t\t<div class=\"wpb_wrapper\">\n\t\t\t<div class=\"vc_row wpb_row vc_row-fluid\">\n<div class=\"wpb_column vc_column_container vc_col-sm-12\">\n<div class=\"vc_column-inner\">\n<div class=\"wpb_wrapper\">\n<div class=\"wpb_text_column wpb_content_element\">\n<div class=\"wpb_wrapper\">\n<div class=\"vc_row wpb_row vc_row-fluid\">\n<div class=\"wpb_column vc_column_container vc_col-sm-12\">\n<div class=\"vc_column-inner\">\n<div class=\"wpb_wrapper\">\n<div class=\"wpb_text_column wpb_content_element\">\n<div class=\"wpb_wrapper\">\n<h4><b><i>P\u0159ehled<img decoding=\"async\" class=\"emoji\" draggable=\"false\" src=\"https:\/\/s.w.org\/images\/core\/emoji\/12.0.0-1\/svg\/1f433.svg\" alt=\"\ud83d\udc33\" \/><\/i><\/b><\/h4>\n<p>Whale Punta Cana, whale watching in Saman\u00e1 Bay and visit Cayo Levantado during this full-day excursion from Punta Cana hotels. Travel to Saman\u00e1 bay aboard a comfortable, air-conditioned coach, then transfer to a boat Catamaran\u00a0 at Miches. Cruise out into the open waters to look for the pods of humpback whales who visit to breed and have their calves in the area. Learn about the behavior and biology of these marine mammals from your expert naturalist guide. Continue to Cayo Levantado, or Bacardi Island, for lunch on the beach and a dip in the azure waters before returning to Punta Cana.<\/p>\n<p>&nbsp;<\/p>\n<p><strong>Pozn\u00e1mka: <\/strong>This tour can or not include the stop at\u00a0<strong>Vodop\u00e1d Limon<\/strong>. To book same trip with the waterfalls please <a href=\"https:\/\/www.ticketswhales.com\/Tours-Excursions\/fees-entrace\/samana-whale-watching-cayo-levantado-bacardi-island-limon-waterfalls-from-punta-cana-hotels\/\" target=\"_blank\" rel=\"noopener\">KLIKN\u011aTE ZDE.<\/a><\/p>\n<p>&nbsp;<\/p>\n<ul>\n<li>V\u00fdlet za pozorov\u00e1n\u00edm velryb<\/li>\n<li>Vstupn\u00e9 do observato\u0159e<\/li>\n<li>V\u010detn\u011b ob\u011bda formou bufetu na pl\u00e1\u017ei<\/li>\n<li>P\u0159eprava lod\u00ed<\/li>\n<li>Transfer from Punta Cana Hotels<\/li>\n<li>Kapit\u00e1n poskytuje instrukce a dohled<\/li>\n<li>Pr\u016fvodce<\/li>\n<\/ul>\n<p>&nbsp;<\/p>\n<h4><b>Zahrnut\u00ed a vylou\u010den\u00ed<\/b><\/h4>\n<p>&nbsp;<\/p>\n<p><b>Inkluze<\/b><\/p>\n<p>&nbsp;<\/p>\n<ol>\n<li>Ob\u011bd formou bufetu na pl\u00e1\u017ei<\/li>\n<li>Pr\u016fvodce<\/li>\n<li>V\u00fdlet katamar\u00e1nem nebo lod\u00ed<\/li>\n<li>V\u0161echny dan\u011b, poplatky a manipula\u010dn\u00ed poplatky<\/li>\n<li>M\u00edstn\u00ed dan\u011b<\/li>\n<li>N\u00e1poje<\/li>\n<\/ol>\n<p><b>V\u00fdjimky<\/b><\/p>\n<ol>\n<li>Spropitn\u00e9<\/li>\n<\/ol>\n<p>&nbsp;<\/p>\n<h4><em><strong>Odjezd a n\u00e1vrat<\/strong><\/em><\/h4>\n<p>U t\u00e9to prohl\u00eddky je nab\u00edzeno vyzvednut\u00ed v hotelu. Do pozn\u00e1mek sta\u010d\u00ed napsat n\u00e1zev hotelu, kde v\u00e1s vyzvednou. Vyzved\u00e1v\u00e1me ve v\u0161ech hotelech v Punta Can\u011b.<\/p>\n<p>&nbsp;<\/p>\n<h3>Whale Watching\u00a0 in Punta Cana\/Cap Cana to Samana Bay + Cayo Levantado (Bacardi Island) from Hotels.<\/h3>\n<h4><b><i>Co o\u010dek\u00e1vat?<\/i><\/b><\/h4>\n<p>B\u011bhem 12hodinov\u00e9ho v\u00fdletu za keporkaky v z\u00e1toce S\u00e1mana se m\u016f\u017eete zbl\u00edzka sezn\u00e1mit s n\u011b\u017en\u00fdmi mo\u0159sk\u00fdmi obry Dominik\u00e1nsk\u00e9 republiky. Str\u00e1v\u00edte nezapomenuteln\u00fd den pozorov\u00e1n\u00edm tis\u00edc\u016f velryb, kter\u00e9 se ka\u017edoro\u010dn\u011b sl\u00e9taj\u00ed na ostrov, aby se zde p\u00e1\u0159ily, krmily a hr\u00e1ly si v tepl\u00fdch tropick\u00fdch vod\u00e1ch. P\u0159i pozorov\u00e1n\u00ed t\u011bchto n\u00e1dhern\u00fdch tvor\u016f si vychutn\u00e1te jedine\u010dn\u00e9 poznatky od sv\u00e9ho odborn\u00e9ho pr\u016fvodce pro pozorov\u00e1n\u00ed velryb. Den zakon\u010dete ob\u011bdem a pobytem na pl\u00e1\u017ei na kr\u00e1sn\u00e9m ostrov\u011b Cayo Levantado. V cen\u011b je zahrnuta tak\u00e9 zp\u00e1te\u010dn\u00ed doprava do hotelu.<\/p>\n<p>From 9:00 Am until 12:00-noon Whale watching observatory and After this Whale trip we will visit Bacardi Island \/ Cayo Levantado. In Bacardi Island, Lunch Buffet from typical Dominican Style will be provided (Rice, Beans, Fish, Salads\u2026). When lunch is finished you are allowed to swim until 4:30 pm. Tour will be finished at 5:00 pm at the same port from where it will start onboad our Catamaran and them bus back to Punta Cana Hotels.<\/p>\n<p>This tour can or not include the stop at\u00a0<strong>Vodop\u00e1d Limon<\/strong>. To book same trip with the waterfalls please <a href=\"https:\/\/www.ticketswhales.com\/Tours-Excursions\/fees-entrace\/samana-whale-watching-cayo-levantado-bacardi-island-limon-waterfalls-from-punta-cana-hotels\/\" target=\"_blank\" rel=\"noopener\">KLIKN\u011aTE ZDE.<\/a><\/p>\n<p><strong>\u010casov\u00fd rozvrh:<\/strong><\/p>\n<p>6:00 - 7:00 Vyzvednut\u00ed z\u00e1kazn\u00edk\u016f z r\u016fzn\u00fdch hotel\u016f<br \/>\n07:00 Odjezd do Las Canitas v Sabana de la mar<br \/>\n08:15 P\u0159\u00edjezd do soukrom\u00e9ho p\u0159\u00edstavu<br \/>\n08:15 - 8:40 Sn\u00eddan\u011b (sendvi\u010de, muffiny, \u010daj, k\u00e1va, d\u017eusy)<br \/>\n8:45 Nalod\u011bn\u00ed na cestu do rezervace keporkak\u016f v Saman\u011b.<br \/>\n11:00 Hled\u00e1n\u00ed velryb po dobu 45 minut - toto je \u010dasov\u00fd harmonogram podle vl\u00e1dn\u00edch pravidel.<br \/>\n11:45 Vydejte se na Cayo Levantado v z\u00e1livu Samana<br \/>\n12:30 P\u0159\u00edjezd na Cayo Levantado<br \/>\n13:00 Ob\u011bd (ob\u011bd formou bufetu, typick\u00fd dominik\u00e1nsk\u00fd)*<br \/>\n13:45 - 15:30 Voln\u00fd \u010das na Cayo Levantado<br \/>\n15:00 - 15:45 Znovu na palubu sm\u011br Miches<br \/>\n17:00 P\u0159\u00edjezd do Miches a odjezd do hotel\u016f v Punta Can\u011b<br \/>\n19:30 - 20:00 P\u0159\u00edjezd do hotel\u016f v Punta Can\u011b<\/p>\n<p><strong>*Ob\u011bdov\u00e9 menu (typick\u00e9 dominik\u00e1nsk\u00e9)<br \/>\n<\/strong>R\u00fd\u017ee, grilovan\u00e9 ku\u0159e nebo grilovan\u00e1 ryba, sal\u00e1t, zelenina, \u010derstv\u00e9 ovoce.<\/p>\n<p><strong>*Z\u00e1kazn\u00edci, kte\u0159\u00ed se rozhodnou p\u0159idat zast\u00e1vku u vodop\u00e1du El Limon po pozorov\u00e1n\u00ed velryb, se p\u0159esunou k vodop\u00e1du a budou m\u00edt m\u00e9n\u011b \u010dasu na Cayo Levantado.<\/strong><\/p>\n<p>This tour can or not include the stop at\u00a0<strong>Vodop\u00e1d Limon<\/strong>. To book same trip with the waterfalls please <a href=\"https:\/\/www.ticketswhales.com\/Tours-Excursions\/fees-entrace\/samana-whale-watching-cayo-levantado-bacardi-island-limon-waterfalls-from-punta-cana-hotels\/\" target=\"_blank\" rel=\"noopener\">KLIKN\u011aTE ZDE.<\/a><\/p>\n<p>&nbsp;<\/p>\n<h4><em><strong>Co byste si m\u011bli vz\u00edt s sebou?<\/strong><\/em><\/h4>\n<ul>\n<li>Fotoapar\u00e1t<\/li>\n<li>Repelentn\u00ed pupeny<\/li>\n<li>opalovac\u00ed kr\u00e9m<\/li>\n<li>Klobouk<\/li>\n<li>Pohodln\u00e9 kalhoty<\/li>\n<li>Sand\u00e1ly na pl\u00e1\u017e<\/li>\n<li>Plaveck\u00fd od\u011bv<\/li>\n<li>Pen\u00edze na suven\u00fdry<\/li>\n<\/ul>\n<p>&nbsp;<\/p>\n<h4><b><i>Vyzvednut\u00ed v hotelu<\/i><\/b><\/h4>\n<p>U t\u00e9to prohl\u00eddky je nab\u00edzeno vyzvednut\u00ed v hotelu. Do pozn\u00e1mek sta\u010d\u00ed napsat n\u00e1zev hotelu, kde v\u00e1s vyzvednou. Vyzved\u00e1v\u00e1me ve v\u0161ech hotelech v Punta Can\u011b.<\/p>\n<p>&nbsp;<\/p>\n<p><b>Pozn\u00e1mka:<\/b> pokud si rezervujete ubytov\u00e1n\u00ed do 24 hodin p\u0159ed odjezdem na prohl\u00eddku\/v\u00fdlet, m\u016f\u017eeme zajistit vyzvednut\u00ed v hotelu. Po dokon\u010den\u00ed n\u00e1kupu v\u00e1m za\u0161leme kompletn\u00ed kontaktn\u00ed informace (telefonn\u00ed \u010d\u00edslo, e-mailovou adresu atd.), aby n\u00e1\u0161 m\u00edstn\u00ed pr\u016fvodce mohl zorganizovat vyzvednut\u00ed.<\/p>\n<h4><b><i>Dal\u0161\u00ed informace Potvrzen\u00ed<\/i><\/b><\/h4>\n<ol>\n<li>Vstupenky jsou stvrzenkou po zaplacen\u00ed t\u00e9to prohl\u00eddky. Platbu m\u016f\u017eete uk\u00e1zat na sv\u00e9m telefonu.<\/li>\n<li>M\u00edsto setk\u00e1n\u00ed obdr\u017e\u00edte po dokon\u010den\u00ed rezervace.<\/li>\n<li>D\u011bti mus\u00ed b\u00fdt v doprovodu dosp\u011bl\u00e9 osoby.<\/li>\n<li>bezbari\u00e9rov\u00fd p\u0159\u00edstup<\/li>\n<li>Kojenci mus\u00ed sed\u011bt na kl\u00edn\u011b<\/li>\n<li>V\u011bt\u0161ina cestuj\u00edc\u00edch se m\u016f\u017ee z\u00fa\u010dastnit<\/li>\n<\/ol>\n<h4><b><i>Storno podm\u00ednky<\/i><\/b><\/h4>\n<p>Chcete-li vr\u00e1tit pen\u00edze v pln\u00e9 v\u00fd\u0161i, zru\u0161te rezervaci alespo\u0148 24 hodin p\u0159ed datem zah\u00e1jen\u00ed z\u00e1\u017eitku.<\/p>\n<\/div>\n<\/div>\n<\/div>\n<\/div>\n<\/div>\n<\/div>\n<\/div>\n<\/div>\n<\/div>\n<\/div>\n<\/div>\n<\/div>\n<div class=\"vc_row wpb_row vc_row-fluid\">\n<div class=\"wpb_column vc_column_container vc_col-sm-12\">\n<div class=\"vc_column-inner\">\n<div class=\"wpb_wrapper\">\n<div class=\"vc_empty_space\"><\/div>\n<div class=\"wpb_text_column wpb_content_element\">\n<div class=\"wpb_wrapper\">\n<h4>Kontaktujte n\u00e1s?<\/h4>\n<h5><b><i>PROHL\u00cdDKA VELRYB SAMANA<\/i><\/b><\/h5>\n<p><em><strong>M\u00edstn\u00ed obyvatel\u00e9<\/strong>\u00a0a\u00a0<strong>N\u00e1rodn\u00ed str\u00e1nky<\/strong>\u00a0Pr\u016fvodci a slu\u017eby pro hosty<\/em><\/p>\n<p><span class=\"text-turquoise\">Rezervace:<\/span>\u00a0V\u00fdlety a exkurze v Dom. Rep.<\/p>\n<p><img decoding=\"async\" class=\"emoji\" draggable=\"false\" src=\"https:\/\/s.w.org\/images\/core\/emoji\/11.2.0\/svg\/1f4de.svg\" alt=\"\ud83d\udcde\" \/>\u00a0Tel \/ Whatsapp\u00a0\u00a0<a href=\"tel:+1-809-720-6035\">+1-809-720-6035<\/a>.<\/p>\n<p><img decoding=\"async\" class=\"emoji\" draggable=\"false\" src=\"https:\/\/s.w.org\/images\/core\/emoji\/11.2.0\/svg\/1f4e9.svg\" alt=\"\ud83d\udce9\" \/>\u00a0<a href=\"mailto:info@bookingadventures.com.do\">info@bookingadventures.com.do<\/a><\/p>\n<p><strong>Jsme flexibiln\u00ed nastaven\u00ed soukrom\u00e9 prohl\u00eddky p\u0159es Whatsapp:\u00a0<a href=\"tel:+18097206035\">+18097206035.<\/a><\/strong><\/p>\n<\/div>\n<\/div>\n<\/div>\n<\/div>\n<\/div>\n<\/div>\n\n\t\t<\/div>\n\t<\/div>\n<\/div><\/div><\/div><\/div>","protected":false},"excerpt":{"rendered":"<p>From the Punta Cana hotels, we&#8217;ll enjoy the beautiful landscapes of the Oriental Mountain Range as we drive north of Punta Cana before arriving in the small fishing village of Miches at the southern shores of Samana Bay. There you will enjoy a quick breakfast prior to boarding the boat to Samana. We&#8217;ll cruise deep into the bay to whale watch. We will first reach Cayo Levantado, also known as Bacardi Island because of its close resemblance to the beaches Bacardi Rum once used for its famous commercials. Cayo Levantado is nothing short of a tropical oasis &#8211; a small island in the middle of the ocean with turquoise waters and white sands.<\/p>\n<p>This tour can or not include the stop at\u00a0<strong>Vodop\u00e1d Limon<\/strong>. To book the same trip with the waterfalls please <a href=\"https:\/\/www.ticketswhales.com\/Tours-Excursions\/fees-entrace\/samana-whale-watching-cayo-levantado-bacardi-island-limon-waterfalls-from-punta-cana-hotels\/\">KLIKN\u011aTE ZDE.<\/a><\/p>\n<p>&nbsp;<\/p>\n<p>&nbsp;<\/p>\n<p><em><strong>Please Select the date for The Excursion:<\/strong><\/em><\/p>","protected":false},"featured_media":13576,"template":"","meta":[],"product_brand":[],"product_cat":[749,742,770,462,323,683],"product_tag":[593,339,364,567,463,548,403,343,594,431,349,595,560,474,596,437,483,597,439,598],"class_list":{"0":"post-13990","1":"product","2":"type-product","3":"status-publish","4":"has-post-thumbnail","6":"product_cat-1-punta-cana","7":"product_cat-punta-cana-group-tours","8":"product_cat-punta-cana-whale-watching","9":"product_cat-tours-excursions-punta-cana-dominican-republic","10":"product_cat-tours-excursions-samana-bay-dominican-republic","11":"product_cat-whale-watching-punta-cana","12":"product_tag-593","13":"product_tag-bacardi-island","14":"product_tag-cayo-levantado-day-pass","15":"product_tag-cheap-punta-cana-excursions","16":"product_tag-day-trip-punta-cana","17":"product_tag-half-day-whale-watching-miches","18":"product_tag-private-tours-samana","19":"product_tag-punta-cana","20":"product_tag-punta-cana-activities","21":"product_tag-punta-cana-tours","22":"product_tag-samana-bay","23":"product_tag-samana-day-trip","24":"product_tag-samana-day-trip-from-punta-cana","25":"product_tag-samana-whale-watching","26":"product_tag-whale-punta-cana","27":"product_tag-whale-samana","28":"product_tag-whale-watching-2020","29":"product_tag-whale-watching-2020-in-punta-cana-to-samana-bay-cayo-levantado-bacardi-island-from-hotels","30":"product_tag-whale-watching-dominican-republic","31":"product_tag-whale-watching-punta-cana","33":"first","34":"instock","35":"sale","36":"sold-individually","37":"shipping-taxable","38":"product-type-external"},"_links":{"self":[{"href":"https:\/\/bookingadventures.com.do\/cs\/wp-json\/wp\/v2\/product\/13990","targetHints":{"allow":["GET"]}}],"collection":[{"href":"https:\/\/bookingadventures.com.do\/cs\/wp-json\/wp\/v2\/product"}],"about":[{"href":"https:\/\/bookingadventures.com.do\/cs\/wp-json\/wp\/v2\/types\/product"}],"wp:featuredmedia":[{"embeddable":true,"href":"https:\/\/bookingadventures.com.do\/cs\/wp-json\/wp\/v2\/media\/13576"}],"wp:attachment":[{"href":"https:\/\/bookingadventures.com.do\/cs\/wp-json\/wp\/v2\/media?parent=13990"}],"wp:term":[{"taxonomy":"product_brand","embeddable":true,"href":"https:\/\/bookingadventures.com.do\/cs\/wp-json\/wp\/v2\/product_brand?post=13990"},{"taxonomy":"product_cat","embeddable":true,"href":"https:\/\/bookingadventures.com.do\/cs\/wp-json\/wp\/v2\/product_cat?post=13990"},{"taxonomy":"product_tag","embeddable":true,"href":"https:\/\/bookingadventures.com.do\/cs\/wp-json\/wp\/v2\/product_tag?post=13990"}],"curies":[{"name":"wp","href":"https:\/\/api.w.org\/{rel}","templated":true}]}}