{"id":14063,"date":"2021-11-25T10:26:52","date_gmt":"2021-11-25T10:26:52","guid":{"rendered":"https:\/\/bookingadventures.com.do\/?post_type=product&#038;p=14063"},"modified":"2021-11-25T10:27:09","modified_gmt":"2021-11-25T10:27:09","slug":"el-limon-waterfall-cayo-levantado-from-sosua-or-cabarete-private-tour","status":"publish","type":"product","link":"https:\/\/bookingadventures.com.do\/da\/dominicantour\/el-limon-waterfall-cayo-levantado-from-sosua-or-cabarete-private-tour\/","title":{"rendered":"El Lim\u00f3n-vandfaldet og Cayo Levantado fra Sosua eller Cabarete - privat tur"},"content":{"rendered":"<div class=\"vc_row wpb_row vc_row-fluid\" ><div class=\"wpb_column vc_column_container vc_col-sm-12\"><div class=\"vc_column-inner\"><div class=\"wpb_wrapper\"><div class=\"mkdf-section-title-holder\" style=\"text-align: left\">\n\t<div class=\"mkdf-st-inner\">\n\t\t\t\t\t<h5 class=\"mkdf-st-subtitle\" >\n\t\t\t\tTransport og frokost inkluderet\t\t\t<\/h5>\n\t\t\t\t\t\t\t<h3 class=\"mkdf-st-title\" >\n\t\t\t\tEl Lim\u00f3n-vandfaldet og Cayo Levantado fra Sosua eller Cabarete - privat tur \t\t\t<\/h3>\n\t\t\t\t\t<\/div>\n<\/div><\/div><\/div><\/div><\/div><div class=\"vc_row wpb_row vc_row-fluid\" ><div class=\"wpb_column vc_column_container vc_col-sm-12\"><div class=\"vc_column-inner\"><div class=\"wpb_wrapper\">\n\t<div class=\"wpb_text_column wpb_content_element\" >\n\t\t<div class=\"wpb_wrapper\">\n\t\t\t<h3 class=\"LC20lb\">El Lim\u00f3n-vandfaldet + Cayo Levantado - udflugt Saman\u00e1 heldagstur fra Puerto Plata.<\/h3>\n<h4><b><i>Oversigt <\/i><\/b><\/h4>\n<p>Privat udflugt til El Limon-vandfaldene og Cayo Levantado (Bacardi-\u00f8en) fra Puerto Plata. To aktiviteter p\u00e5 bare \u00e9n dag, hvor du sammen med en lokal guide bes\u00f8ger sk\u00f8nheden i skoven og vandfaldene i El Limon Community. Du kan tage turen til fods eller p\u00e5 hesteryg gennem kaffe- og kokosn\u00f8ddestierne. Efter bes\u00f8get ved El Limon-vandfaldene k\u00f8rer vi til molen i Samana City og tager en b\u00e5d til Cayo Levantado, ogs\u00e5 kaldet Bacardi-\u00f8en. Der spiser vi frokostbuffet, og om eftermiddagen sv\u00f8mmer vi p\u00e5 Cayo Levantado-stranden med mulighed for at snorkle p\u00e5 koralrevene.<\/p>\n<p>Efter denne oplevelse kommer du tilbage til vores m\u00f8dested, hvor vi henter dig i Puerto Plata.<\/p>\n<ul>\n<li style=\"font-weight: 400;\">Gebyrer inkluderet<\/li>\n<li>Frokost<\/li>\n<li>Snacks<\/li>\n<li style=\"font-weight: 400;\">Lokal guide p\u00e5 engelsk eller fransk<\/li>\n<li>Transport<\/li>\n<li>B\u00e5dtur<\/li>\n<\/ul>\n<p>&nbsp;<\/p>\n<h4><b>Inklusioner og eksklusioner<\/b><\/h4>\n<p>&nbsp;<\/p>\n<p><b>Inklusioner<\/b><\/p>\n<ol>\n<li style=\"font-weight: 400;\">El Limon-vandfaldene Vandreture eller ridning<\/li>\n<li>Frokost<\/li>\n<li style=\"font-weight: 400;\"><span style=\"font-weight: 400;\">Alle skatter, afgifter og ekspeditionsgebyrer<\/span><\/li>\n<li style=\"font-weight: 400;\"><span style=\"font-weight: 400;\">Lokale skatter<\/span><\/li>\n<li style=\"font-weight: 400;\"><span style=\"font-weight: 400;\">Drikkevarer<\/span><\/li>\n<li>Snacks<\/li>\n<li style=\"font-weight: 400;\"><span style=\"font-weight: 400;\">Alle aktiviteter<\/span><\/li>\n<li style=\"font-weight: 400;\"><span style=\"font-weight: 400;\">Lokal guide<\/span><\/li>\n<\/ol>\n<p><b> Undtagelser<\/b><\/p>\n<ol>\n<li style=\"font-weight: 400;\"><span style=\"font-weight: 400;\">Drikkepenge<\/span><\/li>\n<li style=\"font-weight: 400;\"><span style=\"font-weight: 400;\">Alkoholiske drikke<\/span><\/li>\n<\/ol>\n<p>&nbsp;<\/p>\n<h4><em><strong>Afrejse og hjemkomst<\/strong><\/em><\/h4>\n<p><span style=\"font-weight: 400;\">Den rejsende vil f\u00e5 et m\u00f8dested efter reservationsprocessen. Turene starter og slutter p\u00e5 dine m\u00f8desteder.<\/span><\/p>\n<h4><\/h4>\n<h3 class=\"LC20lb\">El Lim\u00f3n-vandfaldet + Cayo Levantado - udflugt i Saman\u00e1<\/h3>\n<h4><b><i>Hvad kan man forvente?<\/i><\/b><\/h4>\n<p><em><strong>K\u00f8b dine billetter<\/strong><\/em> for at bes\u00f8ge El limon-vandfaldene plus \u00f8en Cayo Levantado med transfer fra Puerto Plata. Heldagstur. Starter fra Saman\u00e1 med transport til El limon-vandfaldene.<\/p>\n<p>Udflugten, der arrangeres af \"Booking Adventures\", starter ved det m\u00f8dested, der er aftalt med turlederen. Tag med Booking Adventures p\u00e5 private ture til El Limon-vandfaldene med en lokal guide. Ridetur eller vandretur i skoven langs kanten af Lemon-floden, bes\u00f8g p\u00e5 kakao- og kaffeplantager under kokosn\u00f8ddernes skyggefulde palmetr\u00e6er. F\u00f8rst stopper vi ved det lille vandfald, hvor der normalt ikke er mange mennesker, og man kan sv\u00f8mme rundt. Derefter forts\u00e6tter vi til det store vandfald, hvor vi bliver i en time eller mere, hvis du har lyst.<\/p>\n<p>Vi rider eller vandrer tilbage til bilen og k\u00f8rer tilbage til havnen i Samana. Vi g\u00e5r om bord og bes\u00f8ger \u00f8en Bacardi, fordi der venter grillfisk med tostones og salat p\u00e5 os til en smagfuld frokost, eller du kan f\u00e5 andre muligheder som hummer i menuen mod ekstra betaling.<\/p>\n<p>Du er velkommen til at bade p\u00e5 en af de smukkeste strande i Den Dominikanske Republik. Og s\u00e6t tid af til at afslutte turen med vores guide.<\/p>\n<p>&nbsp;<\/p>\n<h4><em><strong>Hvad skal du medbringe?<\/strong><\/em><\/h4>\n<ul>\n<li style=\"font-weight: 400;\"><span style=\"font-weight: 400;\">Kamera<\/span><\/li>\n<li style=\"font-weight: 400;\"><span style=\"font-weight: 400;\">Afvisende knopper<\/span><\/li>\n<li style=\"font-weight: 400;\"><span style=\"font-weight: 400;\">Solcreme<\/span><\/li>\n<li style=\"font-weight: 400;\"><span style=\"font-weight: 400;\">Hat<\/span><\/li>\n<li style=\"font-weight: 400;\"><span style=\"font-weight: 400;\">Komfortable bukser<\/span><\/li>\n<li style=\"font-weight: 400;\"><span style=\"font-weight: 400;\">Vandresko til skoven<\/span><\/li>\n<li style=\"font-weight: 400;\"><span style=\"font-weight: 400;\">Sandaler til for\u00e5rsomr\u00e5derne.<\/span><\/li>\n<li style=\"font-weight: 400;\"><span style=\"font-weight: 400;\">Sv\u00f8mmet\u00f8j<\/span><\/li>\n<\/ul>\n<p>&nbsp;<\/p>\n<h4><b><i>Afhentning af hotel <\/i><\/b><\/h4>\n<p><span style=\"font-weight: 400;\">Der tilbydes ikke afhentning p\u00e5 hotellet p\u00e5 denne tur. <\/span><\/p>\n<p>&nbsp;<\/p>\n<p><b>Bem\u00e6rk:<\/b><span style=\"font-weight: 400;\"> Hvis du booker inden for 24 timer f\u00f8r afgangstidspunktet for turen\/udflugten, kan vi arrangere afhentning p\u00e5 hotellet mod ekstra betaling. N\u00e5r dit k\u00f8b er gennemf\u00f8rt, sender vi dig komplette kontaktoplysninger (telefonnummer, e-mailadresse osv.) til vores lokale guide, s\u00e5 han kan arrangere afhentning.<\/span><\/p>\n<h4><b><i>Yderligere oplysninger Bekr\u00e6ftelse <\/i><\/b><\/h4>\n<ol>\n<li>Billetter er kvitteringen efter betaling af denne tur. Du kan vise betalingen p\u00e5 din telefon.<\/li>\n<li style=\"font-weight: 400;\"><span style=\"font-weight: 400;\">M\u00f8dested vil blive modtaget efter reservationsprocessen.<\/span><\/li>\n<li style=\"font-weight: 400;\"><span style=\"font-weight: 400;\">B\u00f8rn skal ledsages af en voksen.<\/span><\/li>\n<li style=\"font-weight: 400;\"><span style=\"font-weight: 400;\"> Ikke tilg\u00e6ngelig for k\u00f8restolsbrugere <\/span><\/li>\n<li style=\"font-weight: 400;\"><span style=\"font-weight: 400;\">Sp\u00e6db\u00f8rn skal sidde p\u00e5 sk\u00f8det <\/span><\/li>\n<li style=\"font-weight: 400;\"><span style=\"font-weight: 400;\">Anbefales ikke til rejsende med rygproblemer<\/span><\/li>\n<li style=\"font-weight: 400;\"><span style=\"font-weight: 400;\">Anbefales ikke til gravide rejsende <\/span><\/li>\n<li style=\"font-weight: 400;\"><span style=\"font-weight: 400;\"> Ingen hjerteproblemer eller andre alvorlige medicinske tilstande <\/span><\/li>\n<li style=\"font-weight: 400;\"><span style=\"font-weight: 400;\">De fleste rejsende kan deltage<\/span><\/li>\n<\/ol>\n<h4><b><i>Afbestillingsregler<\/i><\/b><\/h4>\n<p><span style=\"font-weight: 400;\">For at f\u00e5 fuld refusion efter gebyrer skal du afbestille mindst 7 dage f\u00f8r startdatoen for oplevelsen. Pengene vil g\u00e5 tabt, hvis reservationen annulleres samme dag som turen.<\/span><\/p>\n\n\t\t<\/div>\n\t<\/div>\n<\/div><\/div><\/div><\/div><div class=\"vc_row wpb_row vc_row-fluid\" ><div class=\"wpb_column vc_column_container vc_col-sm-12\"><div class=\"vc_column-inner\"><div class=\"wpb_wrapper\">\n\t<div class=\"wpb_video_widget wpb_content_element vc_clearfix   vc_video-aspect-ratio-169 vc_video-el-width-100 vc_video-align-left\" >\n\t\t<div class=\"wpb_wrapper\">\n\t\t\t\n\t\t\t<div class=\"wpb_video_wrapper\"><a href=\"https:\/\/www.youtube.com\/watch?v=oWlwxZLQnVU\" target=\"_blank\" rel=\"noopener\">https:\/\/www.youtube.com\/watch?v=oWlwxZLQnVU<\/a><\/div>\n\t\t<\/div>\n\t<\/div>\n<\/div><\/div><\/div><\/div><div class=\"vc_row wpb_row vc_row-fluid\" ><div class=\"wpb_column vc_column_container vc_col-sm-12\"><div class=\"vc_column-inner\"><div class=\"wpb_wrapper\"><div class=\"vc_empty_space\"   style=\"height: 32px\"><span class=\"vc_empty_space_inner\"><\/span><\/div>\n\t<div class=\"wpb_text_column wpb_content_element\" >\n\t\t<div class=\"wpb_wrapper\">\n\t\t\t<h4>Kan du kontakte os?<\/h4>\n<h5>Booking af eventyr<\/h5>\n<p><em><strong>Lokalbefolkningen<\/strong>\u00a0og\u00a0<strong>Nationals<\/strong>\u00a0Turledere og g\u00e6steservice<\/em><\/p>\n<p><span class=\"text-turquoise\">Reservationer:<\/span>\u00a0Ture og udflugter i Dom. Rep.<\/p>\n<p><img decoding=\"async\" class=\"emoji\" draggable=\"false\" src=\"https:\/\/s.w.org\/images\/core\/emoji\/11.2.0\/svg\/1f4de.svg\" alt=\"\ud83d\udcde\" \/>\u00a0Tlf \/ Whatsapp\u00a0\u00a0<a href=\"tel:+1-809-720-6035\">+1-809-720-6035<\/a>.<\/p>\n<p><img decoding=\"async\" class=\"emoji\" draggable=\"false\" src=\"https:\/\/s.w.org\/images\/core\/emoji\/11.2.0\/svg\/1f4e9.svg\" alt=\"\ud83d\udce9\" \/>\u00a0<a href=\"mailto:info@bookingadventures.com.do\">info@bookingadventures.com.do<\/a><\/p>\n<p><strong>Vi er fleksible og arrangerer private ture via Whatsapp:\u00a0<a href=\"tel:+18097206035\">+18097206035.<\/a><\/strong><\/p>\n\n\t\t<\/div>\n\t<\/div>\n<div class=\"vc_empty_space\"   style=\"height: 32px\"><span class=\"vc_empty_space_inner\"><\/span><\/div><\/div><\/div><\/div><\/div>","protected":false},"excerpt":{"rendered":"<p><span class=\"Y2IQFc\" lang=\"en\">Privat udflugt til El Lim\u00f3n og Cayo Levantado-vandfaldene (Bacardi-\u00f8en) fra Sosua eller Cabarete. To aktiviteter p\u00e5 \u00e9n dag, hvor du bes\u00f8ger den smukke skov og vandfaldene i El Lim\u00f3n med en lokal guide. Du kan tage denne tur til fods eller p\u00e5 hesteryg langs kaffe- og kokosn\u00f8ddestierne. Efter bes\u00f8get ved El Lim\u00f3n-vandfaldene g\u00e5r vi til molen i centrum af byen Saman\u00e1 og tager en b\u00e5d til Cayo Levantado, ogs\u00e5 kaldet Bacardi-\u00f8en. Der spiser vi frokostbuffet og sv\u00f8mmer om eftermiddagen p\u00e5 stranden ved Cayo Levantado med mulighed for at snorkle i koralrevene.<\/span><\/p>\n<p>&nbsp;<\/p>\n<p><b>V\u00e6lg datoen for rejsen:\u00a0<\/b><\/p>","protected":false},"featured_media":13671,"template":"","meta":[],"product_brand":[],"product_cat":[740,748,817,467,820,321,323,813],"product_tag":[341,365,468,821,342,428,818,819,469,470,471,344,350,345],"class_list":{"0":"post-14063","1":"product","2":"type-product","3":"status-publish","4":"has-post-thumbnail","6":"product_cat-el-limon-horseback-riding","7":"product_cat-el-limon-samana","8":"product_cat-puerto-plata-tour","9":"product_cat-salto-el-limon-and-bacardi-island","10":"product_cat-sosua-cabarete","11":"product_cat-tours-and-excursions","12":"product_cat-tours-excursions-samana-bay-dominican-republic","13":"product_cat-ultimo2022","14":"product_tag-cayo-levantado","15":"product_tag-cayo-levantado-tour","16":"product_tag-el-limon-tours","17":"product_tag-el-limon-waterfall-cayo-levantado-from-sosua-or-cabarete-private-tour","18":"product_tag-el-limon-waterfalls","19":"product_tag-las-terrenas","20":"product_tag-puerto-plata-excursion","21":"product_tag-puerto-plata-tour","22":"product_tag-salto-el-limon","23":"product_tag-salto-el-limon-hiking","24":"product_tag-salto-el-limon-tour","25":"product_tag-samana","26":"product_tag-samana-excursions","27":"product_tag-samana-tours","29":"first","30":"instock","31":"sale","32":"virtual","33":"sold-individually","34":"purchasable","35":"product-type-simple"},"_links":{"self":[{"href":"https:\/\/bookingadventures.com.do\/da\/wp-json\/wp\/v2\/product\/14063","targetHints":{"allow":["GET"]}}],"collection":[{"href":"https:\/\/bookingadventures.com.do\/da\/wp-json\/wp\/v2\/product"}],"about":[{"href":"https:\/\/bookingadventures.com.do\/da\/wp-json\/wp\/v2\/types\/product"}],"wp:featuredmedia":[{"embeddable":true,"href":"https:\/\/bookingadventures.com.do\/da\/wp-json\/wp\/v2\/media\/13671"}],"wp:attachment":[{"href":"https:\/\/bookingadventures.com.do\/da\/wp-json\/wp\/v2\/media?parent=14063"}],"wp:term":[{"taxonomy":"product_brand","embeddable":true,"href":"https:\/\/bookingadventures.com.do\/da\/wp-json\/wp\/v2\/product_brand?post=14063"},{"taxonomy":"product_cat","embeddable":true,"href":"https:\/\/bookingadventures.com.do\/da\/wp-json\/wp\/v2\/product_cat?post=14063"},{"taxonomy":"product_tag","embeddable":true,"href":"https:\/\/bookingadventures.com.do\/da\/wp-json\/wp\/v2\/product_tag?post=14063"}],"curies":[{"name":"wp","href":"https:\/\/api.w.org\/{rel}","templated":true}]}}