{"id":14049,"date":"2021-11-25T10:26:51","date_gmt":"2021-11-25T10:26:51","guid":{"rendered":"https:\/\/bookingadventures.com.do\/?post_type=product&#038;p=14049"},"modified":"2021-11-25T10:27:01","modified_gmt":"2021-11-25T10:27:01","slug":"samana-whales-tour-with-bacardi-island-and-limon-waterfall","status":"publish","type":"product","link":"https:\/\/bookingadventures.com.do\/de\/dominicantour\/samana-wal-tour-mit-bacardi-insel-und-limon-wasserfall\/","title":{"rendered":"Samana Whales Tour mit Bacardi Insel und Limon Wasserfall"},"content":{"rendered":"<p><span style=\"vertical-align: inherit;\"><span style=\"vertical-align: inherit;\"><div class=\"vc_row wpb_row vc_row-fluid\" > <div class=\"wpb_column vc_column_container vc_col-sm-12\"><div class=\"vc_column-inner\"><div class=\"wpb_wrapper\"> <div class=\"mkdf-section-title-holder\" style=\"text-align: left\">\n\t<div class=\"mkdf-st-inner\">\n\t\t\t\t\t<h5 class=\"mkdf-st-subtitle\" >\n\t\t\t\tCayo Levantado (Isla Bacard\u00ed) + Cascadas de Lim\u00f3n desde los hoteles de Punta Cana . \t\t\t<\/h5>\n\t\t\t\t\t\t\t<h3 class=\"mkdf-st-title\" >\n\t\t\t\tAvistamiento de ballenas 2020 en Punta Cana a la bah\u00eda de Saman\u00e1\t\t\t<\/h3>\n\t\t\t\t\t<\/div>\n<\/div> [\/ vc_column] [\/ vc_row] <div class=\"vc_row wpb_row vc_row-fluid\" ><\/div> <div class=\"wpb_column vc_column_container vc_col-sm-12\"><div class=\"vc_column-inner\"><div class=\"wpb_wrapper\"><\/div><\/div><\/div> \n\t<div class=\"wpb_text_column wpb_content_element\" >\n\t\t<div class=\"wpb_wrapper\">\n\t\t\t<p><\/span><\/span><\/p>\n<div class=\"vc_row wpb_row vc_row-fluid\">\n<div class=\"wpb_column vc_column_container vc_col-sm-12\">\n<div class=\"vc_column-inner\">\n<div class=\"wpb_wrapper\">\n<div class=\"wpb_text_column wpb_content_element\">\n<div class=\"wpb_wrapper\">\n<div class=\"vc_row wpb_row vc_row-fluid\">\n<div class=\"wpb_column vc_column_container vc_col-sm-12\">\n<div class=\"vc_column-inner\">\n<div class=\"wpb_wrapper\">\n<div class=\"wpb_text_column wpb_content_element\">\n<div class=\"wpb_wrapper\">\n<h4><b><i><span style=\"vertical-align: inherit;\"><span style=\"vertical-align: inherit;\">Allgemeine Ansicht<\/span><\/span><img decoding=\"async\" class=\"emoji\" draggable=\"false\" src=\"https:\/\/s.w.org\/images\/core\/emoji\/12.0.0-1\/svg\/1f433.svg\" alt=\"\ud83d\udc33\" \/><\/i><\/b><\/h4>\n<p>Whale Punta Cana, Walbeobachtung in der Saman\u00e1-Bucht und Besuch von Cayo Levantado plus Safari zu den El Limon-Wasserf\u00e4llen w\u00e4hrend dieses ganzt\u00e4gigen Ausflugs von Punta Cana Hotels. Fahren Sie an Bord eines komfortablen, klimatisierten Reisebusses zur Bucht von Saman\u00e1 und steigen Sie dann in Miches auf einen Katamaran um. Fahren Sie hinaus auf das offene Wasser, um nach Buckelwalen Ausschau zu halten, die in dieser Gegend br\u00fcten und ihre K\u00e4lber zur Welt bringen. Erfahren Sie von Ihrem erfahrenen Naturf\u00fchrer mehr \u00fcber das Verhalten und die Biologie dieser Meeress\u00e4uger. Fahren Sie weiter nach Cayo Levantado \/ Bacardi Island, um am Strand zu Mittag zu essen und nach diesem Safari-Ausflug zu den Limon-Wasserf\u00e4llen ein Bad im azurblauen Wasser zu nehmen, bevor Sie nach Punta Cana zur\u00fcckkehren.<\/p>\n<p>&nbsp;<\/p>\n<p><strong>Anmerkung:<\/strong> Diese Tour ist nicht privat. Diese Tour hat den Halt in folgenden Orten eingeschlossen <strong>Limon-Wasserfall<\/strong>. Um die gleiche Reise zu buchen und nicht zu den Wasserf\u00e4llen gehen bitte <a href=\"https:\/\/www.ticketswhales.com\/Tours-Excursions\/tours-excursions-samana-bay-dominican-republic\/whale-watching-2020-in-punta-cana-to-samana-bay-cayo-levantado-bacardi-island-from-hotels\/\" target=\"_blank\" rel=\"noopener\">HIER KLICKEN.<\/a><\/p>\n<ul>\n<li>Walbeobachtungstour<\/li>\n<li>Bacardi-Insel \/ Cayo Levantado<\/li>\n<li>Eintrittsgelder f\u00fcr die Sternwarte<\/li>\n<li>Samana Safari<\/li>\n<li>El Limon Wasserf\u00e4lle Pferde Reiten<\/li>\n<li>Inklusive Mittagsbuffet am Strand<\/li>\n<li>Bootstransfer<\/li>\n<li>Der Kapit\u00e4n gibt Anweisungen und beaufsichtigt<\/li>\n<li>Reisef\u00fchrer<\/li>\n<\/ul>\n<p>&nbsp;<\/p>\n<h4><b>Einschl\u00fcsse &amp; Ausschl\u00fcsse<\/b><\/h4>\n<p>&nbsp;<\/p>\n<p><b>Einschl\u00fcsse<\/b><\/p>\n<p>&nbsp;<\/p>\n<ol>\n<li>Mittagsbuffet am Strand<\/li>\n<li>Transfer von Hotels<\/li>\n<li>Reisef\u00fchrer<\/li>\n<li>Katamaran oder Bootsfahrt<\/li>\n<li>Alle Steuern, Geb\u00fchren und Bearbeitungskosten<\/li>\n<li>Lokale Steuern<\/li>\n<li>Getr\u00e4nke<\/li>\n<\/ol>\n<p><b>Ausschl\u00fcsse<\/b><\/p>\n<ol>\n<li>Trinkgelder<\/li>\n<\/ol>\n<p>&nbsp;<\/p>\n<h4><em><strong>Abreise und R\u00fcckkehr<\/strong><\/em><\/h4>\n<p>F\u00fcr diese Tour wird eine Hotelabholung angeboten. Schreiben Sie einfach den Namen des Hotels, das Sie abholen soll, in die Anmerkungen. Wir holen Sie in allen Hotels in Punta Cana ab.<\/p>\n<p>&nbsp;<\/p>\n<h3>Samana Whale Watching + Cayo Levantado (Bacardi Island) + Limon Waterfalls von Punta Cana Hotels.<\/h3>\n<h4><b><i>Was ist zu erwarten?<\/i><\/b><\/h4>\n<p>Kommen Sie den sanften Riesen des Meeres in der Dominikanischen Republik auf diesem 12-st\u00fcndigen Ausflug zur Buckelwalbeobachtung in der Bucht von S\u00e1mana ganz nah. Verbringen Sie einen unvergesslichen Tag mit der Beobachtung tausender Wale, die sich jedes Jahr auf der Insel einfinden, um sich zu paaren, zu fressen und in den warmen tropischen Gew\u00e4ssern zu spielen. W\u00e4hrend Sie diese wundersch\u00f6nen Tiere beobachten, erhalten Sie einzigartige Einblicke von Ihrem erfahrenen Whale-Watching-Guide. Beenden Sie den Tag mit einem Mittagessen und einem Strandaufenthalt auf der wundersch\u00f6nen Insel Cayo Levantado. Die Hin- und R\u00fcckfahrt zum Hotel ist ebenfalls inbegriffen.<\/p>\n<p>Von 9:00 Uhr bis 12:00 Uhr Walbeobachtung und danach besuchen wir die Bacardi Insel \/ Cayo Levantado. Auf Bacardi Island wird ein typisch dominikanisches Mittagsbuffet angeboten (Reis, Bohnen, Fisch, Salate...). Wenn das Mittagessen beendet ist, k\u00f6nnen Sie schwimmen und sich f\u00fcr den Besuch der El Limon Wasserf\u00e4lle bis 16:30 Uhr bereit machen. Die Tour endet um 17:00 Uhr am gleichen Hafen, von wo aus wir mit unserem Katamaran und dem Bus zur\u00fcck zu den Hotels in Punta Cana fahren.<\/p>\n<p><strong>Zeitplan:<\/strong><\/p>\n<p>6:00 - 7:00 Abholung der Kunden von den verschiedenen Hotels<br \/>\n07:00 Abfahrt nach Las Canitas in Sabana de la mar<br \/>\n08:15 Ankunft am privaten Hafenbecken<br \/>\n08:15 - 8:40 Fr\u00fchst\u00fcckszeit (belegte Br\u00f6tchen, Muffins, Tee, Kaffee, S\u00e4fte)<br \/>\n8:45 Uhr Einschiffung zur Fahrt in das Heiligtum der Buckelwale in Samana<br \/>\n11:00 Suche nach den Walen f\u00fcr einen Zeitraum von 45 Minuten - Dies ist das Timing von der Regierung Regeln folgen.<br \/>\n11:45 Uhr Fahrt nach Cayo Levantado in der Bucht von Samana<br \/>\n12:30 Ankunft in Cayo Levantado<br \/>\n13:00 Mittagessen (Mittagsbuffet, typisch dominikanisch)*<br \/>\n13:45 - 15:30 Freizeit in Cayo Levantado<br \/>\n15:00 - 15:45 Wieder an Bord und zur\u00fcck nach Miches<br \/>\n17:00 Ankunft in Miches und Abfahrt zu den Hotels in Punta Cana<br \/>\n19:30 - 20:00 Ankunft in den Hotels in Punta Cana<\/p>\n<p><strong>*Mittagsmen\u00fc (typisch dominikanisch)<br \/>\n<\/strong>Reis, gegrilltes H\u00e4hnchen oder gegrillter Fisch, Salat, Gem\u00fcse, frisches Obst.<\/p>\n<p><strong>*Kunden, die nach der Walbeobachtung noch einen Stopp am Wasserfall El Limon einplanen, fahren zum Wasserfall und haben weniger Zeit in Cayo Levantado zu verbringen.<\/strong><\/p>\n<p>Diese Tour f\u00fchrte unter anderem zu folgenden Stationen <strong>Limon-Wasserfall<\/strong>. Um die gleiche Reise zu buchen und nicht zu den Wasserf\u00e4llen gehen bitte <a href=\"https:\/\/www.ticketswhales.com\/Tours-Excursions\/tours-excursions-samana-bay-dominican-republic\/whale-watching-2020-in-punta-cana-to-samana-bay-cayo-levantado-bacardi-island-from-hotels\/\" target=\"_blank\" rel=\"noopener\">HIER KLICKEN.<\/a><\/p>\n<p>&nbsp;<\/p>\n<h4><em><strong>Was sollten Sie mitbringen?<\/strong><\/em><\/h4>\n<ul>\n<li>Kamera<\/li>\n<li>Absto\u00dfende Knospen<\/li>\n<li>Sonnencreme<\/li>\n<li>Hut<\/li>\n<li>Bequeme Hosen<\/li>\n<li>Sandalen f\u00fcr den Strand<\/li>\n<li>Schwimmbekleidung<\/li>\n<li>Bargeld f\u00fcr Souvenirs und Trinkgeld<\/li>\n<\/ul>\n<p>&nbsp;<\/p>\n<h4><b><i>Hotel Abholung<\/i><\/b><\/h4>\n<p>F\u00fcr diese Tour wird eine Hotelabholung angeboten. Schreiben Sie einfach den Namen des Hotels, das Sie abholen soll, in die Anmerkungen. Wir holen Sie in allen Hotels in Punta Cana ab.<\/p>\n<p>&nbsp;<\/p>\n<p><b>Anmerkung:<\/b> Wenn Sie innerhalb von 24 Stunden vor der Abfahrtszeit der Tour\/Exkursion buchen, k\u00f6nnen wir die Abholung vom Hotel arrangieren. Sobald Ihr Kauf abgeschlossen ist, senden wir Ihnen die vollst\u00e4ndigen Kontaktinformationen (Telefonnummer, E-Mail-Adresse, etc.) f\u00fcr unseren lokalen Reiseleiter, um die Abholung zu organisieren.<\/p>\n<h4><b><i>Zus\u00e4tzliche Informationen Best\u00e4tigung<\/i><\/b><\/h4>\n<ol>\n<li>Die Tickets sind die Quittung nach der Bezahlung dieser Tour. Sie k\u00f6nnen die Zahlung auf Ihrem Telefon zeigen.<\/li>\n<li>Der Treffpunkt wird nach der Reservierung mitgeteilt.<\/li>\n<li>Kinder m\u00fcssen von einem Erwachsenen begleitet werden.<\/li>\n<li>rollstuhlgerecht<\/li>\n<li>Kleinkinder m\u00fcssen auf dem Scho\u00df sitzen<\/li>\n<li>Die meisten Reisenden k\u00f6nnen teilnehmen<\/li>\n<\/ol>\n<h4><b><i>Stornierungspolitik<\/i><\/b><\/h4>\n<p>F\u00fcr eine vollst\u00e4ndige R\u00fcckerstattung stornieren Sie bitte mindestens 24 Stunden vor Beginn des Erlebnisses.<\/p>\n<\/div>\n<\/div>\n<\/div>\n<\/div>\n<\/div>\n<\/div>\n<\/div>\n<\/div>\n<\/div>\n<\/div>\n<\/div>\n<\/div>\n<div class=\"vc_row wpb_row vc_row-fluid\">\n<div class=\"wpb_column vc_column_container vc_col-sm-12\">\n<div class=\"vc_column-inner\">\n<div class=\"wpb_wrapper\">\n<div class=\"vc_empty_space\"><\/div>\n<div class=\"wpb_text_column wpb_content_element\">\n<div class=\"wpb_wrapper\">\n<h4>Kontakt aufnehmen?<\/h4>\n<h5><b><i>TOUR WALE SAMANA<\/i><\/b><\/h5>\n<p><em><strong>Einheimische<\/strong>\u00a0und\u00a0<strong>Nationals<\/strong>\u00a0Reiseleiter &amp; G\u00e4steservice<\/em><\/p>\n<p><span class=\"text-turquoise\">Reservierungen:<\/span>\u00a0Touren &amp; Ausfl\u00fcge in Dom. Rep.<\/p>\n<p><img decoding=\"async\" class=\"emoji\" draggable=\"false\" src=\"https:\/\/s.w.org\/images\/core\/emoji\/11.2.0\/svg\/1f4de.svg\" alt=\"\ud83d\udcde\" \/>\u00a0Telefon \/ Whatsapp\u00a0\u00a0<a href=\"tel:+1-809-720-6035\">+1-809-720-6035<\/a>.<\/p>\n<p><img decoding=\"async\" class=\"emoji\" draggable=\"false\" src=\"https:\/\/s.w.org\/images\/core\/emoji\/11.2.0\/svg\/1f4e9.svg\" alt=\"\ud83d\udce9\" \/>\u00a0<a href=\"mailto:info@bookingadventures.com.do\">info@bookingadventures.com.do<\/a><\/p>\n<p><strong>Wir sind flexibel und stellen private Touren per Whatsapp ein:\u00a0<a href=\"tel:+18097206035\">+18097206035.<\/a><\/strong><\/p>\n<\/div>\n<\/div>\n<\/div>\n<\/div>\n<\/div>\n<\/div>\n\n\t\t<\/div>\n\t<\/div>\n<\/div><\/div><\/div><\/div>","protected":false},"excerpt":{"rendered":"<p><span style=\"vertical-align: inherit;\"><span style=\"vertical-align: inherit;\">Von den Hotels in Punta Cana aus genie\u00dfen wir die herrlichen Landschaften der Cordillera Oriental, w\u00e4hrend wir in den Norden von Punta Cana fahren, um dann zu dem kleinen Fischerdorf Miches an der K\u00fcste der Bah\u00eda de Saman\u00e1 zu gelangen. <\/span><span style=\"vertical-align: inherit;\">Dort k\u00f6nnen Sie ein schnelles Mittagessen genie\u00dfen, bevor Sie die Bar in Richtung Saman\u00e1 betreten. <\/span><span style=\"vertical-align: inherit;\">Navegaremos hasta las profundades de la bah\u00eda para observar ballenas. <\/span><span style=\"vertical-align: inherit;\">Wir fahren zun\u00e4chst zur Cayo Levantado, die auch als Isla Bacard\u00ed bekannt ist, weil sie mit den Playas, die einst f\u00fcr ihre ber\u00fchmten Handelsgesch\u00e4fte genutzt wurden, sehr \u00e4hnlich ist. <\/span><span style=\"vertical-align: inherit;\">Cayo Levantado ist nichts anderes als eine tropische Oase, eine kleine Insel inmitten des Ozeans mit t\u00fcrkisfarbenem Wasser und wei\u00dfen Feldern. <\/span><span style=\"vertical-align: inherit;\">Despu\u00e9s de esto un safari en la comunidad de Saman\u00e1 a las cascadas. <\/span><span style=\"vertical-align: inherit;\">In den Katarakten wird die Limone vorbereitet, um ein Pferd zu fangen oder einen Sender zu machen. <\/span><span style=\"vertical-align: inherit;\">Esta es una aventura \u00fanica completa.<\/span><\/span><\/p>\n<p><span style=\"vertical-align: inherit;\"><span style=\"vertical-align: inherit;\">Diese Tour beinhaltete auch den Paradeplatz in der <\/span><\/span><strong><span style=\"vertical-align: inherit;\"><span style=\"vertical-align: inherit;\">Kaskade von Lim\u00f3n<\/span><\/span><\/strong><span style=\"vertical-align: inherit;\"><span style=\"vertical-align: inherit;\"> . <\/span><span style=\"vertical-align: inherit;\">Um die gleiche Reise zu reservieren und nicht zu den Kaskaden zu gehen, bitte <\/span><\/span><a href=\"https:\/\/www.ticketswhales.com\/Tours-Excursions\/tours-excursions-samana-bay-dominican-republic\/whale-watching-2020-in-punta-cana-to-samana-bay-cayo-levantado-bacardi-island-from-hotels\/\"><span style=\"vertical-align: inherit;\"><span style=\"vertical-align: inherit;\">HAGA CLIC AQU\u00cd.<\/span><\/span><\/a><\/p>\n<p>&nbsp;<\/p>\n<p><em><strong><span style=\"vertical-align: inherit;\"><span style=\"vertical-align: inherit;\">W\u00e4hlen Sie das Datum des Ausflugs:<\/span><\/span><\/strong><\/em><\/p>","protected":false},"featured_media":13575,"template":"","meta":[],"product_brand":[],"product_cat":[749,744,747,748,319,683],"product_tag":[593,339,364,567,463,486,548,623,403,343,594,431,349,595,560,474,624,596,437,483,597,439,598],"class_list":{"0":"post-14049","1":"product","2":"type-product","3":"status-publish","4":"has-post-thumbnail","6":"product_cat-1-punta-cana","7":"product_cat-1-samana","8":"product_cat-el-limon-hiking","9":"product_cat-el-limon-samana","10":"product_cat-fees-entrace","11":"product_cat-whale-watching-punta-cana","12":"product_tag-593","13":"product_tag-bacardi-island","14":"product_tag-cayo-levantado-day-pass","15":"product_tag-cheap-punta-cana-excursions","16":"product_tag-day-trip-punta-cana","17":"product_tag-el-limon-waterfall-and-bacardi-island-tour-from-punta-cana","18":"product_tag-half-day-whale-watching-miches","19":"product_tag-limon-from-punta-cana","20":"product_tag-private-tours-samana","21":"product_tag-punta-cana","22":"product_tag-punta-cana-activities","23":"product_tag-punta-cana-tours","24":"product_tag-samana-bay","25":"product_tag-samana-day-trip","26":"product_tag-samana-day-trip-from-punta-cana","27":"product_tag-samana-whale-watching","28":"product_tag-waterfalls-punta-cana","29":"product_tag-whale-punta-cana","30":"product_tag-whale-samana","31":"product_tag-whale-watching-2020","32":"product_tag-whale-watching-2020-in-punta-cana-to-samana-bay-cayo-levantado-bacardi-island-from-hotels","33":"product_tag-whale-watching-dominican-republic","34":"product_tag-whale-watching-punta-cana","36":"first","37":"instock","38":"sale","39":"virtual","40":"sold-individually","41":"purchasable","42":"product-type-simple"},"_links":{"self":[{"href":"https:\/\/bookingadventures.com.do\/de\/wp-json\/wp\/v2\/product\/14049","targetHints":{"allow":["GET"]}}],"collection":[{"href":"https:\/\/bookingadventures.com.do\/de\/wp-json\/wp\/v2\/product"}],"about":[{"href":"https:\/\/bookingadventures.com.do\/de\/wp-json\/wp\/v2\/types\/product"}],"wp:featuredmedia":[{"embeddable":true,"href":"https:\/\/bookingadventures.com.do\/de\/wp-json\/wp\/v2\/media\/13575"}],"wp:attachment":[{"href":"https:\/\/bookingadventures.com.do\/de\/wp-json\/wp\/v2\/media?parent=14049"}],"wp:term":[{"taxonomy":"product_brand","embeddable":true,"href":"https:\/\/bookingadventures.com.do\/de\/wp-json\/wp\/v2\/product_brand?post=14049"},{"taxonomy":"product_cat","embeddable":true,"href":"https:\/\/bookingadventures.com.do\/de\/wp-json\/wp\/v2\/product_cat?post=14049"},{"taxonomy":"product_tag","embeddable":true,"href":"https:\/\/bookingadventures.com.do\/de\/wp-json\/wp\/v2\/product_tag?post=14049"}],"curies":[{"name":"wp","href":"https:\/\/api.w.org\/{rel}","templated":true}]}}