{"id":14011,"date":"2021-11-25T10:26:32","date_gmt":"2021-11-25T10:26:32","guid":{"rendered":"https:\/\/bookingadventures.com.do\/?post_type=product&#038;p=14011"},"modified":"2024-11-13T08:53:40","modified_gmt":"2024-11-13T08:53:40","slug":"snorkel-cayo-levantado-and-farola-island-snorkeling","status":"publish","type":"product","link":"https:\/\/bookingadventures.com.do\/es\/dominicantour\/snorkel-cayo-levantado-isla-farola-snorkeling\/","title":{"rendered":"Snorkel Cayo Levantado e Isla Farola Snorkel"},"content":{"rendered":"<div class=\"vc_row wpb_row vc_row-fluid\" ><div class=\"wpb_column vc_column_container vc_col-sm-12\"><div class=\"vc_column-inner\"><div class=\"wpb_wrapper\"><div class=\"vc_empty_space\"   style=\"height: 32px\"><span class=\"vc_empty_space_inner\"><\/span><\/div><div class=\"mkdf-section-title-holder\" style=\"text-align: left\">\n\t<div class=\"mkdf-st-inner\">\n\t\t\t\t\t<h5 class=\"mkdf-st-subtitle\" >\n\t\t\t\tDesde el puerto de Saman\u00e1 Tour Privado\t\t\t<\/h5>\n\t\t\t\t\t\t\t<h3 class=\"mkdf-st-title\" >\n\t\t\t\tSnorkel Cayo Levantado e Isla Farola Snorkel \t\t\t<\/h3>\n\t\t\t\t\t<\/div>\n<\/div><div class=\"vc_empty_space\"   style=\"height: 32px\"><span class=\"vc_empty_space_inner\"><\/span><\/div><\/div><\/div><\/div><\/div><div class=\"vc_row wpb_row vc_row-fluid\" ><div class=\"wpb_column vc_column_container vc_col-sm-12\"><div class=\"vc_column-inner\"><div class=\"wpb_wrapper\">\n\t<div class=\"wpb_text_column wpb_content_element\" >\n\t\t<div class=\"wpb_wrapper\">\n\t\t\t<div class=\"vc_row wpb_row vc_row-fluid\">\n<div class=\"wpb_column vc_column_container vc_col-sm-12\">\n<div class=\"vc_column-inner\">\n<div class=\"wpb_wrapper\">\n<div class=\"wpb_text_column wpb_content_element\">\n<div class=\"wpb_wrapper\">\n<div class=\"vc_row wpb_row vc_row-fluid\">\n<div class=\"wpb_column vc_column_container vc_col-sm-12\">\n<div class=\"vc_column-inner\">\n<div class=\"wpb_wrapper\">\n<div class=\"wpb_text_column wpb_content_element\">\n<div class=\"wpb_wrapper\">\n<h4><b><i>Visi\u00f3n general<\/i><\/b><\/h4>\n<p>Recorreremos la isla de Cayo Levantado y Farola, unas peque\u00f1as islas especiales en la bah\u00eda de Saman\u00e1 que albergan una extraordinaria vida marina, \u00a1incluidas tortugas, ballenas jorobadas, langostas y delfines!<\/p>\n<p><strong>Nota:<\/strong> Este tour es privado. (Solo usted, su familia o amigos y el gu\u00eda).<\/p>\n<p>&nbsp;<\/p>\n<h4><b>Inclusiones y exclusiones<\/b><\/h4>\n<p>&nbsp;<\/p>\n<p><b>Incluye<\/b><\/p>\n<p>&nbsp;<\/p>\n<ol>\n<li>Gu\u00eda tur\u00edstica<\/li>\n<li>Viaje en barco<\/li>\n<li>Chaleco salvavidas<\/li>\n<li>Kit de snorkel<\/li>\n<li>Todos los impuestos, tasas y gastos de tramitaci\u00f3n<\/li>\n<li>Impuestos locales<\/li>\n<li>Bebidas (botella de agua por persona)<\/li>\n<\/ol>\n<p><b>Exclusiones<\/b><\/p>\n<ol>\n<li>Propinas<\/li>\n<li>Almuerzo (Coste extra 15 USD) por persona.<\/li>\n<li>Almuerzo con Langostas ( Coste Extra 25 USD) Por persona.<\/li>\n<li>Coche de traslado<\/li>\n<li>Bebidas alcoh\u00f3licas<\/li>\n<\/ol>\n<p>&nbsp;<\/p>\n<h4><em><strong>Salida y regreso<\/strong><\/em><\/h4>\n<p>Este viaje comienza a las 8:03 am y termina alrededor de las 12:15 pm. Pero debido a que ser\u00e1 un viaje privado se puede establecer el tiempo para iniciar y terminar.<\/p>\n<p>El viajero obtendr\u00e1 un punto de encuentro tras el proceso de reserva. Los tours comienzan y terminan en nuestros puntos de encuentro.<\/p>\n<p>&nbsp;<\/p>\n<h4><b><i>\u00bfQu\u00e9 esperar?<\/i><\/b><\/h4>\n<p>Excursi\u00f3n de Snorkel con un Gu\u00eda Experto para disfrutar de la fauna marina desde la superficie, con aletas y m\u00e1scara; Descubriremos la paradis\u00edaca isla de Cayo Levantado, haciendo snorkel en dos lugares diferentes durante el trayecto y disfrutando de esta fascinante playa que no tiene acceso a veh\u00edculos (Duraci\u00f3n 4 horas).<\/p>\n<p>Saldremos desde el punto de encuentro en el Puerto Principal de Saman\u00e1 a las 8:30 de la ma\u00f1ana, despu\u00e9s de 25 minutos de navegaci\u00f3n llegaremos al primer punto de snorkel llamado Cayo Farola, haremos snorkel 45 minutos y continuaremos hasta la playa de Cayo Levantado, donde podremos nadar. , hacer un poco m\u00e1s de snorkeling, o simplemente disfrutar de esta incre\u00edble playa.<\/p>\n<p>Disfrutaremos de un bocadillo, ron, refresco y agua y a las 12 del d\u00eda regresaremos al puerto de Saman\u00e1 o nos alojaremos en Cayo levantado. Despu\u00e9s regresaremos al punto de partida. Otras cosas a tener en cuenta todas las excursiones se realizan en barco.<\/p>\n<p><strong>Horario:<\/strong><\/p>\n<p>8:30 H - 12:15 H<\/p>\n<p>&nbsp;<\/p>\n<h4><em><strong>\u00bfQu\u00e9 debe llevar?<\/strong><\/em><\/h4>\n<ul>\n<li>C\u00e1mara<\/li>\n<li>Toalla<\/li>\n<li>Protecci\u00f3n solar<\/li>\n<li>Sombrero<\/li>\n<li>Pantalones y zapatos c\u00f3modos<\/li>\n<li>Sandalias a la playa<\/li>\n<li>Ropa de ba\u00f1o<\/li>\n<li>Dinero para souvenirs<\/li>\n<\/ul>\n<p>&nbsp;<\/p>\n<h4><b><i>Recogida en el hotel<\/i><\/b><\/h4>\n<p>Para esta excursi\u00f3n no se ofrece recogida en el hotel.<\/p>\n<p>&nbsp;<\/p>\n<p><b>Nota:<\/b>\u00a0si realiza la reserva dentro de las 24 horas anteriores a la hora de salida del tour\/excursi\u00f3n, podemos organizar la recogida en el hotel con cargo adicional. Una vez realizada la compra, le enviaremos toda la informaci\u00f3n de contacto (n\u00famero de tel\u00e9fono, direcci\u00f3n de correo electr\u00f3nico, etc.) para que nuestro gu\u00eda local organice la recogida.<\/p>\n<h4><b><i>Informaci\u00f3n adicional Confirmaci\u00f3n<\/i><\/b><\/h4>\n<ol>\n<li>Las entradas son el recibo despu\u00e9s de pagar este Tour. Puede mostrar el pago en su tel\u00e9fono.<\/li>\n<li>El punto de encuentro se recibir\u00e1 despu\u00e9s del proceso de reserva.<\/li>\n<li>Los ni\u00f1os deben ir acompa\u00f1ados de un adulto.<\/li>\n<li>accesible en silla de ruedas<\/li>\n<li>Los beb\u00e9s deben sentarse en el regazo<\/li>\n<li>La mayor\u00eda de los viajeros pueden participar<\/li>\n<\/ol>\n<h4><b><i>Pol\u00edtica de cancelaci\u00f3n<\/i><\/b><\/h4>\n<p>Para obtener un reembolso completo, cancele la reserva al menos 24 horas antes de la fecha de inicio de la experiencia.<\/p>\n<\/div>\n<\/div>\n<\/div>\n<\/div>\n<\/div>\n<\/div>\n<\/div>\n<\/div>\n<\/div>\n<\/div>\n<\/div>\n<\/div>\n<div class=\"vc_row wpb_row vc_row-fluid\">\n<div class=\"wpb_column vc_column_container vc_col-sm-12\">\n<div class=\"vc_column-inner\">\n<div class=\"wpb_wrapper\">\n<div class=\"vc_empty_space\"><\/div>\n<div class=\"wpb_text_column wpb_content_element\">\n<div class=\"wpb_wrapper\">\n<h4>\u00bfContactar con nosotros?<\/h4>\n<h5><b><i>Reservar Aventuras<\/i><\/b><\/h5>\n<p><em><strong>Locales<\/strong>\u00a0y\u00a0<strong>Nacionales<\/strong>\u00a0Gu\u00edas tur\u00edsticos y servicios para hu\u00e9spedes<\/em><\/p>\n<p><span class=\"text-turquoise\">Reservas:<\/span>\u00a0Visitas y excursiones en Dom. Rep. Dom.<\/p>\n<p><img decoding=\"async\" class=\"emoji\" draggable=\"false\" src=\"https:\/\/s.w.org\/images\/core\/emoji\/11.2.0\/svg\/1f4de.svg\" alt=\"\ud83d\udcde\" \/>\u00a0Tel \/ Whatsapp\u00a0\u00a0<a href=\"tel:+1-809-720-6035\">+1-809-720-6035<\/a>.<\/p>\n<p><img decoding=\"async\" class=\"emoji\" draggable=\"false\" src=\"https:\/\/s.w.org\/images\/core\/emoji\/11.2.0\/svg\/1f4e9.svg\" alt=\"\ud83d\udce9\" \/>\u00a0<a href=\"mailto:info@bookingadventures.com.do\">info@bookingadventures.com.do<\/a><\/p>\n<p><strong>Somos Flexibles Fijando Tours Privados por Whatsapp:\u00a0<a href=\"tel:+18097206035\">+18097206035.<\/a><\/strong><\/p>\n<\/div>\n<\/div>\n<\/div>\n<\/div>\n<\/div>\n<\/div>\n\n\t\t<\/div>\n\t<\/div>\n<\/div><\/div><\/div><\/div>","protected":false},"excerpt":{"rendered":"<p>Discover the vibrant underwater world of Cayo Levantado and Farola Island with our exclusive snorkeling tours! Immerse yourself in crystal-clear Caribbean waters as you explore colorful coral reefs teeming with tropical fish and marine life. Perfect for beginners and experienced snorkelers, our guided excursions provide all the gear you need and expert insights into the unique ecosystems of the Dominican Republic. Join us for a breathtaking day of adventure, relaxation, and natural beauty on this unforgettable snorkeling experience at two of the region\u2019s best snorkeling destinations<\/p>","protected":false},"featured_media":13533,"template":"","meta":[],"product_brand":[],"product_cat":[744,323],"product_tag":[339,364,403,345,474,557,437],"class_list":{"0":"post-14011","1":"product","2":"type-product","3":"status-publish","4":"has-post-thumbnail","6":"product_cat-1-samana","7":"product_cat-tours-excursions-samana-bay-dominican-republic","8":"product_tag-bacardi-island","9":"product_tag-cayo-levantado-day-pass","10":"product_tag-private-tours-samana","11":"product_tag-samana-tours","12":"product_tag-samana-whale-watching","13":"product_tag-snorkeling","14":"product_tag-whale-samana","16":"first","17":"instock","18":"sale","19":"sold-individually","20":"shipping-taxable","21":"product-type-external"},"_links":{"self":[{"href":"https:\/\/bookingadventures.com.do\/es\/wp-json\/wp\/v2\/product\/14011","targetHints":{"allow":["GET"]}}],"collection":[{"href":"https:\/\/bookingadventures.com.do\/es\/wp-json\/wp\/v2\/product"}],"about":[{"href":"https:\/\/bookingadventures.com.do\/es\/wp-json\/wp\/v2\/types\/product"}],"wp:featuredmedia":[{"embeddable":true,"href":"https:\/\/bookingadventures.com.do\/es\/wp-json\/wp\/v2\/media\/13533"}],"wp:attachment":[{"href":"https:\/\/bookingadventures.com.do\/es\/wp-json\/wp\/v2\/media?parent=14011"}],"wp:term":[{"taxonomy":"product_brand","embeddable":true,"href":"https:\/\/bookingadventures.com.do\/es\/wp-json\/wp\/v2\/product_brand?post=14011"},{"taxonomy":"product_cat","embeddable":true,"href":"https:\/\/bookingadventures.com.do\/es\/wp-json\/wp\/v2\/product_cat?post=14011"},{"taxonomy":"product_tag","embeddable":true,"href":"https:\/\/bookingadventures.com.do\/es\/wp-json\/wp\/v2\/product_tag?post=14011"}],"curies":[{"name":"wp","href":"https:\/\/api.w.org\/{rel}","templated":true}]}}