{"id":14025,"date":"2021-11-25T10:26:32","date_gmt":"2021-11-25T10:26:32","guid":{"rendered":"https:\/\/bookingadventures.com.do\/?post_type=product&#038;p=14025"},"modified":"2021-11-25T10:26:44","modified_gmt":"2021-11-25T10:26:44","slug":"mountain-bikes-tainos-canoe-los-haitises","status":"publish","type":"product","link":"https:\/\/bookingadventures.com.do\/es\/dominicantour\/mountain-bikes-tainos-canoe-los-haitises\/","title":{"rendered":"Bicicletas de monta\u00f1a + Canoa Los Haitises de Taino"},"content":{"rendered":"<p><span style=\"vertical-align: inherit;\"><span style=\"vertical-align: inherit;\"><div class=\"vc_row wpb_row vc_row-fluid\" ><\/div> <div class=\"wpb_column vc_column_container vc_col-sm-12\"><div class=\"vc_column-inner\"><div class=\"wpb_wrapper\"><\/div><\/div><\/div> <div class=\"vc_empty_space\"   style=\"height: 32px\"><span class=\"vc_empty_space_inner\"><\/span><\/div> [\/ vc_column] [\/ vc_row] <div class=\"vc_row wpb_row vc_row-fluid\" ><\/div> <div class=\"wpb_column vc_column_container vc_col-sm-12\"><div class=\"vc_column-inner\"><div class=\"wpb_wrapper\"><\/div><\/div><\/div> <div class=\"mkdf-section-title-holder\" style=\"text-align: left\">\n\t<div class=\"mkdf-st-inner\">\n\t\t\t\t\t<h5 class=\"mkdf-st-subtitle\" >\n\t\t\t\tAventura en canoas y bicicletas de monta\u00f1a\t\t\t<\/h5>\n\t\t\t\t\t\t\t<h3 class=\"mkdf-st-title\" >\n\t\t\t\tLos Haitises Taino's Tour en bicicleta\t\t\t<\/h3>\n\t\t\t\t\t<\/div>\n<\/div> [\/ vc_column] [\/ vc_row] <div class=\"vc_row wpb_row vc_row-fluid\" ><\/div> <div class=\"wpb_column vc_column_container vc_col-sm-12\"><div class=\"vc_column-inner\"><div class=\"wpb_wrapper\"><\/div><\/div><\/div> <div class=\"vc_empty_space\"   style=\"height: 32px\"><span class=\"vc_empty_space_inner\"><\/span><\/div> [\/ vc_column] [\/ vc_row] <div class=\"vc_row wpb_row vc_row-fluid\" ><\/div> <div class=\"wpb_column vc_column_container vc_col-sm-12\"><div class=\"vc_column-inner\"><div class=\"wpb_wrapper\"><\/div><\/div><\/div> \n\t<div class=\"wpb_text_column wpb_content_element\" >\n\t\t<div class=\"wpb_wrapper\">\n\t\t\t\n\t\t<\/div>\n\t<\/div>\n<\/span><\/span><\/p>\n<h4><b><i><span style=\"vertical-align: inherit;\"><span style=\"vertical-align: inherit;\">Visi\u00f3n general<\/span><\/span><\/i><\/b><\/h4>\n<p><span style=\"font-weight: 400;\">Viaje con un experto local y obtenga la experiencia \u00fanica de montar en bicicleta partiendo desde Sabana de la Mar, este tour le llevar\u00e1 a ver el hermoso paisaje del campo de la Rep\u00fablica Dominicana. Mientras pedaleas podr\u00e1s saludar a los campesinos que van a caballo o en moto a sus propiedades y durante el recorrido, podr\u00e1s emerger en la aventura y cultura local desde Sabana de la Mar. Algunos datos sobre Los Haitises: es una de las mayores formaciones calc\u00e1reas del mundo, un lugar para la conservaci\u00f3n de especies end\u00e9micas, Lugar con la mayor parte de la biodiversidad de la isla, existe uno de los mayores manglares de Quisqueya y la cueva con m\u00e1s pictograf\u00eda del Caribe. <\/span><\/p>\n<p><span style=\"font-weight: 400;\">\u00bfTienes curiosidad por conocer la vida cotidiana de los ta\u00ednos? Con la actividad Aventura Ta\u00edna, te transportar\u00e1s en el tiempo para conocer el mundo de los pueblos ind\u00edgenas de la Rep\u00fablica Dominicana.\u00a0<\/span><\/p>\n<p><span style=\"font-weight: 400;\">La canoa era sin duda la parte m\u00e1s importante de la vida de los ta\u00ednos. Con ella pescaban, viajaban a islas m\u00e1s peque\u00f1as, se comunicaban con otras tribus y visitaban a los chamanes para realizar rituales, curaciones y profec\u00edas. En Booking Adventures queremos sumergirte en el mundo de los ta\u00ednos.\u00a0 <\/span><\/p>\n<p>&nbsp;<\/p>\n<h4><b>Inclusiones y exclusiones<\/b><\/h4>\n<p><b>Incluye<\/b><\/p>\n<ol>\n<li style=\"font-weight: 400;\">Viaje en canoa<\/li>\n<li>bicicletas de monta\u00f1a<\/li>\n<li>Camiseta gratuita con pictograma ta\u00edno<\/li>\n<li>Sabor a pan casabe<\/li>\n<li>Visitas a cuevas<\/li>\n<li style=\"font-weight: 400;\"><span style=\"font-weight: 400;\">Todos los impuestos, tasas y gastos de tramitaci\u00f3n<\/span><\/li>\n<li style=\"font-weight: 400;\"><span style=\"font-weight: 400;\">Impuestos locales<\/span><\/li>\n<li style=\"font-weight: 400;\"><span style=\"font-weight: 400;\">Gu\u00eda local<\/span><\/li>\n<\/ol>\n<p><b> Exclusiones<\/b><\/p>\n<ol>\n<li style=\"font-weight: 400;\"><span style=\"font-weight: 400;\">Propinas<\/span><\/li>\n<li style=\"font-weight: 400;\"><span style=\"font-weight: 400;\">Transferencia<\/span><\/li>\n<li>El almuerzo no est\u00e1 incluido<\/li>\n<li style=\"font-weight: 400;\"><span style=\"font-weight: 400;\">Bebidas alcoh\u00f3licas<\/span><\/li>\n<\/ol>\n<p>&nbsp;<\/p>\n<h4><em><strong>Salida y regreso<\/strong><\/em><\/h4>\n<p><span style=\"font-weight: 400;\">El viajero obtendr\u00e1 un punto de encuentro tras el proceso de reserva. Los tours comienzan y terminan en nuestros puntos de encuentro.<\/span><\/p>\n<h4><b><i>\u00bfQu\u00e9 esperar?<\/i><\/b><\/h4>\n<p><span style=\"font-weight: 400;\">En esta actividad, zarpar\u00e1s en las canoas artesanales, tal y como lo hac\u00edan los ta\u00ednos. Escuchar\u00e1 muchos de los sonidos que marcaban su conexi\u00f3n con la naturaleza: el canto de las grullas, el chapoteo de los cangrejos en el agua y el suave batir de las olas contra las formaciones rocosas naturales. Los arcos de las ra\u00edces de los manglares le recordar\u00e1n a las catedrales y, de hecho, los ta\u00ednos (aunque no ten\u00edan iglesias) eran profundamente espirituales. Una vez en marcha con nuestro gu\u00eda, disfrutar\u00e1 de la rica variedad de aves, reptiles y peces de los manglares. Desl\u00fambrate con el brillo de las olas gui\u00f1ando el ojo a la luz de la ma\u00f1ana, las monta\u00f1as de Saman\u00e1 a lo lejos y el verde esmeralda de las palmeras meci\u00e9ndose.\u00a0\u00a0<\/span><\/p>\n<p><span style=\"font-weight: 400;\">A continuaci\u00f3n, podr\u00e1 visitar algunas de las cuevas que eran especialmente importantes para los ta\u00ednos. Viajaban de cueva en cueva para visitar a los sabios, refugiarse de los huracanes y como punto de encuentro con otras tribus. Una vez en las cuevas, podr\u00e1 apreciar el silencio y el aura sagrada del espacio. Ver\u00e1 algunas de las tallas rupestres, llamadas petroglifos, que representan a sus deidades y esp\u00edritus. Por \u00faltimo, podr\u00e1 degustar algunas de las frutas tropicales que los ta\u00ednos recolectaban antes de regresar al punto de encuentro.\u00a0<\/span><\/p>\n<p><span style=\"font-weight: 400;\">En esta excursi\u00f3n, nuestros gu\u00edas expertos describir\u00e1n los m\u00faltiples usos de la canoa, c\u00f3mo viv\u00edan los ta\u00ednos antes de la \u00e9poca de Col\u00f3n y c\u00f3mo el manglar es esencial para la salud del medio ambiente.\u00a0<\/span><\/p>\n<p>&nbsp;<\/p>\n<h4><em><strong>\u00bfQu\u00e9 debe llevar?<\/strong><\/em><\/h4>\n<ul>\n<li style=\"font-weight: 400;\"><span style=\"font-weight: 400;\">C\u00e1mara<\/span><\/li>\n<li style=\"font-weight: 400;\"><span style=\"font-weight: 400;\">Brotes repelentes<\/span><\/li>\n<li style=\"font-weight: 400;\"><span style=\"font-weight: 400;\">crema solar<\/span><\/li>\n<li style=\"font-weight: 400;\"><span style=\"font-weight: 400;\">Sombrero<\/span><\/li>\n<li style=\"font-weight: 400;\"><span style=\"font-weight: 400;\">Pantalones c\u00f3modos<\/span><\/li>\n<li style=\"font-weight: 400;\"><span style=\"font-weight: 400;\">Sandalias o zapatos para zonas embarradas.\u00a0<\/span><\/li>\n<li style=\"font-weight: 400;\"><span style=\"font-weight: 400;\">Ropa de ba\u00f1o<\/span><\/li>\n<\/ul>\n<p>&nbsp;<\/p>\n<h4><b><i>Recogida en el hotel <\/i><\/b><\/h4>\n<p><span style=\"font-weight: 400;\">Para esta excursi\u00f3n no se ofrece recogida en el hotel. <\/span><\/p>\n<p><b>Nota:<\/b><span style=\"font-weight: 400;\"> si realiza la reserva dentro de las 24 horas anteriores a la hora de salida del tour\/excursi\u00f3n, podemos organizar la recogida en el hotel con cargo adicional. Una vez realizada la compra, le enviaremos toda la informaci\u00f3n de contacto (n\u00famero de tel\u00e9fono, direcci\u00f3n de correo electr\u00f3nico, etc.) para que nuestro gu\u00eda local organice la recogida.<\/span><\/p>\n<h4><b><i>Informaci\u00f3n adicional Confirmaci\u00f3n <\/i><\/b><\/h4>\n<ol>\n<li>Las entradas son el recibo despu\u00e9s de pagar por este Tour. Puede mostrar el pago en su tel\u00e9fono.<\/li>\n<li style=\"font-weight: 400;\"><span style=\"font-weight: 400;\">El punto de encuentro se recibir\u00e1 despu\u00e9s del proceso de reserva.<\/span><\/li>\n<li style=\"font-weight: 400;\"><span style=\"font-weight: 400;\">Los ni\u00f1os deben ir acompa\u00f1ados de un adulto.<\/span><\/li>\n<li style=\"font-weight: 400;\"><span style=\"font-weight: 400;\"> No accesible en silla de ruedas <\/span><\/li>\n<li style=\"font-weight: 400;\"><span style=\"font-weight: 400;\">Los beb\u00e9s deben sentarse en el regazo <\/span><\/li>\n<li style=\"font-weight: 400;\"><span style=\"font-weight: 400;\">No recomendado para viajeros con problemas de espalda<\/span><\/li>\n<li style=\"font-weight: 400;\"><span style=\"font-weight: 400;\">No recomendado para embarazadas <\/span><\/li>\n<li style=\"font-weight: 400;\"><span style=\"font-weight: 400;\"> Sin problemas cardiacos ni otras enfermedades graves <\/span><\/li>\n<li style=\"font-weight: 400;\"><span style=\"font-weight: 400;\">La mayor\u00eda de los viajeros pueden participar<\/span><\/li>\n<\/ol>\n<h4><b><i><span style=\"vertical-align: inherit;\"><span style=\"vertical-align: inherit;\">Pol\u00edtica de cancelaci\u00f3n<\/span><\/span><\/i><\/b><\/h4>\n<p><span style=\"font-weight: 400;\"><span style=\"vertical-align: inherit;\"><span style=\"vertical-align: inherit;\">Para obtener un reembolso completo, cancele al menos 72 horas antes de la fecha de inicio de la experiencia. <\/span><\/span><\/span><span style=\"vertical-align: inherit;\"><span style=\"vertical-align: inherit;\">[\/ vc_column_text] [\/ vc_column] [\/ vc_row] <div class=\"vc_row wpb_row vc_row-fluid\" ><\/div> <div class=\"wpb_column vc_column_container vc_col-sm-12\"><div class=\"vc_column-inner\"><div class=\"wpb_wrapper\"><\/div><\/div><\/div> <div class=\"vc_empty_space\"   style=\"height: 32px\"><span class=\"vc_empty_space_inner\"><\/span><\/div> \n\t<div class=\"wpb_text_column wpb_content_element\" >\n\t\t<div class=\"wpb_wrapper\">\n\t\t\t\n\t\t<\/div>\n\t<\/div>\n<\/span><\/span><\/p>\n<h4><span style=\"vertical-align: inherit;\"><span style=\"vertical-align: inherit;\">\u00bfCont\u00e1ctenos?<\/span><\/span><\/h4>\n<h5><span style=\"vertical-align: inherit;\"><span style=\"vertical-align: inherit;\">Reservas de aventuras<\/span><\/span><\/h5>\n<p><em><span style=\"vertical-align: inherit;\"><span style=\"vertical-align: inherit;\">\u00a0Servicios para hu\u00e9spedes y gu\u00edas tur\u00edsticos <\/span><strong><span style=\"vertical-align: inherit;\">locales<\/span><\/strong><span style=\"vertical-align: inherit;\"> \u00a0y\u00a0 <\/span><\/span><strong><span style=\"vertical-align: inherit;\"><span style=\"vertical-align: inherit;\">nacionales<\/span><\/span><\/strong><\/em><\/p>\n<p><span class=\"text-turquoise\"><span style=\"vertical-align: inherit;\"><span style=\"vertical-align: inherit;\">Reservas:<\/span><\/span><\/span><span style=\"vertical-align: inherit;\"><span style=\"vertical-align: inherit;\"> \u00a0Tours y Excursiones en Dom. <\/span><span style=\"vertical-align: inherit;\">Reps.<\/span><\/span><\/p>\n<p><img decoding=\"async\" class=\"emoji\" draggable=\"false\" src=\"https:\/\/s.w.org\/images\/core\/emoji\/11.2.0\/svg\/1f4de.svg\" alt=\"\ud83d\udcde\" \/><span style=\"vertical-align: inherit;\"><span style=\"vertical-align: inherit;\">\u00a0Tel \/ Whatsapp\u00a0\u00a0 <\/span><\/span><a href=\"tel:+1-809-720-6035\"><span style=\"vertical-align: inherit;\"><span style=\"vertical-align: inherit;\">+ 1-809-720-6035<\/span><\/span><\/a><span style=\"vertical-align: inherit;\"><span style=\"vertical-align: inherit;\"> .<\/span><\/span><\/p>\n<p><img decoding=\"async\" class=\"emoji\" draggable=\"false\" src=\"https:\/\/s.w.org\/images\/core\/emoji\/11.2.0\/svg\/1f4e9.svg\" alt=\"\ud83d\udce9\" \/>\u00a0<a href=\"mailto:info@bookingadventures.com.do\"><span style=\"vertical-align: inherit;\"><span style=\"vertical-align: inherit;\">info@bookingadventures.com.do<\/span><\/span><\/a><\/p>\n<p><strong><span style=\"vertical-align: inherit;\"><span style=\"vertical-align: inherit;\">Somos tours privados de configuraci\u00f3n flexible por Whatsapp:\u00a0 <\/span><\/span><a href=\"tel:+18097206035\"><span style=\"vertical-align: inherit;\"><span style=\"vertical-align: inherit;\">+18097206035. <\/span><\/span><\/a><\/strong><span style=\"vertical-align: inherit;\"><span style=\"vertical-align: inherit;\">[\/ vc_column_text] <div class=\"vc_empty_space\"   style=\"height: 32px\"><span class=\"vc_empty_space_inner\"><\/span><\/div> [\/ vc_column] [\/ vc_row]<\/span><\/span><\/p>","protected":false},"excerpt":{"rendered":"<p><span style=\"font-weight: 400;\"><span style=\"vertical-align: inherit;\"><span style=\"vertical-align: inherit;\">En esta actividad, partir\u00e1s en canoas artesanales, tal como lo hac\u00edan los ta\u00ednos. <\/span><span style=\"vertical-align: inherit;\">Escuchar\u00e1s muchos de los sonidos que marcaron su conexi\u00f3n con la naturaleza: el llamado de las grullas, el chapuz\u00f3n de los cangrejos en el agua y el suave batir de las olas contra las formaciones rocosas naturales. <\/span><span style=\"vertical-align: inherit;\">Los arcos de las ra\u00edces del manglar te recordar\u00e1n a las catedrales y, de hecho, los ta\u00ednos (aunque no ten\u00edan iglesias) eran profundamente espirituales. <\/span><span style=\"vertical-align: inherit;\">Una vez que haya salido con nuestro gu\u00eda, disfrutar\u00e1 de la rica variedad de aves, reptiles y peces de los manglares. <\/span><span style=\"vertical-align: inherit;\">Deslumbrado por el destello de las olas que parpadean a la luz de la ma\u00f1ana, las monta\u00f1as de Saman\u00e1 en la distancia y el verde esmeralda de las palmeras que se mecen.\u00a0 <\/span><\/span><\/span><\/p>\n<p>&nbsp;<\/p>\n<p><strong><span style=\"vertical-align: inherit;\"><span style=\"vertical-align: inherit;\">Seleccione la fecha para el Tour:<\/span><\/span><\/strong><\/p>","protected":false},"featured_media":13606,"template":"","meta":[],"product_brand":[],"product_cat":[738,693,653,777,776,322,323],"product_tag":[325,327,694,695,347,352,399,400,401,333,703,335,402,654,403,313,349,350],"class_list":{"0":"post-14025","1":"product","2":"type-product","3":"status-publish","4":"has-post-thumbnail","6":"product_cat-1-sabana-de-la-mar","7":"product_cat-los-haitises","8":"product_cat-mangroves-projects","9":"product_cat-mountain-bike-los-haitises","10":"product_cat-tainos-canoes","11":"product_cat-tours-excursions-los-haitises-national-park","12":"product_cat-tours-excursions-samana-bay-dominican-republic","13":"product_tag-cano-hondo","14":"product_tag-cano-hondo-hotel","15":"product_tag-canoes","16":"product_tag-canoes-dominican-republic","17":"product_tag-day-tour-cano-hondo","18":"product_tag-kayak-dominican-republic","19":"product_tag-kayaking-dominican-republic","20":"product_tag-kayaking-los-haitises","21":"product_tag-kayaks","22":"product_tag-los-haitises","23":"product_tag-los-haitises-mountain-bike","24":"product_tag-los-haitises-national-park","25":"product_tag-los-haitises-tours","26":"product_tag-mangroves-reforestation-in-los-haitises-with-locals","27":"product_tag-private-tours-samana","28":"product_tag-sabana-de-la-mar","29":"product_tag-samana-bay","30":"product_tag-samana-excursions","32":"first","33":"instock","34":"sale","35":"virtual","36":"sold-individually","37":"purchasable","38":"product-type-simple"},"_links":{"self":[{"href":"https:\/\/bookingadventures.com.do\/es\/wp-json\/wp\/v2\/product\/14025","targetHints":{"allow":["GET"]}}],"collection":[{"href":"https:\/\/bookingadventures.com.do\/es\/wp-json\/wp\/v2\/product"}],"about":[{"href":"https:\/\/bookingadventures.com.do\/es\/wp-json\/wp\/v2\/types\/product"}],"wp:featuredmedia":[{"embeddable":true,"href":"https:\/\/bookingadventures.com.do\/es\/wp-json\/wp\/v2\/media\/13606"}],"wp:attachment":[{"href":"https:\/\/bookingadventures.com.do\/es\/wp-json\/wp\/v2\/media?parent=14025"}],"wp:term":[{"taxonomy":"product_brand","embeddable":true,"href":"https:\/\/bookingadventures.com.do\/es\/wp-json\/wp\/v2\/product_brand?post=14025"},{"taxonomy":"product_cat","embeddable":true,"href":"https:\/\/bookingadventures.com.do\/es\/wp-json\/wp\/v2\/product_cat?post=14025"},{"taxonomy":"product_tag","embeddable":true,"href":"https:\/\/bookingadventures.com.do\/es\/wp-json\/wp\/v2\/product_tag?post=14025"}],"curies":[{"name":"wp","href":"https:\/\/api.w.org\/{rel}","templated":true}]}}