{"id":13968,"date":"2021-11-25T10:25:56","date_gmt":"2021-11-25T10:25:56","guid":{"rendered":"https:\/\/bookingadventures.com.do\/?post_type=product&#038;p=13968"},"modified":"2021-11-25T10:26:08","modified_gmt":"2021-11-25T10:26:08","slug":"27-waterfalls-entrance-hiking-and-swimming","status":"publish","type":"product","link":"https:\/\/bookingadventures.com.do\/et\/dominicantour\/27-juga-sissepaas-matkamine-ja-ujumine\/","title":{"rendered":"27 juga sissep\u00e4\u00e4s (matkamine ja ujumine)"},"content":{"rendered":"<div class=\"vc_row wpb_row vc_row-fluid\" ><div class=\"wpb_column vc_column_container vc_col-sm-12\"><div class=\"vc_column-inner\"><div class=\"wpb_wrapper\"><div class=\"mkdf-section-title-holder\" style=\"text-align: left\">\n\t<div class=\"mkdf-st-inner\">\n\t\t\t\t\t<h5 class=\"mkdf-st-subtitle\" >\n\t\t\t\t L\u00f5unas\u00f6\u00f6k kaasa arvatud\t\t\t<\/h5>\n\t\t\t\t\t\t\t<h3 class=\"mkdf-st-title\" >\n\t\t\t\t27 Damajagua veekogude ekskursioon Puerto Platast. Poolp\u00e4evane reis.\t\t\t<\/h3>\n\t\t\t\t\t<\/div>\n<\/div><\/div><\/div><\/div><\/div><div class=\"vc_row wpb_row vc_row-fluid\" ><div class=\"wpb_column vc_column_container vc_col-sm-12\"><div class=\"vc_column-inner\"><div class=\"wpb_wrapper\">\n\t<div class=\"wpb_text_column wpb_content_element\" >\n\t\t<div class=\"wpb_wrapper\">\n\t\t\t<h3 class=\"ui_header h1 attractions-product-info-ProductTitle__title--1qM0o\">27 Damajagua veekogude ekskursioon Puerto Platast. Poolp\u00e4evane reis.<\/h3>\n<h4><b><i>\u00dclevaade <\/i><\/b><\/h4>\n<p>Hankige oma piletid poolep\u00e4evaseks ekskursiooniks siin 27 veekogu Damajagua. Sissep\u00e4\u00e4supiletid koos l\u00f5unas\u00f6\u00f6gi ja ekskursiooniga, mis sisaldab h\u00fcppamist ja ujumist Dominikaani Vabariigi k\u00f5ige kaunimas juga. Matkamine ja ujumine koos turvavarustusega, et saada parim kogemus kunagi!!!<\/p>\n<p>P\u00e4rast seda kogemust j\u00f5uate tagasi asukohta, kus kohtute giidiga.<\/p>\n<ul>\n<li style=\"font-weight: 400;\">Tasud kaasa arvatud<\/li>\n<li>L\u00f5unas\u00f6\u00f6k<\/li>\n<li>Suupisted<\/li>\n<li style=\"font-weight: 400;\">Kohalik giid inglise keeles<\/li>\n<\/ul>\n<p>&nbsp;<\/p>\n<h4><b>Lisad ja erandid<\/b><\/h4>\n<p>&nbsp;<\/p>\n<p><b>Lisandid<\/b><\/p>\n<ol>\n<li style=\"font-weight: 400;\">27 Damajagua juga<\/li>\n<li>L\u00f5unas\u00f6\u00f6k<\/li>\n<li style=\"font-weight: 400;\"><span style=\"font-weight: 400;\">K\u00f5ik maksud, tasud ja k\u00e4itlemiskulud<\/span><\/li>\n<li style=\"font-weight: 400;\"><span style=\"font-weight: 400;\">Kohalikud maksud<\/span><\/li>\n<li style=\"font-weight: 400;\"><span style=\"font-weight: 400;\">Joogid<\/span><\/li>\n<li>Suupisted<\/li>\n<li style=\"font-weight: 400;\"><span style=\"font-weight: 400;\">K\u00f5ik tegevused<\/span><\/li>\n<li style=\"font-weight: 400;\"><span style=\"font-weight: 400;\">Kohalik giid<\/span><\/li>\n<\/ol>\n<p><b> Erandid<\/b><\/p>\n<ol>\n<li style=\"font-weight: 400;\"><span style=\"font-weight: 400;\">H\u00fcvitised<\/span><\/li>\n<li>transport ( M\u00e4\u00e4rake meiega \u00fchendust v\u00f5ttes)<\/li>\n<li style=\"font-weight: 400;\"><span style=\"font-weight: 400;\">Alkohoolsed joogid<\/span><\/li>\n<\/ol>\n<p>&nbsp;<\/p>\n<h4><em><strong>V\u00e4ljumine ja tagasip\u00f6\u00f6rdumine<\/strong><\/em><\/h4>\n<p><span style=\"font-weight: 400;\">Reisija saab kohtumispaiga p\u00e4rast broneerimisprotsessi. Ekskursioonid algavad ja l\u00f5pevad teie kohtumispaikades.<\/span><\/p>\n<h4><\/h4>\n<h3 class=\"ui_header h1 attractions-product-info-ProductTitle__title--1qM0o\">27 Damajagua veekogude ekskursioon Puerto Platast.<\/h3>\n<h4><b><i>Mida oodata?<\/i><\/b><\/h4>\n<div class=\"apd_content_block\" data-tab=\"TABS_OVERVIEW\">\n<div class=\"ui_card section attractions-product-details-Overview__sectionMargin--uHktd attractions-product-details-Overview__cleanslateOverrideDT--39Ov7\"><\/div>\n<\/div>\n<div data-tab=\"TABS_WHAT_TO_EXPECT\">\n<div class=\"ui_card attractions-card-CollapsibleProductDetailsCard__cardContainer--3r2wk attractions-card-CollapsibleProductDetailsCard__cleanslateOverrideDT--2AJh0\">\n<div class=\"attractions-card-CollapsibleCard__header--IDA3r\">\n<div class=\"attractions-card-CollapsibleCard__headerSection--3gTKb\"><\/div>\n<\/div>\n<div class=\"attractions-card-CollapsibleCard__content--2Ws8q\">\n<div class=\"attractions-card-CollapsibleCard__contentWrap--374jk attractions-card-CollapsibleCard__titleUnderline--1uHze\">\n<div>Avastage sellel Puerto Platast algaval kogu p\u00e4eva kestval reisil Dominikaani Vabariigi p\u00f5hjapoolse koridori k\u00fcngaste vahele varjatud Damajagua juga. Tutvuge koos kohaliku giidiga kahek\u00fcmne seitsme p\u00f5lise, paekivist kaskaadina langeva juga. Saate l\u00fchikese ohutusalase sissejuhatuse, seej\u00e4rel h\u00fcppate, ujute ja liuglete m\u00f6\u00f6da looduslikke vesiliugusid.<\/div>\n<div><\/div>\n<div>L\u00f5unas\u00f6\u00f6k ja joogid on hinna sees. M\u00f5\u00f5dukas 40-minutiline \u00fclesm\u00e4ge minev matk l\u00e4bi kauni d\u017eunglimaastiku viib teid 12. juga juurde v\u00f5i kui olete suurep\u00e4rases f\u00fc\u00fcsilises vormis, v\u00f5ite valida, kas matkata kogu tee 27 juga tippu (umbes 70 minutit) ja kogeda k\u00f5ike seda.<\/div>\n<div class=\"attractions-card-CollapsibleProductDetailsCard__cardContent--23ext\">\n<div class=\"common-text-ReadMore__readMore--3Iu8c common-text-ReadMore__variantFadeOut--1tInd\">\n<div class=\"common-text-ReadMore__content--2X4LR\">\n<div class=\"ui_columns is-desktop\">\n<div><\/div>\n<div class=\"ui_column\">M\u00f5lemal juhul algab teie t\u00f5eline l\u00f5bu, kui me suundume tagasi j\u00f5e alla ja te h\u00fcppate, libisete ja ujute l\u00e4bi suurejooneliste juga, kanjonite ja siniste basseinide, v\u00e4ljudes sealt rumala naeratusega ja uskumatute m\u00e4lestustega, mida hoida! Ekskursioonid h\u00f5lmavad kuni 8 meetri pikkuseid h\u00fcppeid, kuid \u00e4rge muretsege, suurtel on ka teine tee alla, kui te ei taha h\u00fcpata.<\/div>\n<div><\/div>\n<div class=\"ui_column\">P\u00e4rast 15-minutilist jalutusk\u00e4iku tagasi baaslaagrisse ja kuivade riiete vahetamist saate nautida maitsvat ja mitmekesist dominikaani buffet-l\u00f5unat, mis sisaldab n\u00e4iteks grillitud kana- ja sealiha, hautist, riisi, pastat ja salateid.<\/div>\n<div><\/div>\n<div class=\"ui_column\">Kohalikud rummi- ja limonaadijoogid ning vesi on hinna sees (\u00f5lu on saadaval, kuid ei ole hinna sees). P\u00e4rast s\u00f6\u00f6ki j\u00e4tke kohalike giididega h\u00fcvasti ja teie parimad elamused j\u00e4\u00e4vad meelde ning fotod v\u00f5i videod j\u00e4\u00e4vad teile kogu \u00fclej\u00e4\u00e4nud eluks.<\/div>\n<\/div>\n<\/div>\n<\/div>\n<\/div>\n<\/div>\n<\/div>\n<\/div>\n<\/div>\n<h4><em><strong>Mida peaksite kaasa v\u00f5tma?<\/strong><\/em><\/h4>\n<ul>\n<li style=\"font-weight: 400;\"><span style=\"font-weight: 400;\">Kaamera<\/span><\/li>\n<li style=\"font-weight: 400;\"><span style=\"font-weight: 400;\">Repellentne pungad<\/span><\/li>\n<li style=\"font-weight: 400;\"><span style=\"font-weight: 400;\">P\u00e4ikesekreem<\/span><\/li>\n<li style=\"font-weight: 400;\"><span style=\"font-weight: 400;\">M\u00fctsike<\/span><\/li>\n<li style=\"font-weight: 400;\"><span style=\"font-weight: 400;\">Mugavad p\u00fcksid<\/span><\/li>\n<li style=\"font-weight: 400;\"><span style=\"font-weight: 400;\">Matkakingad metsa jaoks<\/span><\/li>\n<li style=\"font-weight: 400;\"><span style=\"font-weight: 400;\">Liivad kevadistele aladele.<\/span><\/li>\n<li style=\"font-weight: 400;\"><span style=\"font-weight: 400;\">Ujumisriided<\/span><\/li>\n<\/ul>\n<p>&nbsp;<\/p>\n<h4><b><i>Hotelli pealev\u00f5tmine <\/i><\/b><\/h4>\n<p><span style=\"font-weight: 400;\">Selle ekskursiooni puhul ei pakuta hotelli pealev\u00f5tmist. Seame Pick up meiega \u00fchendust v\u00f5ttes Whatsapp.<\/span><\/p>\n<p>&nbsp;<\/p>\n<p><b>M\u00e4rkus:<\/b><span style=\"font-weight: 400;\"> Kui broneerite reisi 24 tunni jooksul enne ekskursiooni\/ekskursiooni v\u00e4ljumise aega, saame korraldada hotelli pealev\u00f5tmise lisatasu eest. Kui teie ost on tehtud, saadame teile t\u00e4ieliku kontaktinformatsiooni (telefoninumber, e-posti aadress jne.) meie kohaliku reisijuhi jaoks, et korraldada pealev\u00f5tmine.<\/span><\/p>\n<h4><b><i>Lisainfo Kinnitus <\/i><\/b><\/h4>\n<ol>\n<li>Piletid on kviitung p\u00e4rast selle Touri maksmist. V\u00f5ite n\u00e4idata makse oma telefonis.<\/li>\n<li style=\"font-weight: 400;\"><span style=\"font-weight: 400;\">Kohtumispaik saadakse p\u00e4rast broneerimisprotsessi.<\/span><\/li>\n<li style=\"font-weight: 400;\"><span style=\"font-weight: 400;\">Lastel peab olema kaasas t\u00e4iskasvanu.<\/span><\/li>\n<li style=\"font-weight: 400;\"><span style=\"font-weight: 400;\"> Ei ole ligip\u00e4\u00e4setav ratastooliga <\/span><\/li>\n<li style=\"font-weight: 400;\"><span style=\"font-weight: 400;\">Imikud peavad istuma s\u00fcles <\/span><\/li>\n<li style=\"font-weight: 400;\"><span style=\"font-weight: 400;\">Ei soovitata seljaprobleemidega reisijatele<\/span><\/li>\n<li style=\"font-weight: 400;\"><span style=\"font-weight: 400;\">Ei soovitata rasedatele reisijatele <\/span><\/li>\n<li style=\"font-weight: 400;\"><span style=\"font-weight: 400;\"> S\u00fcdameprobleemid v\u00f5i muud t\u00f5sised haigusseisundid puuduvad <\/span><\/li>\n<li style=\"font-weight: 400;\"><span style=\"font-weight: 400;\">Enamik reisijaid saab osaleda<\/span><\/li>\n<\/ol>\n<h4><b><i>T\u00fchistamispoliitika<\/i><\/b><\/h4>\n<p><span style=\"font-weight: 400;\">T\u00e4ieliku h\u00fcvitise saamiseks tuleb t\u00fchistada v\u00e4hemalt 24 tundi enne kogemuse alguskuup\u00e4eva. Kui broneering t\u00fchistatakse reisi toimumise p\u00e4eval, kaotatakse raha.<\/span><\/p>\n\n\t\t<\/div>\n\t<\/div>\n<\/div><\/div><\/div><\/div><div class=\"vc_row wpb_row vc_row-fluid\" ><div class=\"wpb_column vc_column_container vc_col-sm-12\"><div class=\"vc_column-inner\"><div class=\"wpb_wrapper\">\n\t<div class=\"wpb_video_widget wpb_content_element vc_clearfix   vc_video-aspect-ratio-169 vc_video-el-width-100 vc_video-align-left\" >\n\t\t<div class=\"wpb_wrapper\">\n\t\t\t<h2 class=\"wpb_heading wpb_video_heading\">27 Damajagua veekogude ekskursioon Puerto Platast:<\/h2>\n\t\t\t<div class=\"wpb_video_wrapper\"><iframe loading=\"lazy\" title=\"27 Damajagua juga, mille Booking Adventures &amp; Travel Dominikaani Vabariik\" width=\"1100\" height=\"619\" src=\"https:\/\/www.youtube.com\/embed\/AVNh_we_RQE?start=17&feature=oembed\" frameborder=\"0\" allow=\"accelerometer; autoplay; clipboard-write; encrypted-media; gyroscope; picture-in-picture\" allowfullscreen><\/iframe><\/div>\n\t\t<\/div>\n\t<\/div>\n<\/div><\/div><\/div><\/div><div class=\"vc_row wpb_row vc_row-fluid\" ><div class=\"wpb_column vc_column_container vc_col-sm-12\"><div class=\"vc_column-inner\"><div class=\"wpb_wrapper\"><div class=\"vc_empty_space\"   style=\"height: 32px\"><span class=\"vc_empty_space_inner\"><\/span><\/div>\n\t<div class=\"wpb_text_column wpb_content_element\" >\n\t\t<div class=\"wpb_wrapper\">\n\t\t\t<h4>V\u00f5tke meiega \u00fchendust?<\/h4>\n<h5><em><strong>Seikluste broneerimine<\/strong><\/em><\/h5>\n<p><em><strong>Kohalikud<\/strong>\u00a0ja\u00a0<strong>Rahvuslased<\/strong>\u00a0Reisijuhid ja k\u00fclaliste teenindus<\/em><\/p>\n<p><span class=\"text-turquoise\">Broneeringud:<\/span>\u00a0Ekskursioonid ja ekskursioonid Dom. Rep.<\/p>\n<p><img decoding=\"async\" class=\"emoji\" draggable=\"false\" src=\"https:\/\/s.w.org\/images\/core\/emoji\/11.2.0\/svg\/1f4de.svg\" alt=\"\ud83d\udcde\" \/>\u00a0Tel \/ Whatsapp\u00a0\u00a0<a href=\"tel:+1-809-720-6035\">+1-809-720-6035<\/a>.<\/p>\n<p><img decoding=\"async\" class=\"emoji\" draggable=\"false\" src=\"https:\/\/s.w.org\/images\/core\/emoji\/11.2.0\/svg\/1f4e9.svg\" alt=\"\ud83d\udce9\" \/>\u00a0<a href=\"mailto:info@bookingadventures.com.do\">info@bookingadventures.com.do<\/a><\/p>\n<p><strong>Me oleme paindlik Seadistamine Private Tours poolt Whatsapp:\u00a0<a href=\"tel:+18097206035\">+18097206035.<\/a><\/strong><\/p>\n\n\t\t<\/div>\n\t<\/div>\n<div class=\"vc_empty_space\"   style=\"height: 32px\"><span class=\"vc_empty_space_inner\"><\/span><\/div><\/div><\/div><\/div><\/div>","protected":false},"excerpt":{"rendered":"<p>See ekskursioon 27 Damajagua veekogudest Puerto Platas, l\u00f5unas\u00f6\u00f6k ja ekskursioon 27 veekogude juures, matkamine ja j\u00f5kke h\u00fcppamine.<\/p>\n<p>\u00d6koloogiline reis Puerto Platas asuvatele 27 veekogule. Hankige oma piletid poolep\u00e4evaseks ekskursiooniks siin Damajagua 27 veejuga. Sissep\u00e4\u00e4supiletid koos l\u00f5unas\u00f6\u00f6gi ja ekskursiooniga, mis sisaldab h\u00fcppamist ja ujumist Dominikaani Vabariigi k\u00f5ige kaunimas juga. Matkamine ja ujumine koos turvavarustusega, et saada parim kogemus kunagi!!!<\/p>\n<p>&nbsp;<\/p>\n<p><strong>Palun valige kuup\u00e4ev tuuriks:\u00a0<\/strong><\/p>","protected":false},"featured_media":13741,"template":"","meta":[],"product_brand":[],"product_cat":[757,442,443,319,295,337,758,321,444,299],"product_tag":[445,446,447,448,449,450,451,452,453,454,455,456,457,458,459,460,461],"class_list":{"0":"post-13968","1":"product","2":"type-product","3":"status-publish","4":"has-post-thumbnail","6":"product_cat-1-puerto-plata","7":"product_cat-27-waterfalls","8":"product_cat-damajagua","9":"product_cat-fees-entrace","10":"product_cat-hiking","11":"product_cat-lunch","12":"product_cat-puerto-plata-27-waterfalls-hike","13":"product_cat-tours-and-excursions","14":"product_cat-tours-excursions-27-waterfalls-puerto-plata-dominican-republic","15":"product_cat-waterfalls","16":"product_tag-27-charcos-de-damajagua","17":"product_tag-27-waterfalls","18":"product_tag-27-waterfalls-dominican-republic","19":"product_tag-27-waterfalls-dominican-republic-facts","20":"product_tag-27-waterfalls-excursion","21":"product_tag-27-waterfalls-puerto-plata","22":"product_tag-amber-cove-cruise-terminal-27-waterfalls","23":"product_tag-amber-cove-excursions","24":"product_tag-damajagua-falls-tours","25":"product_tag-damajagua-national-park","26":"product_tag-excursion-27-waterfalls","27":"product_tag-how-to-get-to-27-waterfalls-from-puerto-plata","28":"product_tag-jumping-27-waterfalls","29":"product_tag-los-27-charcos-de-puerto-plata","30":"product_tag-puerto-plata","31":"product_tag-things-to-do-in-amber-cove","32":"product_tag-tour-27-waterfalls","34":"first","35":"instock","36":"sale","37":"virtual","38":"sold-individually","39":"purchasable","40":"product-type-simple"},"_links":{"self":[{"href":"https:\/\/bookingadventures.com.do\/et\/wp-json\/wp\/v2\/product\/13968","targetHints":{"allow":["GET"]}}],"collection":[{"href":"https:\/\/bookingadventures.com.do\/et\/wp-json\/wp\/v2\/product"}],"about":[{"href":"https:\/\/bookingadventures.com.do\/et\/wp-json\/wp\/v2\/types\/product"}],"wp:featuredmedia":[{"embeddable":true,"href":"https:\/\/bookingadventures.com.do\/et\/wp-json\/wp\/v2\/media\/13741"}],"wp:attachment":[{"href":"https:\/\/bookingadventures.com.do\/et\/wp-json\/wp\/v2\/media?parent=13968"}],"wp:term":[{"taxonomy":"product_brand","embeddable":true,"href":"https:\/\/bookingadventures.com.do\/et\/wp-json\/wp\/v2\/product_brand?post=13968"},{"taxonomy":"product_cat","embeddable":true,"href":"https:\/\/bookingadventures.com.do\/et\/wp-json\/wp\/v2\/product_cat?post=13968"},{"taxonomy":"product_tag","embeddable":true,"href":"https:\/\/bookingadventures.com.do\/et\/wp-json\/wp\/v2\/product_tag?post=13968"}],"curies":[{"name":"wp","href":"https:\/\/api.w.org\/{rel}","templated":true}]}}