{"id":14005,"date":"2021-11-25T10:26:15","date_gmt":"2021-11-25T10:26:15","guid":{"rendered":"https:\/\/bookingadventures.com.do\/?post_type=product&#038;p=14005"},"modified":"2021-11-25T10:26:30","modified_gmt":"2021-11-25T10:26:30","slug":"saona-island-private-tour-from-cap-cana-hotels-cap-cana-lobby","status":"publish","type":"product","link":"https:\/\/bookingadventures.com.do\/et\/dominicantour\/saona-island-private-tour-from-cap-cana-hotels-cap-cana-lobby\/","title":{"rendered":"Saona saare eraturnee Cap Cana hotellidest - Cap Cana Lobby"},"content":{"rendered":"<div class=\"vc_row wpb_row vc_row-fluid\" ><div class=\"wpb_column vc_column_container vc_col-sm-12\"><div class=\"vc_column-inner\"><div class=\"wpb_wrapper\">\n\t<div class=\"wpb_text_column wpb_content_element\" >\n\t\t<div class=\"wpb_wrapper\">\n\t\t\t<h2><b><i>Saona saare erareis\u00a0<\/i><\/b><\/h2>\n<h4><b><i>\u00dclevaade<\/i><\/b><\/h4>\n<div>V\u00e4ljas\u00f5it paatidega on peamisest muulist, mis on <strong>Bayahibe<\/strong> kell 9:00 hommikul ja tagasi kell 17:00. Kui\u00a0<b>( te lisate eratransfeeri teistest v\u00e4ljumistest sellele reisile, aeg v\u00f5ib muutuda)<\/b> <span style=\"font-size: 16px;\">See reis viib teid parimatesse randadesse <strong>Saona saar<\/strong> (Isla Saona), mis algab Bayahibe linnast, teie l\u00f5unas\u00f6\u00f6k on saarel ja te peatute looduslike basseinide juures.<strong> Cotubanama Nacional Park<\/strong>. Nautige Dominikaani Vabariigi kaunist kagurannikut, kus p\u00e4rast paadiga s\u00f5itmist purjetate m\u00f6\u00f6da rannikut, j\u00e4lgides selle ainulaadse koha erinevaid randu, maastikke, mangroovide ja lubjakivist koosnevaid moodustisi.\u00a0<\/span><\/div>\n<div>\n<p><span style=\"font-weight: 400;\">Saarele j\u00f5udmine v\u00f5tab aega umbes 45 minutit ja ekskursiooni ajal on teil v\u00f5imalus n\u00e4ha j\u00e4rgmist <strong>Mano Juan<\/strong>, mis on ainus saarel asuv kogukond, selles samas kohas on teil v\u00f5imalus l\u00f5unatada, juhul kui te ei j\u00f5ua Mano Juanile, k\u00fclastate piirkonna erinevaid randu ja l\u00f5unas\u00f6\u00f6k on rannas, teil on ka v\u00f5imalus saarel snorgeldada.<\/span><\/p>\n<p><span style=\"font-weight: 400;\">Kui olete l\u00f5petanud oma reisi saare erinevates kohtades, suundute tagasi kohta, kus kohtute giidiga.<\/span><\/p>\n<ul>\n<li style=\"font-weight: 400;\"><span style=\"font-weight: 400;\">Sisaldab buffet-l\u00f5unat rannas.<\/span><\/li>\n<li style=\"font-weight: 400;\"><span style=\"font-weight: 400;\">Looduslik bassein<\/span><\/li>\n<li style=\"font-weight: 400;\"><span style=\"font-weight: 400;\">Transfeer paadiga v\u00f5i katamaraaniga<\/span><\/li>\n<li style=\"font-weight: 400;\"><span style=\"font-weight: 400;\">Kapten annab juhiseid ja teostab j\u00e4relevalvet<\/span><\/li>\n<\/ul>\n<\/div>\n<p>&nbsp;<\/p>\n<h2><b>Lisad ja erandid<\/b><\/h2>\n<p><b>Lisandid<\/b><\/p>\n<ol>\n<li>Kiirpaadi v\u00f5i katamaraani reis (k\u00f5ik s\u00f5ltuvad grupi suurusest)<\/li>\n<li style=\"font-weight: 400;\"><span style=\"font-weight: 400;\">Buffet l\u00f5unas\u00f6\u00f6k rannas<\/span><\/li>\n<li>Looduslik bassein<\/li>\n<li style=\"font-weight: 400;\"><span style=\"font-weight: 400;\">K\u00f5ik maksud, tasud ja k\u00e4itlemiskulud<\/span><\/li>\n<li style=\"font-weight: 400;\"><span style=\"font-weight: 400;\">Kohalikud maksud<\/span><\/li>\n<li style=\"font-weight: 400;\"><span style=\"font-weight: 400;\">Joogid<\/span><\/li>\n<\/ol>\n<p><b> Erandid<\/b><\/p>\n<ol>\n<li style=\"font-weight: 400;\"><span style=\"font-weight: 400;\">H\u00fcvitised<\/span><\/li>\n<li>Kohalik teejuht<\/li>\n<\/ol>\n<p>&nbsp;<\/p>\n<h4><em><strong>V\u00e4ljumine ja tagasip\u00f6\u00f6rdumine<\/strong><\/em><\/h4>\n<p><span style=\"font-weight: 400;\">Meil on ajakava, mis on koostatud teie pealev\u00f5tmiseks ja \u00e4raviimiseks vastavalt piirkonnale, kus te asute. <\/span><span style=\"font-weight: 400;\">Reisija saab kohtumispaiga p\u00e4rast broneerimisprotsessi. Ekskursioonid algavad ja l\u00f5ppevad meie kohtumispaikades.<\/span><\/p>\n<p>&nbsp;<\/p>\n<h4><b><i>Mida oodata?<\/i><\/b><\/h4>\n<p>&nbsp;<\/p>\n<p><em><strong>Hankige oma piletid<\/strong><\/em> fora p\u00e4evapassi Saona saarel ( Isla Saona ) Bayahibe pluss suurep\u00e4rane l\u00f5unas\u00f6\u00f6k ja rannas aega.<\/p>\n<p><span style=\"font-weight: 400;\">\"Booking Adventures\" poolt korraldatav p\u00e4evane reis algab giidiga m\u00e4\u00e4ratud kohtumispaigast. <\/span>L\u00f5unas\u00f6\u00f6k rannas ja v\u00f5ite j\u00e4\u00e4da nii kaua, kui soovite ujumas k\u00e4ia. Kui olete vegan, siis v\u00f5ime teile ka s\u00fc\u00fca valmistada.<\/p>\n<p>See paadireis algab Bayahibe, kuid me pakume eratransfeer lisatasu eest s\u00f5ltub, kus on grupp.<\/p>\n<p><strong>Ajakava:<\/strong><\/p>\n<p>7:45 - 18:00<\/p>\n<p>&nbsp;<\/p>\n<h4><em><strong>Mida peaksite kaasa v\u00f5tma?<\/strong><\/em><\/h4>\n<ul>\n<li style=\"font-weight: 400;\"><span style=\"font-weight: 400;\">Kaamera<\/span><\/li>\n<li style=\"font-weight: 400;\"><span style=\"font-weight: 400;\">Repellentne pungad<\/span><\/li>\n<li style=\"font-weight: 400;\"><span style=\"font-weight: 400;\">p\u00e4ikesekreem<\/span><\/li>\n<li style=\"font-weight: 400;\"><span style=\"font-weight: 400;\">M\u00fctsike<\/span><\/li>\n<li style=\"font-weight: 400;\"><span style=\"font-weight: 400;\">Mugavad p\u00fcksid<\/span><\/li>\n<li style=\"font-weight: 400;\"><span style=\"font-weight: 400;\">Matkakingad metsa jaoks<\/span><\/li>\n<li style=\"font-weight: 400;\"><span style=\"font-weight: 400;\">Sandaalid rannas<\/span><\/li>\n<li style=\"font-weight: 400;\"><span style=\"font-weight: 400;\">Ujumisriided<\/span><\/li>\n<li>Sularaha suveniiride ostmiseks<\/li>\n<\/ul>\n<p>&nbsp;<\/p>\n<h2><b><i>Hotel Pickup Saona Island p\u00e4evane reis<\/i><\/b><\/h2>\n<p><span style=\"font-weight: 400;\">See on programm, mille oleme seadnud teie asukoha p\u00f5hjal. Palun andke meile teada oma konkreetne hotell ja me v\u00f5tame teiega \u00fchendust, et \u00f6elda teile, kus me teid kohtame. See Transfer v\u00f5imalusi kohaldada lisakulu. See reis algab Bayahibe.<\/span><\/p>\n<table style=\"height: 487px;\" width=\"420\">\n<tbody>\n<tr>\n<td><b>Koht<\/b><\/td>\n<td><b>Aeg<\/b><\/td>\n<\/tr>\n<tr>\n<td><b>Punta Cana<\/b><\/td>\n<td><b>7:45 hommikul<\/b><\/td>\n<\/tr>\n<tr>\n<td><b>B\u00e1varo<\/b><\/td>\n<td><b>7:30 hommikul<\/b><\/td>\n<\/tr>\n<tr>\n<td><b>Uvero Altos<\/b><\/td>\n<td><b>7:00 hommikul<\/b><\/td>\n<\/tr>\n<tr>\n<td><b>Club Med<\/b><\/td>\n<td><b>7:00 hommikul<\/b><\/td>\n<\/tr>\n<tr>\n<td><b>Boca Chica<\/b><\/td>\n<td><b>7:00 hommikul<\/b><\/td>\n<\/tr>\n<tr>\n<td><b>Santo Domingo<\/b><\/td>\n<td><b>6:40 hommikul<\/b><\/td>\n<\/tr>\n<tr>\n<td><b>Juan Doli\u00f3<\/b><\/td>\n<td><b>7:00 hommikul<\/b><\/td>\n<\/tr>\n<\/tbody>\n<\/table>\n<p>&nbsp;<\/p>\n<p><b>M\u00e4rkus:<\/b><span style=\"font-weight: 400;\"> kui broneerite reisi 24 tunni jooksul enne ekskursiooni\/ekskursiooni algusaega, saame korraldada hotelli pealev\u00f5tmise lisatasu eest. Kui teie ost on tehtud, saadame teile t\u00e4ieliku kontaktinformatsiooni (telefoninumber, e-posti aadress jne.) meie kohalikule reisijuhile, et korraldada pealev\u00f5tmine.<\/span><\/p>\n<h4><b><i>Lisainfo Kinnitus <\/i><\/b><\/h4>\n<ol>\n<li>Piletid on kviitung p\u00e4rast selle Touri maksmist. V\u00f5ite n\u00e4idata makse oma telefonis.<\/li>\n<li style=\"font-weight: 400;\"><span style=\"font-weight: 400;\">Kohtumispaik saadakse p\u00e4rast broneerimisprotsessi.<\/span><\/li>\n<li style=\"font-weight: 400;\"><span style=\"font-weight: 400;\">Lastel peab olema kaasas t\u00e4iskasvanu.<\/span><\/li>\n<li style=\"font-weight: 400;\"><span style=\"font-weight: 400;\">ligip\u00e4\u00e4setav ratastooliga <\/span><\/li>\n<li style=\"font-weight: 400;\"><span style=\"font-weight: 400;\">Imikud peavad istuma s\u00fcles <\/span><\/li>\n<li style=\"font-weight: 400;\"><span style=\"font-weight: 400;\">Enamik reisijaid saab osaleda<\/span><\/li>\n<\/ol>\n<h4><b><i>T\u00fchistamispoliitika<\/i><\/b><\/h4>\n<p><span style=\"font-weight: 400;\">T\u00e4ieliku h\u00fcvitise saamiseks t\u00fchistage reis v\u00e4hemalt 24 tundi enne kogemuse alguskuup\u00e4eva.<\/span><\/p>\n<p>M\u00c4RKUS: Kui soovid seda ekskursiooni teha ja soovid teada m\u00f5ned \u00fcksikasjad, siis saad<a href=\"mailto:info@bookingadventures.com.do\">\u00a0v\u00f5tke meiega \u00fchendust emai teel<\/a>l<strong>\u00a0<\/strong>v\u00f5i meie otsese teenuse chat Whatsapp'i kaudu sellel numbril:\u00a0<strong>+1 809-720-6035<\/strong>. Me tuleme koheselt teie juurde ja saame teha teile pakkumise, kohandades hinda s\u00f5ltuvalt inimeste arvust.<\/p>\n<p>(Eraldi ekskursiooni korraldamiseks on vaja v\u00e4hemalt 4 inimest. V\u00e4hemate inimeste puhul saame korraldada poolprivaatse ekskursiooni maksimaalselt 15 inimesega).<\/p>\n<div id=\"gtx-trans\" style=\"position: absolute; left: -1px; top: 1055.03px;\">\n<div class=\"gtx-trans-icon\"><\/div>\n<\/div>\n\n\t\t<\/div>\n\t<\/div>\n<\/div><\/div><\/div><\/div><div class=\"vc_row wpb_row vc_row-fluid\" ><div class=\"wpb_column vc_column_container vc_col-sm-12\"><div class=\"vc_column-inner\"><div class=\"wpb_wrapper\"><\/div><\/div><\/div><\/div><div class=\"vc_row wpb_row vc_row-fluid\" ><div class=\"wpb_column vc_column_container vc_col-sm-12\"><div class=\"vc_column-inner\"><div class=\"wpb_wrapper\"><div class=\"vc_empty_space\"   style=\"height: 32px\"><span class=\"vc_empty_space_inner\"><\/span><\/div>\n\t<div class=\"wpb_video_widget wpb_content_element vc_clearfix   vc_video-aspect-ratio-169 vc_video-el-width-100 vc_video-align-left\" >\n\t\t<div class=\"wpb_wrapper\">\n\t\t\t<h2 class=\"wpb_heading wpb_video_heading\">Saona Island Tours &amp; Excursions video:<\/h2>\n\t\t\t<div class=\"wpb_video_wrapper\"><iframe loading=\"lazy\" title=\"Saola Island Full day by Booking Adventures, Reisimine Dominikaani Vabariik\" width=\"1100\" height=\"619\" src=\"https:\/\/www.youtube.com\/embed\/sas91N4zMHo?feature=oembed\" frameborder=\"0\" allow=\"accelerometer; autoplay; clipboard-write; encrypted-media; gyroscope; picture-in-picture\" allowfullscreen><\/iframe><\/div>\n\t\t<\/div>\n\t<\/div>\n<div class=\"vc_empty_space\"   style=\"height: 32px\"><span class=\"vc_empty_space_inner\"><\/span><\/div><\/div><\/div><\/div><\/div><div class=\"vc_row wpb_row vc_row-fluid\" ><\/div><div class=\"wpb_column vc_column_container vc_col-sm-12\"><div class=\"vc_column-inner\"><div class=\"wpb_wrapper\"><\/div><\/div><\/div><div class=\"vc_empty_space\"   style=\"height: 32px\"><span class=\"vc_empty_space_inner\"><\/span><\/div>\n\t<div class=\"wpb_text_column wpb_content_element\" >\n\t\t<div class=\"wpb_wrapper\">\n\t\t\t\n\t\t<\/div>\n\t<\/div>\n<h4>V\u00f5tke meiega \u00fchendust?<\/h4>\n<h5>Seikluste broneerimine<\/h5>\n<p><em><strong>Kohalikud<\/strong>\u00a0ja\u00a0<strong>Rahvuslased<\/strong>\u00a0Reisijuhid ja k\u00fclaliste teenindus<\/em><\/p>\n<p><span class=\"text-turquoise\">Broneeringud:<\/span>\u00a0Ekskursioonid ja ekskursioonid Dom. Rep.<\/p>\n<p><img decoding=\"async\" class=\"emoji\" draggable=\"false\" src=\"https:\/\/s.w.org\/images\/core\/emoji\/11.2.0\/svg\/1f4de.svg\" alt=\"\ud83d\udcde\" \/>\u00a0Tel \/ Whatsapp\u00a0\u00a0<a href=\"tel:+1-809-720-6035\">+1-809-720-6035<\/a>.<\/p>\n<p><img decoding=\"async\" class=\"emoji\" draggable=\"false\" src=\"https:\/\/s.w.org\/images\/core\/emoji\/11.2.0\/svg\/1f4e9.svg\" alt=\"\ud83d\udce9\" \/>\u00a0<a href=\"mailto:info@bookingadventures.com.do\">info@bookingadventures.com.do<\/a><\/p>\n<p><strong><span style=\"vertical-align: inherit;\"><span style=\"vertical-align: inherit;\">Somos tours privados de configuraci\u00f3n flexible por Whatsapp:\u00a0 <\/span><\/span><a href=\"tel:+18097206035\"><span style=\"vertical-align: inherit;\"><span style=\"vertical-align: inherit;\">+18097206035. <\/span><\/span><\/a><\/strong><span style=\"vertical-align: inherit;\"><span style=\"vertical-align: inherit;\">[\/ vc_column_text] <div class=\"vc_empty_space\"   style=\"height: 32px\"><span class=\"vc_empty_space_inner\"><\/span><\/div> [\/ vc_column] [\/ vc_row]<\/span><\/span><\/p>","protected":false},"excerpt":{"rendered":"<p><span style=\"vertical-align: inherit;\"><span style=\"vertical-align: inherit;\">Pase de un d\u00eda a la isla Saona desde el puerto de Bayahibe. <\/span><span style=\"vertical-align: inherit;\">Almuerzo y piscinas naturales incluidas. <\/span><span style=\"vertical-align: inherit;\">En caso de necesidad traslado desde cualquier parte de Rep\u00fablica Dominicana. <\/span><span style=\"vertical-align: inherit;\">Simplemente cont\u00e1ctenos y tengamos la mejor experiencia en Isla Saona.<\/span><\/span><\/p>\n<p>&nbsp;<\/p>\n<p><em><strong><span style=\"vertical-align: inherit;\"><span style=\"vertical-align: inherit;\">Seleccione la fecha para el tour\u00a0<\/span><\/span><\/strong><\/em><\/p>","protected":false},"featured_media":13415,"template":"","meta":[],"product_brand":[],"product_cat":[749,771,773,637,646,645],"product_tag":[367,368,647,369,370,371,639,640,372,373,374,375,641,642,377],"class_list":{"0":"post-14005","1":"product","2":"type-product","3":"status-publish","4":"has-post-thumbnail","6":"product_cat-1-punta-cana","7":"product_cat-punta-cana-private-tours","8":"product_cat-punta-cana-saona-island","9":"product_cat-saona-island-offers","10":"product_cat-saona-island-private-tour-from-cap-cana-hotels-cap-cana-lobby","11":"product_cat-saona-island-private-tour-from-la-romana-hotels-la-romana-lobby","12":"product_tag-all-inclusive-trip-to-saona-island-by-speedboat-catamaran","13":"product_tag-bayahibe","14":"product_tag-cap-cana","15":"product_tag-catamaran","16":"product_tag-how-to-get-to-saona-island","17":"product_tag-isla-saona","18":"product_tag-private-day-trip-saona","19":"product_tag-private-tours","20":"product_tag-saona","21":"product_tag-saona-island","22":"product_tag-saona-island-excursion","23":"product_tag-saona-island-hotels","24":"product_tag-saona-island-private","25":"product_tag-saona-island-private-tour-from-punta-cana-hotels-punta-cana-lobby","26":"product_tag-saona-island-tour","28":"first","29":"instock","30":"sale","31":"virtual","32":"sold-individually","33":"purchasable","34":"product-type-simple"},"_links":{"self":[{"href":"https:\/\/bookingadventures.com.do\/et\/wp-json\/wp\/v2\/product\/14005","targetHints":{"allow":["GET"]}}],"collection":[{"href":"https:\/\/bookingadventures.com.do\/et\/wp-json\/wp\/v2\/product"}],"about":[{"href":"https:\/\/bookingadventures.com.do\/et\/wp-json\/wp\/v2\/types\/product"}],"wp:featuredmedia":[{"embeddable":true,"href":"https:\/\/bookingadventures.com.do\/et\/wp-json\/wp\/v2\/media\/13415"}],"wp:attachment":[{"href":"https:\/\/bookingadventures.com.do\/et\/wp-json\/wp\/v2\/media?parent=14005"}],"wp:term":[{"taxonomy":"product_brand","embeddable":true,"href":"https:\/\/bookingadventures.com.do\/et\/wp-json\/wp\/v2\/product_brand?post=14005"},{"taxonomy":"product_cat","embeddable":true,"href":"https:\/\/bookingadventures.com.do\/et\/wp-json\/wp\/v2\/product_cat?post=14005"},{"taxonomy":"product_tag","embeddable":true,"href":"https:\/\/bookingadventures.com.do\/et\/wp-json\/wp\/v2\/product_tag?post=14005"}],"curies":[{"name":"wp","href":"https:\/\/api.w.org\/{rel}","templated":true}]}}