{"id":10859,"date":"2020-06-17T10:55:22","date_gmt":"2020-06-17T10:55:22","guid":{"rendered":"https:\/\/www.ticketswhales.com\/?page_id=10859"},"modified":"2021-12-03T01:01:16","modified_gmt":"2021-12-03T01:01:16","slug":"online-booking","status":"publish","type":"page","link":"https:\/\/bookingadventures.com.do\/fr\/reservation-en-ligne\/","title":{"rendered":"R\u00e9servation en ligne"},"content":{"rendered":"<div class=\"vc_row wpb_row vc_row-fluid vc_row-o-content-middle vc_row-flex mkdf-content-aligment-center\" ><div class=\"wpb_column vc_column_container vc_col-sm-12\"><div class=\"vc_column-inner vc_custom_1592676876868\"><div class=\"wpb_wrapper\"><div class=\"mkdf-section-title-holder\" style=\"text-align: center\">\n\t<div class=\"mkdf-st-inner\">\n\t\t\t\t\t<h5 class=\"mkdf-st-subtitle\" >\n\t\t\t\tpar Silven International\t\t\t<\/h5>\n\t\t\t\t\t\t\t<h3 class=\"mkdf-st-title\" style=\"color: #000000\">\n\t\t\t\tGuide de r\u00e9servation en ligne\t\t\t<\/h3>\n\t\t\t\t\t<\/div>\n<\/div><\/div><\/div><\/div><\/div><div class=\"mkdf-row-grid-section-wrapper\"  style=\"background-color:#e5e5e5\"><div class=\"mkdf-row-grid-section\"><div class=\"vc_row wpb_row vc_row-fluid vc_custom_1592767741612\" ><div class=\"wpb_column vc_column_container vc_col-sm-6\"><div class=\"vc_column-inner\"><div class=\"wpb_wrapper\">\n\t<div  class=\"wpb_single_image wpb_content_element vc_align_left\">\n\t\t\n\t\t<figure class=\"wpb_wrapper vc_figure\">\n\t\t\t<div class=\"vc_single_image-wrapper   vc_box_border_grey\"><img loading=\"lazy\" decoding=\"async\" class=\"vc_single_image-img\" src=\"https:\/\/bookingadventures.com.do\/wp-content\/uploads\/2017\/08\/86489070-400x300.jpg\" width=\"400\" height=\"300\" alt=\"86489070\" title=\"86489070\" \/><\/div>\n\t\t<\/figure>\n\t<\/div>\n<\/div><\/div><\/div><div class=\"wpb_column vc_column_container vc_col-sm-6\"><div class=\"vc_column-inner vc_custom_1592677186677\"><div class=\"wpb_wrapper\">\n\t<div class=\"wpb_text_column wpb_content_element  vc_custom_1592691032944\" >\n\t\t<div class=\"wpb_wrapper\">\n\t\t\t<h5>Liens rapides :<\/h5>\n<h5 style=\"text-align: left;\"><em><span style=\"color: #ffffff;\"><a style=\"color: #ff681a;\" href=\"#book\">1. Comment faire des r\u00e9servations<\/a><\/span><\/em><\/h5>\n<h5 style=\"text-align: left;\"><a href=\"#advantage\"><em><span style=\"color: #ff681a;\">2. Avantages de la r\u00e9servation en ligne<\/span><\/em><\/a><\/h5>\n<h5 style=\"text-align: left;\"><em><span style=\"color: #ff681a;\"><a style=\"color: #ff681a;\" href=\"#payment\">3. Modes de paiement<\/a><\/span><\/em><\/h5>\n\n\t\t<\/div>\n\t<\/div>\n<\/div><\/div><\/div><\/div><\/div><\/div><div class=\"vc_row wpb_row vc_row-fluid\" ><div class=\"wpb_column vc_column_container vc_col-sm-12\"><div class=\"vc_column-inner\"><div class=\"wpb_wrapper\"><div class=\"vc_row wpb_row vc_inner vc_row-fluid vc_custom_1592669359676\" ><div class=\"wpb_column vc_column_container vc_col-sm-12\"><div class=\"vc_column-inner\"><div class=\"wpb_wrapper\"><div class=\"mkdf-section-title-holder\" style=\"text-align: center\">\n\t<div class=\"mkdf-st-inner\">\n\t\t\t\t\t<h5 class=\"mkdf-st-subtitle\" >\n\t\t\t\tPas \u00e0 pas\t\t\t<\/h5>\n\t\t\t\t\t\t\t<h3 class=\"mkdf-st-title\" >\n\t\t\t\tComment r\u00e9server\t\t\t<\/h3>\n\t\t\t\t\t<\/div>\n<\/div><\/div><\/div><\/div><\/div><\/div><\/div><\/div><\/div><div class=\"mkdf-row-grid-section-wrapper\"  ><div class=\"mkdf-row-grid-section\"><div class=\"vc_row wpb_row vc_row-fluid vc_custom_1592669271101\" ><div class=\"wpb_column vc_column_container vc_col-sm-6\" id=\"book\"><div class=\"vc_column-inner\"><div class=\"wpb_wrapper\">\n\t<div  class=\"wpb_single_image wpb_content_element vc_align_center  wpb_animate_when_almost_visible wpb_zoomIn zoomIn\">\n\t\t\n\t\t<figure class=\"wpb_wrapper vc_figure\">\n\t\t\t<div class=\"vc_single_image-wrapper vc_box_outline  vc_box_border_sandy_brown\"><img loading=\"lazy\" decoding=\"async\" data-vc-zoom=\"https:\/\/bookingadventures.com.do\/wp-content\/uploads\/2021\/12\/Screen-Shot-2021-12-02-at-4.23.11-PM.png\" class=\"vc_single_image-img\" src=\"https:\/\/bookingadventures.com.do\/wp-content\/uploads\/2021\/12\/Screen-Shot-2021-12-02-at-4.23.11-PM-350x265.png\" width=\"350\" height=\"265\" alt=\"Capture d&#039;\u00e9cran 2021-12-02 \u00e0 4.23.11 PM\" title=\"Capture d&#039;\u00e9cran 2021-12-02 \u00e0 4.23.11 PM\" \/><\/div>\n\t\t<\/figure>\n\t<\/div>\n<\/div><\/div><\/div><div class=\"wpb_column vc_column_container vc_col-sm-6\"><div class=\"vc_column-inner\"><div class=\"wpb_wrapper\"><div class=\"vc_empty_space\"   style=\"height: 50px\"><span class=\"vc_empty_space_inner\"><\/span><\/div><div class=\"mkdf-section-title-holder\" style=\"text-align: center\">\n\t<div class=\"mkdf-st-inner\">\n\t\t\t\t\t\t\t<h3 class=\"mkdf-st-title\" style=\"color: #ff681a\">\n\t\t\t\t1. S\u00e9lectionnez Tour\t\t\t<\/h3>\n\t\t\t\t\t<\/div>\n<\/div>\n\t<div class=\"wpb_text_column wpb_content_element\" >\n\t\t<div class=\"wpb_wrapper\">\n\t\t\t<h6 style=\"text-align: center;\">VIEW\/BOOK Tours ou Excursions<\/h6>\n<h6 style=\"text-align: center;\">qui vous int\u00e9ressent.<\/h6>\n\n\t\t<\/div>\n\t<\/div>\n<\/div><\/div><\/div><\/div><\/div><\/div><div class=\"mkdf-row-grid-section-wrapper\"  ><div class=\"mkdf-row-grid-section\"><div class=\"vc_row wpb_row vc_row-fluid vc_custom_1592556490958\" ><div class=\"wpb_column vc_column_container vc_col-sm-6\"><div class=\"vc_column-inner\"><div class=\"wpb_wrapper\"><div class=\"vc_empty_space\"   style=\"height: 100px\"><span class=\"vc_empty_space_inner\"><\/span><\/div><div class=\"mkdf-section-title-holder\" style=\"text-align: center\">\n\t<div class=\"mkdf-st-inner\">\n\t\t\t\t\t\t\t<h3 class=\"mkdf-st-title\" style=\"color: #ff681a\">\n\t\t\t\t2. R\u00c9SERVEZ MAINTENANT\t\t\t<\/h3>\n\t\t\t\t\t<\/div>\n<\/div>\n\t<div class=\"wpb_text_column wpb_content_element\" >\n\t\t<div class=\"wpb_wrapper\">\n\t\t\t<h6 style=\"text-align: center;\">S\u00e9lectionnez la date, remplissez les autres d\u00e9tails<\/h6>\n<h6 style=\"text-align: center;\">et appuyez sur le bouton <strong>Ajouter au panier &gt;<\/strong><\/h6>\n\n\t\t<\/div>\n\t<\/div>\n<\/div><\/div><\/div><div class=\"wpb_column vc_column_container vc_col-sm-6\"><div class=\"vc_column-inner vc_custom_1592478221095\"><div class=\"wpb_wrapper\">\n\t<div  class=\"wpb_single_image wpb_content_element vc_align_center  wpb_animate_when_almost_visible wpb_zoomIn zoomIn\">\n\t\t\n\t\t<figure class=\"wpb_wrapper vc_figure\">\n\t\t\t<div class=\"vc_single_image-wrapper vc_box_outline  vc_box_border_sandy_brown\"><img loading=\"lazy\" decoding=\"async\" data-vc-zoom=\"https:\/\/bookingadventures.com.do\/wp-content\/uploads\/2021\/12\/Screen-Shot-2021-12-02-at-4.30.43-PM.png\" class=\"vc_single_image-img\" src=\"https:\/\/bookingadventures.com.do\/wp-content\/uploads\/2021\/12\/Screen-Shot-2021-12-02-at-4.30.43-PM-350x350.png\" width=\"350\" height=\"350\" alt=\"Capture d&#039;\u00e9cran 2021-12-02 \u00e0 4.30.43 PM\" title=\"Capture d&#039;\u00e9cran 2021-12-02 \u00e0 4.30.43 PM\" \/><\/div>\n\t\t<\/figure>\n\t<\/div>\n<\/div><\/div><\/div><\/div><\/div><\/div><div class=\"mkdf-row-grid-section-wrapper\"  ><div class=\"mkdf-row-grid-section\"><div class=\"vc_row wpb_row vc_row-fluid vc_custom_1592556483009\" ><div class=\"wpb_column vc_column_container vc_col-sm-6\"><div class=\"vc_column-inner\"><div class=\"wpb_wrapper\">\n\t<div  class=\"wpb_single_image wpb_content_element vc_align_center  wpb_animate_when_almost_visible wpb_zoomIn zoomIn\">\n\t\t\n\t\t<figure class=\"wpb_wrapper vc_figure\">\n\t\t\t<div class=\"vc_single_image-wrapper vc_box_outline  vc_box_border_sandy_brown\"><img loading=\"lazy\" decoding=\"async\" data-vc-zoom=\"https:\/\/bookingadventures.com.do\/wp-content\/uploads\/2021\/12\/Screen-Shot-2021-12-02-at-4.35.52-PM-e1638488841351.png\" class=\"vc_single_image-img\" src=\"https:\/\/bookingadventures.com.do\/wp-content\/uploads\/2021\/12\/Screen-Shot-2021-12-02-at-4.35.52-PM-e1638488841351-350x350.png\" width=\"350\" height=\"350\" alt=\"Capture d&#039;\u00e9cran 2021-12-02 \u00e0 4.35.52 PM\" title=\"Capture d&#039;\u00e9cran 2021-12-02 \u00e0 4.35.52 PM\" \/><\/div>\n\t\t<\/figure>\n\t<\/div>\n<\/div><\/div><\/div><div class=\"wpb_column vc_column_container vc_col-sm-6\"><div class=\"vc_column-inner vc_custom_1592478221095\"><div class=\"wpb_wrapper\"><div class=\"vc_empty_space\"   style=\"height: 50px\"><span class=\"vc_empty_space_inner\"><\/span><\/div><div class=\"mkdf-section-title-holder\" style=\"text-align: center\">\n\t<div class=\"mkdf-st-inner\">\n\t\t\t\t\t\t\t<h3 class=\"mkdf-st-title\" style=\"color: #ff681a\">\n\t\t\t\t3. PROCESSUS DE PAIEMENT\t\t\t<\/h3>\n\t\t\t\t\t<\/div>\n<\/div>\n\t<div class=\"wpb_text_column wpb_content_element\" >\n\t\t<div class=\"wpb_wrapper\">\n\t\t\t<h6 style=\"text-align: center;\">Veuillez v\u00e9rifier tous les produits que vous avez ajout\u00e9s \u00e0 votre panier,<\/h6>\n<h6 style=\"text-align: center;\">remplissez vos coordonn\u00e9es<\/h6>\n<h6 style=\"text-align: center;\">et appuyez sur TERMINER ET PAYER<\/h6>\n\n\t\t<\/div>\n\t<\/div>\n<\/div><\/div><\/div><\/div><\/div><\/div><div class=\"vc_row wpb_row vc_row-fluid vc_custom_1592691905252\" ><div class=\"wpb_column vc_column_container vc_col-sm-12\"><div class=\"vc_column-inner\"><div class=\"wpb_wrapper\"><div class=\"vc_separator wpb_content_element vc_separator_align_center vc_sep_width_100 vc_sep_pos_align_center vc_separator_no_text\" ><span class=\"vc_sep_holder vc_sep_holder_l\"><span  style=\"border-color:#ff681a;\" class=\"vc_sep_line\"><\/span><\/span><span class=\"vc_sep_holder vc_sep_holder_r\"><span  style=\"border-color:#ff681a;\" class=\"vc_sep_line\"><\/span><\/span>\n<\/div><\/div><\/div><\/div><\/div><div class=\"mkdf-row-grid-section-wrapper\"  ><div class=\"mkdf-row-grid-section\"><div class=\"vc_row wpb_row vc_row-fluid vc_custom_1592691934782\" ><div class=\"wpb_column vc_column_container vc_col-sm-12\" id=\"advantage\"><div class=\"vc_column-inner\"><div class=\"wpb_wrapper\"><div class=\"mkdf-section-title-holder\" style=\"text-align: center\">\n\t<div class=\"mkdf-st-inner\">\n\t\t\t\t\t\t\t<h3 class=\"mkdf-st-title\" >\n\t\t\t\tAvantages de la r\u00e9servation en ligne\t\t\t<\/h3>\n\t\t\t\t\t<\/div>\n<\/div>\n\t<div class=\"wpb_text_column wpb_content_element\" >\n\t\t<div class=\"wpb_wrapper\">\n\t\t\t<h5>Commodit\u00e9<\/h5>\n<p>L'un des avantages de la r\u00e9servation en ligne d'un circuit, d'un h\u00f4tel ou d'une voiture de location est sa commodit\u00e9. Le fait de pouvoir planifier tous vos d\u00e9placements sur Internet signifie que vous pouvez le faire \u00e0 n'importe quelle heure du jour ou de la nuit pendant que vous voyagez. Nos sp\u00e9cialistes du service client\u00e8le sont en ligne 24 heures sur 24, 7 jours sur 7. Il n'est pas n\u00e9cessaire de passer de longs appels t\u00e9l\u00e9phoniques ou de se rendre dans une agence de voyage - en quelques minutes et en un clic, vous aurez finalis\u00e9 tous vos projets.<\/p>\n<h5>Prix<\/h5>\n<p>Le grand avantage de la r\u00e9servation en ligne est que les prix sont bas et qu'il n'y a pas de frais cach\u00e9s. Tous nos circuits et excursions sont \u00e0 bas prix en ligne. Vous pouvez comparer les prix et choisir ce qui correspond le mieux \u00e0 vos go\u00fbts et \u00e0 votre budget, le tout en un seul endroit.<\/p>\n<h5>Modifications et annulations<\/h5>\n<p>Il est facile pour nos visiteurs de modifier ou d'annuler leurs r\u00e9servations en ligne. Si vous souhaitez modifier ou annuler votre r\u00e9servation, il vous suffit de nous contacter par chat en direct ou par e-mail.<\/p>\n<h5>Avis des clients<\/h5>\n<p>Faire une r\u00e9servation par t\u00e9l\u00e9phone ou dans une agence de voyage ne vous permet pas de v\u00e9rifier l'exp\u00e9rience des anciens clients. Un autre avantage des r\u00e9servations en ligne est la possibilit\u00e9 de consulter les commentaires des clients.<\/p>\n<h5>S\u00e9curit\u00e9<\/h5>\n<p>Vous n'avez pas \u00e0 vous soucier de garder de l'argent dans votre poche pendant vos vacances. Vous n'avez pas \u00e0 vous demander o\u00f9 retirer de l'argent et combien vous allez payer, si vous pouvez payer en dollars ou dans une autre devise, etc... C'est un autre avantage de la r\u00e9servation en ligne.<\/p>\n<h5>Billets mobiles<\/h5>\n<p>Il n'est pas n\u00e9cessaire d'imprimer votre ticket de r\u00e9servation. Il suffit de pr\u00e9senter le billet dans un t\u00e9l\u00e9phone.<\/p>\n\n\t\t<\/div>\n\t<\/div>\n<\/div><\/div><\/div><\/div><\/div><\/div><div class=\"vc_row wpb_row vc_row-fluid vc_custom_1592691919052\" ><div class=\"wpb_column vc_column_container vc_col-sm-12\"><div class=\"vc_column-inner\"><div class=\"wpb_wrapper\"><div class=\"vc_separator wpb_content_element vc_separator_align_center vc_sep_width_100 vc_sep_pos_align_center vc_separator_no_text\" ><span class=\"vc_sep_holder vc_sep_holder_l\"><span  style=\"border-color:#ff681a;\" class=\"vc_sep_line\"><\/span><\/span><span class=\"vc_sep_holder vc_sep_holder_r\"><span  style=\"border-color:#ff681a;\" class=\"vc_sep_line\"><\/span><\/span>\n<\/div><\/div><\/div><\/div><\/div><div class=\"mkdf-row-grid-section-wrapper\"  ><div class=\"mkdf-row-grid-section\"><div class=\"vc_row wpb_row vc_row-fluid\" ><div class=\"wpb_column vc_column_container vc_col-sm-12\" id=\"paypal\"><div class=\"vc_column-inner\"><div class=\"wpb_wrapper\">\n\t<div class=\"wpb_text_column wpb_content_element\" >\n\t\t<div class=\"wpb_wrapper\">\n\t\t\t<h3 style=\"text-align: center;\">Mode de paiement Paypal<\/h3>\n\n\t\t<\/div>\n\t<\/div>\n\n\t<div class=\"wpb_text_column wpb_content_element\" >\n\t\t<div class=\"wpb_wrapper\">\n\t\t\t<h5 style=\"text-align: center;\"><span style=\"color: #ff681a;\">Comment fonctionne Paypal ? Tout ce que vous devez savoir sur le traitement des paiements avec Paypal<\/span><\/h5>\n\n\t\t<\/div>\n\t<\/div>\n\n\t<div class=\"wpb_text_column wpb_content_element\" >\n\t\t<div class=\"wpb_wrapper\">\n\t\t\t<p style=\"text-align: center;\">Au lieu de saisir directement les informations relatives \u00e0 votre carte de cr\u00e9dit, vous pouvez utiliser le service PayPal pour le traitement des paiements. Avant de pouvoir utiliser ces services, vous devez cr\u00e9er un compte et enregistrer votre carte de cr\u00e9dit ou de d\u00e9bit. Ensuite, lorsque vous serez pr\u00eat \u00e0 effectuer un achat, s\u00e9lectionnez l'une de ces autres options de paiement. Vous ne saisirez que votre nom d'utilisateur et votre mot de passe pour ce service particulier, et le tiers traitera la transaction \u00e0 l'aide des informations de paiement que vous avez enregistr\u00e9es. Paypal est une soci\u00e9t\u00e9 internationale de traitement des paiements en ligne. <strong>des milliers d'entreprises dans le monde entier lui font confiance<\/strong>.<\/p>\n<p class=\"common-BodyText\"><strong>Paypal accepte les principales cartes de d\u00e9bit et de cr\u00e9dit des clients de tous les pays :<\/strong><\/p>\n<h6><a href=\"https:\/\/www.ticketswhales.com\/wp-content\/uploads\/2020\/06\/96-966814_no-title-credit-card-paypal-logo-hd-png.png\" target=\"_blank\" rel=\"noopener\"><img loading=\"lazy\" decoding=\"async\" class=\"alignnone wp-image-10948\" src=\"https:\/\/www.ticketswhales.com\/wp-content\/uploads\/2020\/06\/96-966814_no-title-credit-card-paypal-logo-hd-png-300x98.png\" alt=\"\" width=\"315\" height=\"103\" srcset=\"https:\/\/bookingadventures.com.do\/wp-content\/uploads\/2020\/06\/96-966814_no-title-credit-card-paypal-logo-hd-png-300x98.png 300w, https:\/\/bookingadventures.com.do\/wp-content\/uploads\/2020\/06\/96-966814_no-title-credit-card-paypal-logo-hd-png-600x197.png 600w, https:\/\/bookingadventures.com.do\/wp-content\/uploads\/2020\/06\/96-966814_no-title-credit-card-paypal-logo-hd-png-64x21.png 64w, https:\/\/bookingadventures.com.do\/wp-content\/uploads\/2020\/06\/96-966814_no-title-credit-card-paypal-logo-hd-png-768x252.png 768w, https:\/\/bookingadventures.com.do\/wp-content\/uploads\/2020\/06\/96-966814_no-title-credit-card-paypal-logo-hd-png.png 860w\" sizes=\"auto, (max-width: 315px) 100vw, 315px\" \/><\/a><\/h6>\n<h6>Si vous souhaitez payer par PAYPAL, veuillez s\u00e9lectionner l'option \u2192 Payez avec un compte Paypal<\/h6>\n\n\t\t<\/div>\n\t<\/div>\n<\/div><\/div><\/div><\/div><\/div><\/div><div class=\"mkdf-row-grid-section-wrapper\"  ><div class=\"mkdf-row-grid-section\"><div class=\"vc_row wpb_row vc_row-fluid\" ><div class=\"wpb_column vc_column_container vc_col-sm-12\"><div class=\"vc_column-inner\"><div class=\"wpb_wrapper\">\n\t<div class=\"wpb_text_column wpb_content_element\" >\n\t\t<div class=\"wpb_wrapper\">\n\t\t\t<h4><span style=\"color: #ff681a;\">Important !<\/span><\/h4>\n<p>Veuillez v\u00e9rifier le<strong> le type de votre carte de cr\u00e9dit<\/strong> que vous utilisez, par exemple Visa, Mastercard, Discover, American Express et <strong>choisir le processeur de carte de cr\u00e9dit<\/strong> par exemple Stripe, Paypal ou PayU. Si l'organisme de traitement des cartes de cr\u00e9dit que vous avez choisi <strong>n'accepte pas votre type de carte de cr\u00e9dit<\/strong>Dans ce cas, veuillez utiliser un autre type de carte de cr\u00e9dit ou un autre organisme de traitement des cartes de cr\u00e9dit. (Vous rencontrerez peut-\u00eatre ce probl\u00e8me plus souvent avec American Express et Discover qu'avec les autres soci\u00e9t\u00e9s de gestion de cartes de cr\u00e9dit. <a href=\"https:\/\/www.thebalance.com\/best-visa-credit-cards-4767794\" data-component=\"link\" data-source=\"inlineLink\" data-type=\"internalLink\" data-ordinal=\"1\" target=\"_blank\" rel=\"noopener\">Visa\u00a0<\/a>ou Mastercard).<\/p>\n<p>Assurez-vous \u00e9galement que votre carte de cr\u00e9dit <strong>il est actif<\/strong> et vous avez <strong>suffisamment de cr\u00e9dit disponible<\/strong> sur votre compte avant d'effectuer la transaction. Dans le cas contraire, la transaction sera refus\u00e9e.<\/p>\n\n\t\t<\/div>\n\t<\/div>\n<div class=\"vc_empty_space\"   style=\"height: 32px\"><span class=\"vc_empty_space_inner\"><\/span><\/div><\/div><\/div><\/div><\/div><\/div><\/div><div class=\"vc_row wpb_row vc_row-fluid vc_custom_1592691919052\" ><div class=\"wpb_column vc_column_container vc_col-sm-12\"><div class=\"vc_column-inner\"><div class=\"wpb_wrapper\"><div class=\"vc_separator wpb_content_element vc_separator_align_center vc_sep_width_100 vc_sep_pos_align_center vc_separator_no_text\" ><span class=\"vc_sep_holder vc_sep_holder_l\"><span  style=\"border-color:#ff681a;\" class=\"vc_sep_line\"><\/span><\/span><span class=\"vc_sep_holder vc_sep_holder_r\"><span  style=\"border-color:#ff681a;\" class=\"vc_sep_line\"><\/span><\/span>\n<\/div><\/div><\/div><\/div><\/div><div class=\"mkdf-row-grid-section-wrapper\"  ><div class=\"mkdf-row-grid-section\"><div class=\"vc_row wpb_row vc_row-fluid\" ><div class=\"wpb_column vc_column_container vc_col-sm-12\"><div class=\"vc_column-inner\"><div class=\"wpb_wrapper\">\n\t<div class=\"wpb_text_column wpb_content_element\" >\n\t\t<div class=\"wpb_wrapper\">\n\t\t\t<h2>Politique d'annulation<\/h2>\n<p>Covid - 19 et toutes les annulations se font apr\u00e8s paiement par carte de cr\u00e9dit ou Paypal.<\/p>\n<p>Les clients recevront un bon de paiement lorsqu'ils effectueront le d\u00e9p\u00f4t obligatoire 50%. Ce bon peut \u00eatre utilis\u00e9 comme confirmation des billets.<\/p>\n<h4>R\u00e8gles d'adh\u00e9sion aux groupes.<\/h4>\n<p>Pour annuler le voyage, il faut attendre 14 jours avant la date pr\u00e9vue de l'activit\u00e9. Dans ce cas, les clients recevront le montant total du d\u00e9p\u00f4t. Si l'annulation n'a pas lieu dans les 14 jours, les billets ne peuvent pas \u00eatre rembours\u00e9s, mais les clients peuvent changer la date.<\/p>\n<p>Au cas o\u00f9 les clients ne se pr\u00e9senteraient pas \u00e0 la date du voyage. Les fonds seront perdus.<\/p>\n<h4>R\u00e8gles applicables aux groupes priv\u00e9s.<\/h4>\n<p>Pour annuler le voyage, il faut attendre 20 jours avant la date pr\u00e9vue de l'activit\u00e9. Dans ce cas, les clients recevront le montant total du d\u00e9p\u00f4t. Si l'annulation n'intervient pas dans les 20 jours, les billets ne peuvent pas \u00eatre rembours\u00e9s, mais les clients peuvent modifier la date.<\/p>\n<p>Au cas o\u00f9 les clients ne se pr\u00e9senteraient pas \u00e0 la date du voyage. Les fonds seront perdus.<\/p>\n<p>&nbsp;<\/p>\n<p><strong>Mise \u00e0 jour 02\/01\/2021<\/strong><\/p>\n\n\t\t<\/div>\n\t<\/div>\n<\/div><\/div><\/div><\/div><\/div><\/div>","protected":false},"excerpt":{"rendered":"by Silven International Online Booking Guide Fast Links: 1. How to Make Reservations 2. Advantages of Booking Online 3. Payment Methods Step by Step How To Make Reservations 1. Select Tour VIEW\/BOOK Tours or Excursions you are interested in. 2. [...]","protected":false},"author":1,"featured_media":0,"parent":0,"menu_order":0,"comment_status":"closed","ping_status":"closed","template":"full-width.php","meta":{"footnotes":""},"class_list":["post-10859","page","type-page","status-publish","hentry"],"_links":{"self":[{"href":"https:\/\/bookingadventures.com.do\/fr\/wp-json\/wp\/v2\/pages\/10859","targetHints":{"allow":["GET"]}}],"collection":[{"href":"https:\/\/bookingadventures.com.do\/fr\/wp-json\/wp\/v2\/pages"}],"about":[{"href":"https:\/\/bookingadventures.com.do\/fr\/wp-json\/wp\/v2\/types\/page"}],"author":[{"embeddable":true,"href":"https:\/\/bookingadventures.com.do\/fr\/wp-json\/wp\/v2\/users\/1"}],"replies":[{"embeddable":true,"href":"https:\/\/bookingadventures.com.do\/fr\/wp-json\/wp\/v2\/comments?post=10859"}],"version-history":[{"count":0,"href":"https:\/\/bookingadventures.com.do\/fr\/wp-json\/wp\/v2\/pages\/10859\/revisions"}],"wp:attachment":[{"href":"https:\/\/bookingadventures.com.do\/fr\/wp-json\/wp\/v2\/media?parent=10859"}],"curies":[{"name":"wp","href":"https:\/\/api.w.org\/{rel}","templated":true}]}}