{"id":13953,"date":"2021-11-25T10:25:55","date_gmt":"2021-11-25T10:25:55","guid":{"rendered":"https:\/\/bookingadventures.com.do\/?post_type=product&#038;p=13953"},"modified":"2021-11-25T10:26:00","modified_gmt":"2021-11-25T10:26:00","slug":"zip-line-samana-el-valle-with-lunch-on-the-beach","status":"publish","type":"product","link":"https:\/\/bookingadventures.com.do\/fr\/dominicantour\/zip-line-samana-el-valle-avec-dejeuner-sur-la-plage\/","title":{"rendered":"Tyrolienne Samana El Valle avec d\u00e9jeuner sur la plage"},"content":{"rendered":"<div class=\"vc_row wpb_row vc_row-fluid\" ><div class=\"wpb_column vc_column_container vc_col-sm-12\"><div class=\"vc_column-inner\"><div class=\"wpb_wrapper\"><div class=\"mkdf-section-title-holder\" style=\"text-align: left\">\n\t<div class=\"mkdf-st-inner\">\n\t\t\t\t\t<h5 class=\"mkdf-st-subtitle\" >\n\t\t\t\tAventures en tyrolienne\t\t\t<\/h5>\n\t\t\t\t\t\t\t<h3 class=\"mkdf-st-title\" >\n\t\t\t\tTyrolienne Samana, El Valle avec d\u00e9jeuner sur la plage\t\t\t<\/h3>\n\t\t\t\t\t<\/div>\n<\/div><\/div><\/div><\/div><\/div><div class=\"vc_row wpb_row vc_row-fluid\" ><div class=\"wpb_column vc_column_container vc_col-sm-12\"><div class=\"vc_column-inner\"><div class=\"wpb_wrapper\"><div class=\"vc_empty_space\"   style=\"height: 32px\"><span class=\"vc_empty_space_inner\"><\/span><\/div><\/div><\/div><\/div><\/div><div class=\"vc_row wpb_row vc_row-fluid\" ><\/div><div class=\"wpb_column vc_column_container vc_col-sm-12\"><div class=\"vc_column-inner\"><div class=\"wpb_wrapper\"><\/div><\/div><\/div>\n\t<div class=\"wpb_text_column wpb_content_element\" >\n\t\t<div class=\"wpb_wrapper\">\n\t\t\t\n\t\t<\/div>\n\t<\/div>\n<h4><b><i>Vue d'ensemble <\/i><\/b><\/h4>\n<p>Tyrolienne \u00e0 Saman\u00e1, El Valle et d\u00e9jeuner sur la plage. Venez avec nous et visitez l'une des plus longues tyroliennes des Cara\u00efbes : 12 lignes, 13 stations et plus de 7 400 pieds de c\u00e2ble. \u00c9quipez-vous et suivez vos guides sur les douze plates-formes de tyrolienne en parcourant des lignes allant jusqu'\u00e0 1 000 pieds (304 m\u00e8tres) tout en admirant les paysages a\u00e9riens.<\/p>\n<p>Apr\u00e8s cette exp\u00e9rience, vous pourrez passer du temps sur la plage et d\u00e9jeuner sur place.<\/p>\n<ul>\n<li style=\"font-weight: 400;\"><span style=\"font-weight: 400;\">D\u00e9jeuner buffet sur la plage inclus <\/span><\/li>\n<li style=\"font-weight: 400;\"><span style=\"font-weight: 400;\">Faire de la tyrolienne dans la for\u00eat tropicale et admirer le paysage<\/span><\/li>\n<li style=\"font-weight: 400;\"><span style=\"font-weight: 400;\">Le guide fournit des instructions et une supervision<\/span><\/li>\n<\/ul>\n<p>&nbsp;<\/p>\n<h4><b>Inclusions et exclusions<\/b><\/h4>\n<p>&nbsp;<\/p>\n<p><b>Inclusions<\/b><\/p>\n<ol>\n<li style=\"font-weight: 400;\"><span style=\"font-weight: 400;\">D\u00e9jeuner buffet sur la plage<\/span><\/li>\n<li style=\"font-weight: 400;\"><span style=\"font-weight: 400;\">Tour en zipline<\/span><\/li>\n<li style=\"font-weight: 400;\"><span style=\"font-weight: 400;\">D\u00e9gustation de caf\u00e9 et de cacao<\/span><\/li>\n<li style=\"font-weight: 400;\"><span style=\"font-weight: 400;\">Toutes les taxes, tous les frais et tous les frais de gestion<\/span><\/li>\n<li style=\"font-weight: 400;\"><span style=\"font-weight: 400;\">Imp\u00f4ts locaux<\/span><\/li>\n<li style=\"font-weight: 400;\"><span style=\"font-weight: 400;\">Boissons<\/span><\/li>\n<li style=\"font-weight: 400;\"><span style=\"font-weight: 400;\">Toutes les activit\u00e9s<\/span><\/li>\n<li style=\"font-weight: 400;\"><span style=\"font-weight: 400;\">Guide local<\/span><\/li>\n<\/ol>\n<p><b> Exclusions<\/b><\/p>\n<ol>\n<li style=\"font-weight: 400;\"><span style=\"font-weight: 400;\">Pourboires<\/span><\/li>\n<li style=\"font-weight: 400;\"><span style=\"font-weight: 400;\">Transfert<\/span><\/li>\n<li style=\"font-weight: 400;\"><span style=\"font-weight: 400;\">Boissons alcoolis\u00e9es<\/span><\/li>\n<\/ol>\n<p>&nbsp;<\/p>\n<h4><em><strong>D\u00e9part et retour<\/strong><\/em><\/h4>\n<p><span style=\"font-weight: 400;\">Le voyageur obtiendra un point de rencontre apr\u00e8s le processus de r\u00e9servation. Les circuits commencent et se terminent \u00e0 nos points de rencontre.<\/span><\/p>\n<p>&nbsp;<\/p>\n<h4><b><i>\u00c0 quoi s'attendre ?<\/i><\/b><\/h4>\n<p>&nbsp;<\/p>\n<p><em><strong>Achetez vos billets<\/strong><\/em> pour la visite du Zipline el Valle \u00e0 Saman\u00e1, ainsi qu'un merveilleux d\u00e9jeuner et un moment de d\u00e9tente sur la plage El Valle.<\/p>\n<p>Une fois que nous avons re\u00e7u tous les types d'\u00e9quipements n\u00e9cessaires \u00e0 votre s\u00e9curit\u00e9 (harnais, casques, etc.), nous commen\u00e7ons \u00e0 marcher un peu plus loin dans la for\u00eat humide de noix de coco et de cacaos de Saman\u00e1.<\/p>\n<p><span style=\"font-weight: 400;\">L'excursion, organis\u00e9e par \"Booking Adventures\", commence au point de rencontre fix\u00e9 avec le guide touristique. Il s'agit d'un chalet de la r\u00e9gion, o\u00f9 les guides accueillent les visiteurs avec une d\u00e9gustation de chocolat et de caf\u00e9 biologique, ainsi qu'un shot de Mamajuana. L'excitation commence au moment o\u00f9 les guides de la tyrolienne commencent \u00e0 mettre tout l'\u00e9quipement r\u00e9glementaire \u00e0 la disposition de chaque ziplineur et expliquent \u00e9tape par \u00e9tape ce qu'il faut faire sur la tyrolienne. Les casques de s\u00e9curit\u00e9 \u00e0 double harnais devront \u00eatre utilis\u00e9s... l'adr\u00e9naline commence \u00e0 faire effet, on transpire et on prend m\u00eame des ris pour voir la distance du premier saut. Attendez et engagez-vous dans la \"ligne de s\u00e9curit\u00e9\" sur le c\u00e2ble d'acier et c'est alors le moment de lib\u00e9rer votre corps, d'\u00e9prouver la sensation de voler, de passer de plateforme en plateforme et de profiter de l'air avec une vue privil\u00e9gi\u00e9e sur les montagnes luxuriantes, anciennes et tropicales. <\/span><\/p>\n<p><span style=\"font-weight: 400;\">Booking Adventures, Zip-Line el Valle est compos\u00e9 de 12 plateformes interconnect\u00e9es par trois c\u00e2bles d'acier pour un total de 7 400 pieds de c\u00e2bles, qui supportent 13 mille livres chacun, o\u00f9 les aventuriers glissent en partant de la premi\u00e8re plateforme inspir\u00e9e d'un bateau pirate et \u00e0 une distance de 1 000 pieds de la deuxi\u00e8me plateforme, \u00e0 une hauteur de plus de 400 pieds. Pirouette, cri d'excitation ou simplement distraction du regard \u00e0 un angle de 360 degr\u00e9s autour, en d\u00e9couvrant la for\u00eat tropicale la plus exub\u00e9rante qui pousse au c\u0153ur des montagnes.<\/span><\/p>\n<p>On monte sur les c\u00e2bles pour de nombreuses stations et on termine \u00e0 la plage d'El Valle. Cette plage est l'une des plus belles de Saman\u00e1 et il n'y a g\u00e9n\u00e9ralement pas beaucoup de monde.<\/p>\n<p>D\u00e9jeuner \u00e0 la plage et vous pouvez rester aussi longtemps que vous le souhaitez \u00e0 nager. Le poisson frit et les Tostones sont offerts ! Si vous \u00eates v\u00e9g\u00e9talien, nous pouvons \u00e9galement vous pr\u00e9parer de la nourriture.<\/p>\n<p>&nbsp;<\/p>\n<h4><em><strong>Que faut-il apporter ?<\/strong><\/em><\/h4>\n<ul>\n<li style=\"font-weight: 400;\"><span style=\"font-weight: 400;\">Appareil photo<\/span><\/li>\n<li style=\"font-weight: 400;\"><span style=\"font-weight: 400;\">Bourgeons r\u00e9pulsifs<\/span><\/li>\n<li style=\"font-weight: 400;\"><span style=\"font-weight: 400;\">cr\u00e8me solaire<\/span><\/li>\n<li style=\"font-weight: 400;\"><span style=\"font-weight: 400;\">Chapeau<\/span><\/li>\n<li style=\"font-weight: 400;\"><span style=\"font-weight: 400;\">Pantalon confortable<\/span><\/li>\n<li style=\"font-weight: 400;\"><span style=\"font-weight: 400;\">Chaussures de randonn\u00e9e pour la for\u00eat<\/span><\/li>\n<li style=\"font-weight: 400;\"><span style=\"font-weight: 400;\">Des sandales pour la plage<\/span><\/li>\n<li style=\"font-weight: 400;\"><span style=\"font-weight: 400;\">V\u00eatements de bain<\/span><\/li>\n<\/ul>\n<p>&nbsp;<\/p>\n<h4><b><i>Ramassage \u00e0 l'h\u00f4tel <\/i><\/b><\/h4>\n<p><span style=\"font-weight: 400;\">La prise en charge \u00e0 l'h\u00f4tel n'est pas propos\u00e9e pour ce circuit. <\/span><\/p>\n<p>&nbsp;<\/p>\n<p><b>Remarque :<\/b><span style=\"font-weight: 400;\"> si vous r\u00e9servez dans les 24 heures pr\u00e9c\u00e9dant l'heure de d\u00e9part de la visite\/excursion, nous pouvons organiser la prise en charge \u00e0 l'h\u00f4tel moyennant des frais suppl\u00e9mentaires. Une fois votre achat effectu\u00e9, nous vous enverrons les coordonn\u00e9es compl\u00e8tes (num\u00e9ro de t\u00e9l\u00e9phone, adresse \u00e9lectronique, etc.) de notre guide local pour organiser la prise en charge.<\/span><\/p>\n<h4><b><i>Informations compl\u00e9mentaires Confirmation <\/i><\/b><\/h4>\n<ol>\n<li>Les billets sont le re\u00e7u apr\u00e8s le paiement de cette tourn\u00e9e. Vous pouvez montrer le paiement sur votre t\u00e9l\u00e9phone.<\/li>\n<li style=\"font-weight: 400;\"><span style=\"font-weight: 400;\">Le point de rencontre sera communiqu\u00e9 apr\u00e8s le processus de r\u00e9servation.<\/span><\/li>\n<li style=\"font-weight: 400;\"><span style=\"font-weight: 400;\">Les enfants doivent \u00eatre accompagn\u00e9s d'un adulte.<\/span><\/li>\n<li style=\"font-weight: 400;\"><span style=\"font-weight: 400;\"> Les participants doivent peser au moins 45 livres. <\/span><\/li>\n<li style=\"font-weight: 400;\"><span style=\"font-weight: 400;\">Il n'y a pas de poids maximum mais les harnais doivent \u00eatre adapt\u00e9s \u00e0 votre corps. (taille 54 max.) <\/span><\/li>\n<li style=\"font-weight: 400;\"><span style=\"font-weight: 400;\">Vous pouvez faire de la tyrolienne \u00e0 deux, avec des enfants ou avec quelqu'un de sp\u00e9cial. Remarque : il y a une marche de 100 m\u00e8tres sur une colline de gravier abrupte pour acc\u00e9der \u00e0 la premi\u00e8re plate-forme.<\/span><\/li>\n<li style=\"font-weight: 400;\"><span style=\"font-weight: 400;\"> Non accessible aux fauteuils roulants <\/span><\/li>\n<li style=\"font-weight: 400;\"><span style=\"font-weight: 400;\">Les enfants en bas \u00e2ge doivent \u00eatre assis sur les genoux <\/span><\/li>\n<li style=\"font-weight: 400;\"><span style=\"font-weight: 400;\">D\u00e9conseill\u00e9 aux voyageurs souffrant de probl\u00e8mes de dos<\/span><\/li>\n<li style=\"font-weight: 400;\"><span style=\"font-weight: 400;\">D\u00e9conseill\u00e9 aux voyageuses enceintes <\/span><\/li>\n<li style=\"font-weight: 400;\"><span style=\"font-weight: 400;\"><span style=\"vertical-align: inherit;\"><span style=\"vertical-align: inherit;\"> Sans probl\u00e8mes cardiaques ni autres probl\u00e8mes m\u00e9dicaux graves <\/span><\/span><\/span><\/li>\n<li style=\"font-weight: 400;\"><span style=\"font-weight: 400;\"><span style=\"vertical-align: inherit;\"><span style=\"vertical-align: inherit;\">La majorit\u00e9 des voyageurs peuvent participer<\/span><\/span><\/span><\/li>\n<\/ol>\n<h4><b><i><span style=\"vertical-align: inherit;\"><span style=\"vertical-align: inherit;\">Politique d'annulation<\/span><\/span><\/i><\/b><\/h4>\n<p><span style=\"font-weight: 400;\"><span style=\"vertical-align: inherit;\"><span style=\"vertical-align: inherit;\">Pour obtenir un remboursement complet, annulez au moins 24 heures avant la date de d\u00e9but de l'exp\u00e9rience. <\/span><\/span><\/span><span style=\"vertical-align: inherit;\"><span style=\"vertical-align: inherit;\">[\/ vc_column_text] [\/ vc_column] [\/ vc_row] <div class=\"vc_row wpb_row vc_row-fluid\" ><\/div> <div class=\"wpb_column vc_column_container vc_col-sm-12\"><div class=\"vc_column-inner\"><div class=\"wpb_wrapper\"><\/div><\/div><\/div> \n\t<div class=\"wpb_text_column wpb_content_element\" >\n\t\t<div class=\"wpb_wrapper\">\n\t\t\t\n\t\t<\/div>\n\t<\/div>\n<\/span><\/span><\/p>\n<h4><span style=\"vertical-align: inherit;\"><span style=\"vertical-align: inherit;\">\u00bfCont\u00e1ctenos ?<\/span><\/span><\/h4>\n<h5><span style=\"vertical-align: inherit;\"><span style=\"vertical-align: inherit;\">R\u00e9servations d'aventures<\/span><\/span><\/h5>\n<p><em><span style=\"vertical-align: inherit;\"><span style=\"vertical-align: inherit;\">\u00a0Guides touristiques et services pour les personnes handicap\u00e9es <\/span><strong><span style=\"vertical-align: inherit;\">localit\u00e9s<\/span><\/strong><span style=\"vertical-align: inherit;\"> \u00a0y\u00a0 <\/span><\/span><strong><span style=\"vertical-align: inherit;\"><span style=\"vertical-align: inherit;\">nacionales<\/span><\/span><\/strong><\/em><\/p>\n<p><span class=\"text-turquoise\"><span style=\"vertical-align: inherit;\"><span style=\"vertical-align: inherit;\">R\u00e9serves :<\/span><\/span><\/span><span style=\"vertical-align: inherit;\"><span style=\"vertical-align: inherit;\"> \u00a0Excursions et visites guid\u00e9es \u00e0 Dom. <\/span><span style=\"vertical-align: inherit;\">Repr\u00e9sentants.<\/span><\/span><\/p>\n<p><img decoding=\"async\" class=\"emoji\" draggable=\"false\" src=\"https:\/\/s.w.org\/images\/core\/emoji\/11.2.0\/svg\/1f4de.svg\" alt=\"\ud83d\udcde\" \/><span style=\"vertical-align: inherit;\"><span style=\"vertical-align: inherit;\">\u00a0T\u00e9l \/ Whatsapp\u00a0\u00a0 <\/span><\/span><a href=\"tel:+1-809-720-6035\"><span style=\"vertical-align: inherit;\"><span style=\"vertical-align: inherit;\">+ 1-809-720-6035<\/span><\/span><\/a><span style=\"vertical-align: inherit;\"><span style=\"vertical-align: inherit;\"> .<\/span><\/span><\/p>\n<p><img decoding=\"async\" class=\"emoji\" draggable=\"false\" src=\"https:\/\/s.w.org\/images\/core\/emoji\/11.2.0\/svg\/1f4e9.svg\" alt=\"\ud83d\udce9\" \/>\u00a0<a href=\"mailto:info@bookingadventures.com.do\"><span style=\"vertical-align: inherit;\"><span style=\"vertical-align: inherit;\">info@bookingadventures.com.do<\/span><\/span><\/a><\/p>\n<p><strong><span style=\"vertical-align: inherit;\"><span style=\"vertical-align: inherit;\">Nous sommes des tours priv\u00e9s de configuration flexible par Whatsapp :\u00a0 <\/span><\/span><a href=\"tel:+18097206035\"><span style=\"vertical-align: inherit;\"><span style=\"vertical-align: inherit;\">+18097206035. <\/span><\/span><\/a><\/strong><span style=\"vertical-align: inherit;\"><span style=\"vertical-align: inherit;\">[\/ vc_column_text] <div class=\"vc_empty_space\"   style=\"height: 32px\"><span class=\"vc_empty_space_inner\"><\/span><\/div> [\/ vc_column] [\/ vc_row]<\/span><\/span><\/p>","protected":false},"excerpt":{"rendered":"<p><span style=\"vertical-align: inherit;\"><span style=\"vertical-align: inherit;\">Tirolesa \u00e0 Saman\u00e1, El Valle m\u00e1s Almuerzo en la playa. <\/span><span style=\"vertical-align: inherit;\">\u00a1Venez avec nous et visitez l'une des plus grandes tourbi\u00e8res des Cara\u00efbes 12 lignes, 13 stations et plus de 7 400 pies de c\u00e2ble !<\/span><\/span><\/p>\n<p><span style=\"vertical-align: inherit;\"><span style=\"vertical-align: inherit;\">Apr\u00e8s cette exp\u00e9rience, vous passerez le plus clair de votre temps sur la plage, avec un repas local sur la plage.<\/span><\/span><\/p>\n<p>&nbsp;<\/p>\n<p><em><strong><span style=\"vertical-align: inherit;\"><span style=\"vertical-align: inherit;\">S\u00e9lectionnez la date de la visite\u00a0<\/span><\/span><\/strong><\/em><\/p>","protected":false},"featured_media":12955,"template":"","meta":[],"product_brand":[],"product_cat":[744,295,337,321,322,323],"product_tag":[340,359,360,344,349,350,345,361,362,363],"class_list":{"0":"post-13953","1":"product","2":"type-product","3":"status-publish","4":"has-post-thumbnail","6":"product_cat-1-samana","7":"product_cat-hiking","8":"product_cat-lunch","9":"product_cat-tours-and-excursions","10":"product_cat-tours-excursions-los-haitises-national-park","11":"product_cat-tours-excursions-samana-bay-dominican-republic","12":"product_tag-beach-time","13":"product_tag-el-valle-beach","14":"product_tag-playa-el-valle","15":"product_tag-samana","16":"product_tag-samana-bay","17":"product_tag-samana-excursions","18":"product_tag-samana-tours","19":"product_tag-tours-dominican-republic","20":"product_tag-zip-line","21":"product_tag-zip-line-samana","23":"first","24":"instock","25":"sale","26":"sold-individually","27":"shipping-taxable","28":"purchasable","29":"product-type-simple"},"_links":{"self":[{"href":"https:\/\/bookingadventures.com.do\/fr\/wp-json\/wp\/v2\/product\/13953","targetHints":{"allow":["GET"]}}],"collection":[{"href":"https:\/\/bookingadventures.com.do\/fr\/wp-json\/wp\/v2\/product"}],"about":[{"href":"https:\/\/bookingadventures.com.do\/fr\/wp-json\/wp\/v2\/types\/product"}],"wp:featuredmedia":[{"embeddable":true,"href":"https:\/\/bookingadventures.com.do\/fr\/wp-json\/wp\/v2\/media\/12955"}],"wp:attachment":[{"href":"https:\/\/bookingadventures.com.do\/fr\/wp-json\/wp\/v2\/media?parent=13953"}],"wp:term":[{"taxonomy":"product_brand","embeddable":true,"href":"https:\/\/bookingadventures.com.do\/fr\/wp-json\/wp\/v2\/product_brand?post=13953"},{"taxonomy":"product_cat","embeddable":true,"href":"https:\/\/bookingadventures.com.do\/fr\/wp-json\/wp\/v2\/product_cat?post=13953"},{"taxonomy":"product_tag","embeddable":true,"href":"https:\/\/bookingadventures.com.do\/fr\/wp-json\/wp\/v2\/product_tag?post=13953"}],"curies":[{"name":"wp","href":"https:\/\/api.w.org\/{rel}","templated":true}]}}