{"id":13990,"date":"2021-11-25T10:26:14","date_gmt":"2021-11-25T10:26:14","guid":{"rendered":"https:\/\/bookingadventures.com.do\/?post_type=product&#038;p=13990"},"modified":"2024-11-13T08:35:02","modified_gmt":"2024-11-13T08:35:02","slug":"whale-watching-2022-in-punta-cana-cap-cana-to-samana-bay-cayo-levantado-bacardi-island-from-hotels","status":"publish","type":"product","link":"https:\/\/bookingadventures.com.do\/fr\/dominicantour\/whale-watching-2022-in-punta-cana-cap-cana-to-samana-bay-cayo-levantado-bacardi-island-from-hotels\/","title":{"rendered":"Whale Watching in Punta Cana\/Cap Cana to Samana Bay + Cayo Levantado (Bacardi Island) from Hotels."},"content":{"rendered":"<div class=\"vc_row wpb_row vc_row-fluid\" ><div class=\"wpb_column vc_column_container vc_col-sm-12\"><div class=\"vc_column-inner\"><div class=\"wpb_wrapper\"><div class=\"mkdf-section-title-holder\" style=\"text-align: left\">\n\t<div class=\"mkdf-st-inner\">\n\t\t\t\t\t<h5 class=\"mkdf-st-subtitle\" >\n\t\t\t\tPick Up from Hotels and Cayo Levantado (Bacardi Island).\t\t\t<\/h5>\n\t\t\t\t\t\t\t<h3 class=\"mkdf-st-title\" >\n\t\t\t\tWhale Watching in Punta Cana\/Cap Cana to Samana Bay\t\t\t<\/h3>\n\t\t\t\t\t<\/div>\n<\/div><\/div><\/div><\/div><\/div><div class=\"vc_row wpb_row vc_row-fluid\" ><div class=\"wpb_column vc_column_container vc_col-sm-12\"><div class=\"vc_column-inner\"><div class=\"wpb_wrapper\">\n\t<div class=\"wpb_text_column wpb_content_element\" >\n\t\t<div class=\"wpb_wrapper\">\n\t\t\t<div class=\"vc_row wpb_row vc_row-fluid\">\n<div class=\"wpb_column vc_column_container vc_col-sm-12\">\n<div class=\"vc_column-inner\">\n<div class=\"wpb_wrapper\">\n<div class=\"wpb_text_column wpb_content_element\">\n<div class=\"wpb_wrapper\">\n<div class=\"vc_row wpb_row vc_row-fluid\">\n<div class=\"wpb_column vc_column_container vc_col-sm-12\">\n<div class=\"vc_column-inner\">\n<div class=\"wpb_wrapper\">\n<div class=\"wpb_text_column wpb_content_element\">\n<div class=\"wpb_wrapper\">\n<h4><b><i>Vue d'ensemble<img decoding=\"async\" class=\"emoji\" draggable=\"false\" src=\"https:\/\/s.w.org\/images\/core\/emoji\/12.0.0-1\/svg\/1f433.svg\" alt=\"\ud83d\udc33\" \/><\/i><\/b><\/h4>\n<p>Whale Punta Cana, whale watching in Saman\u00e1 Bay and visit Cayo Levantado during this full-day excursion from Punta Cana hotels. Travel to Saman\u00e1 bay aboard a comfortable, air-conditioned coach, then transfer to a boat Catamaran\u00a0 at Miches. Cruise out into the open waters to look for the pods of humpback whales who visit to breed and have their calves in the area. Learn about the behavior and biology of these marine mammals from your expert naturalist guide. Continue to Cayo Levantado, or Bacardi Island, for lunch on the beach and a dip in the azure waters before returning to Punta Cana.<\/p>\n<p>&nbsp;<\/p>\n<p><strong>Remarque : <\/strong>This tour can or not include the stop at\u00a0<strong>Cascade de Limon<\/strong>. To book same trip with the waterfalls please <a href=\"https:\/\/www.ticketswhales.com\/Tours-Excursions\/fees-entrace\/samana-whale-watching-cayo-levantado-bacardi-island-limon-waterfalls-from-punta-cana-hotels\/\" target=\"_blank\" rel=\"noopener\">CLIQUEZ ICI.<\/a><\/p>\n<p>&nbsp;<\/p>\n<ul>\n<li>Observation des baleines<\/li>\n<li>Droits d'entr\u00e9e \u00e0 l'Observatoire<\/li>\n<li>D\u00e9jeuner buffet sur la plage inclus<\/li>\n<li>Transfert de bateau<\/li>\n<li>Transfer from Punta Cana Hotels<\/li>\n<li>Le capitaine assure l'instruction et la supervision<\/li>\n<li>Guide touristique<\/li>\n<\/ul>\n<p>&nbsp;<\/p>\n<h4><b>Inclusions et exclusions<\/b><\/h4>\n<p>&nbsp;<\/p>\n<p><b>Inclusions<\/b><\/p>\n<p>&nbsp;<\/p>\n<ol>\n<li>D\u00e9jeuner buffet sur la plage<\/li>\n<li>Guide touristique<\/li>\n<li>Excursion en catamaran ou en bateau<\/li>\n<li>Toutes les taxes, tous les frais et tous les frais de gestion<\/li>\n<li>Imp\u00f4ts locaux<\/li>\n<li>Boissons<\/li>\n<\/ol>\n<p><b>Exclusions<\/b><\/p>\n<ol>\n<li>Pourboires<\/li>\n<\/ol>\n<p>&nbsp;<\/p>\n<h4><em><strong>D\u00e9part et retour<\/strong><\/em><\/h4>\n<p>La prise en charge \u00e0 l'h\u00f4tel est propos\u00e9e pour ce circuit. Dans les notes, il suffit d'indiquer le nom de l'h\u00f4tel o\u00f9 l'on viendra vous chercher. Nous venons vous chercher dans tous les h\u00f4tels de Punta Cana.<\/p>\n<p>&nbsp;<\/p>\n<h3>Whale Watching\u00a0 in Punta Cana\/Cap Cana to Samana Bay + Cayo Levantado (Bacardi Island) from Hotels.<\/h3>\n<h4><b><i>\u00c0 quoi s'attendre ?<\/i><\/b><\/h4>\n<p>Approchez les gentils g\u00e9ants des mers de la R\u00e9publique dominicaine lors de cette excursion de 12 heures pour observer les baleines \u00e0 bosse dans la baie de S\u00e1mana. Passez une journ\u00e9e inoubliable \u00e0 observer les milliers de baleines qui affluent chaque ann\u00e9e sur l'\u00eele pour s'accoupler, se nourrir et jouer dans ses eaux tropicales chaudes. Pendant que vous observez ces magnifiques cr\u00e9atures, votre guide expert en observation des baleines vous donnera des informations uniques. Terminez la journ\u00e9e par un d\u00e9jeuner et une plage sur la magnifique \u00eele de Cayo Levantado. Le transport aller-retour \u00e0 l'h\u00f4tel est \u00e9galement inclus.<\/p>\n<p>From 9:00 Am until 12:00-noon Whale watching observatory and After this Whale trip we will visit Bacardi Island \/ Cayo Levantado. In Bacardi Island, Lunch Buffet from typical Dominican Style will be provided (Rice, Beans, Fish, Salads\u2026). When lunch is finished you are allowed to swim until 4:30 pm. Tour will be finished at 5:00 pm at the same port from where it will start onboad our Catamaran and them bus back to Punta Cana Hotels.<\/p>\n<p>This tour can or not include the stop at\u00a0<strong>Cascade de Limon<\/strong>. To book same trip with the waterfalls please <a href=\"https:\/\/www.ticketswhales.com\/Tours-Excursions\/fees-entrace\/samana-whale-watching-cayo-levantado-bacardi-island-limon-waterfalls-from-punta-cana-hotels\/\" target=\"_blank\" rel=\"noopener\">CLIQUEZ ICI.<\/a><\/p>\n<p><strong>Calendrier :<\/strong><\/p>\n<p>6:00 - 7:00 Prise en charge des clients dans les diff\u00e9rents h\u00f4tels<br \/>\n07:00 D\u00e9part pour Las Canitas \u00e0 Sabana de la mar<br \/>\n08:15 Arriv\u00e9e au quai priv\u00e9<br \/>\n08:15 - 8:40 Heure du petit-d\u00e9jeuner (sandwichs, muffins, th\u00e9, caf\u00e9, jus de fruits)<br \/>\n8:45 Embarquement pour commencer notre voyage vers le sanctuaire des baleines \u00e0 bosse \u00e0 Samana<br \/>\n11:00 Recherche des baleines pour une p\u00e9riode de 45 minutes - C'est le timing suivi par les r\u00e8gles du gouvernement.<br \/>\n11:45 D\u00e9part pour Cayo Levantado dans la baie de Samana<br \/>\n12:30 Arriv\u00e9e \u00e0 Cayo Levantado<br \/>\n13:00 D\u00e9jeuner (buffet, typiquement dominicain)*<br \/>\n13:45 - 15:30 Temps libre \u00e0 Cayo Levantado<br \/>\n15:00 - 15:45 Retour \u00e0 bord en direction de Miches<br \/>\n17:00 Arriv\u00e9e \u00e0 Miches et d\u00e9part pour les h\u00f4tels de Punta Cana<br \/>\n19:30 - 20:00 Arriv\u00e9e aux h\u00f4tels de Punta Cana<\/p>\n<p><strong>*Menu du d\u00e9jeuner (dominicain typique)<br \/>\n<\/strong>Riz, poulet ou poisson grill\u00e9, salade, l\u00e9gumes, fruits frais.<\/p>\n<p><strong>*Les clients qui choisissent d'ajouter l'arr\u00eat \u00e0 la chute El Limon apr\u00e8s l'observation des baleines devront se rendre \u00e0 la chute et auront moins de temps \u00e0 passer \u00e0 Cayo Levantado.<\/strong><\/p>\n<p>This tour can or not include the stop at\u00a0<strong>Cascade de Limon<\/strong>. To book same trip with the waterfalls please <a href=\"https:\/\/www.ticketswhales.com\/Tours-Excursions\/fees-entrace\/samana-whale-watching-cayo-levantado-bacardi-island-limon-waterfalls-from-punta-cana-hotels\/\" target=\"_blank\" rel=\"noopener\">CLIQUEZ ICI.<\/a><\/p>\n<p>&nbsp;<\/p>\n<h4><em><strong>Que faut-il apporter ?<\/strong><\/em><\/h4>\n<ul>\n<li>Appareil photo<\/li>\n<li>Bourgeons r\u00e9pulsifs<\/li>\n<li>cr\u00e8me solaire<\/li>\n<li>Chapeau<\/li>\n<li>Pantalon confortable<\/li>\n<li>Des sandales pour la plage<\/li>\n<li>V\u00eatements de bain<\/li>\n<li>Argent liquide pour les souvenirs<\/li>\n<\/ul>\n<p>&nbsp;<\/p>\n<h4><b><i>Ramassage \u00e0 l'h\u00f4tel<\/i><\/b><\/h4>\n<p>La prise en charge \u00e0 l'h\u00f4tel est propos\u00e9e pour ce circuit. Dans les notes, il suffit d'indiquer le nom de l'h\u00f4tel o\u00f9 l'on viendra vous chercher. Nous venons vous chercher dans tous les h\u00f4tels de Punta Cana.<\/p>\n<p>&nbsp;<\/p>\n<p><b>Remarque :<\/b> si vous r\u00e9servez dans les 24 heures pr\u00e9c\u00e9dant l'heure de d\u00e9part de la visite\/excursion, nous pouvons organiser la prise en charge \u00e0 l'h\u00f4tel. Une fois votre achat effectu\u00e9, nous vous enverrons les coordonn\u00e9es compl\u00e8tes (num\u00e9ro de t\u00e9l\u00e9phone, adresse \u00e9lectronique, etc.) de notre guide local pour organiser la prise en charge.<\/p>\n<h4><b><i>Informations compl\u00e9mentaires Confirmation<\/i><\/b><\/h4>\n<ol>\n<li>Les billets sont le re\u00e7u apr\u00e8s le paiement de cette tourn\u00e9e. Vous pouvez montrer le paiement sur votre t\u00e9l\u00e9phone.<\/li>\n<li>Le point de rencontre sera communiqu\u00e9 apr\u00e8s le processus de r\u00e9servation.<\/li>\n<li>Les enfants doivent \u00eatre accompagn\u00e9s d'un adulte.<\/li>\n<li>accessible en fauteuil roulant<\/li>\n<li>Les enfants en bas \u00e2ge doivent \u00eatre assis sur les genoux<\/li>\n<li>La plupart des voyageurs peuvent participer<\/li>\n<\/ol>\n<h4><b><i>Politique d'annulation<\/i><\/b><\/h4>\n<p>Pour obtenir un remboursement complet, il faut annuler au moins 24 heures avant la date de d\u00e9but de l'exp\u00e9rience.<\/p>\n<\/div>\n<\/div>\n<\/div>\n<\/div>\n<\/div>\n<\/div>\n<\/div>\n<\/div>\n<\/div>\n<\/div>\n<\/div>\n<\/div>\n<div class=\"vc_row wpb_row vc_row-fluid\">\n<div class=\"wpb_column vc_column_container vc_col-sm-12\">\n<div class=\"vc_column-inner\">\n<div class=\"wpb_wrapper\">\n<div class=\"vc_empty_space\"><\/div>\n<div class=\"wpb_text_column wpb_content_element\">\n<div class=\"wpb_wrapper\">\n<h4>Nous contacter ?<\/h4>\n<h5><b><i>EXCURSION BALEINES SAMANA<\/i><\/b><\/h5>\n<p><em><strong>Locaux<\/strong>\u00a0et\u00a0<strong>Nationales<\/strong>\u00a0Guides touristiques et services aux visiteurs<\/em><\/p>\n<p><span class=\"text-turquoise\">R\u00e9servations :<\/span>\u00a0Visites et excursions \u00e0 Dom. Rep.<\/p>\n<p><img decoding=\"async\" class=\"emoji\" draggable=\"false\" src=\"https:\/\/s.w.org\/images\/core\/emoji\/11.2.0\/svg\/1f4de.svg\" alt=\"\ud83d\udcde\" \/>\u00a0T\u00e9l \/ Whatsapp\u00a0\u00a0<a href=\"tel:+1-809-720-6035\">+1-809-720-6035<\/a>.<\/p>\n<p><img decoding=\"async\" class=\"emoji\" draggable=\"false\" src=\"https:\/\/s.w.org\/images\/core\/emoji\/11.2.0\/svg\/1f4e9.svg\" alt=\"\ud83d\udce9\" \/>\u00a0<a href=\"mailto:info@bookingadventures.com.do\">info@bookingadventures.com.do<\/a><\/p>\n<p><strong>Nous sommes flexibles pour organiser des visites priv\u00e9es par Whatsapp :\u00a0<a href=\"tel:+18097206035\">+18097206035.<\/a><\/strong><\/p>\n<\/div>\n<\/div>\n<\/div>\n<\/div>\n<\/div>\n<\/div>\n\n\t\t<\/div>\n\t<\/div>\n<\/div><\/div><\/div><\/div>","protected":false},"excerpt":{"rendered":"<p>From the Punta Cana hotels, we&#8217;ll enjoy the beautiful landscapes of the Oriental Mountain Range as we drive north of Punta Cana before arriving in the small fishing village of Miches at the southern shores of Samana Bay. There you will enjoy a quick breakfast prior to boarding the boat to Samana. We&#8217;ll cruise deep into the bay to whale watch. We will first reach Cayo Levantado, also known as Bacardi Island because of its close resemblance to the beaches Bacardi Rum once used for its famous commercials. Cayo Levantado is nothing short of a tropical oasis &#8211; a small island in the middle of the ocean with turquoise waters and white sands.<\/p>\n<p>This tour can or not include the stop at\u00a0<strong>Cascade de Limon<\/strong>. To book the same trip with the waterfalls please <a href=\"https:\/\/www.ticketswhales.com\/Tours-Excursions\/fees-entrace\/samana-whale-watching-cayo-levantado-bacardi-island-limon-waterfalls-from-punta-cana-hotels\/\">CLIQUEZ ICI.<\/a><\/p>\n<p>&nbsp;<\/p>\n<p>&nbsp;<\/p>\n<p><em><strong>Please Select the date for The Excursion:<\/strong><\/em><\/p>","protected":false},"featured_media":13576,"template":"","meta":[],"product_brand":[],"product_cat":[749,742,770,462,323,683],"product_tag":[593,339,364,567,463,548,403,343,594,431,349,595,560,474,596,437,483,597,439,598],"class_list":{"0":"post-13990","1":"product","2":"type-product","3":"status-publish","4":"has-post-thumbnail","6":"product_cat-1-punta-cana","7":"product_cat-punta-cana-group-tours","8":"product_cat-punta-cana-whale-watching","9":"product_cat-tours-excursions-punta-cana-dominican-republic","10":"product_cat-tours-excursions-samana-bay-dominican-republic","11":"product_cat-whale-watching-punta-cana","12":"product_tag-593","13":"product_tag-bacardi-island","14":"product_tag-cayo-levantado-day-pass","15":"product_tag-cheap-punta-cana-excursions","16":"product_tag-day-trip-punta-cana","17":"product_tag-half-day-whale-watching-miches","18":"product_tag-private-tours-samana","19":"product_tag-punta-cana","20":"product_tag-punta-cana-activities","21":"product_tag-punta-cana-tours","22":"product_tag-samana-bay","23":"product_tag-samana-day-trip","24":"product_tag-samana-day-trip-from-punta-cana","25":"product_tag-samana-whale-watching","26":"product_tag-whale-punta-cana","27":"product_tag-whale-samana","28":"product_tag-whale-watching-2020","29":"product_tag-whale-watching-2020-in-punta-cana-to-samana-bay-cayo-levantado-bacardi-island-from-hotels","30":"product_tag-whale-watching-dominican-republic","31":"product_tag-whale-watching-punta-cana","33":"first","34":"instock","35":"sale","36":"sold-individually","37":"shipping-taxable","38":"product-type-external"},"_links":{"self":[{"href":"https:\/\/bookingadventures.com.do\/fr\/wp-json\/wp\/v2\/product\/13990","targetHints":{"allow":["GET"]}}],"collection":[{"href":"https:\/\/bookingadventures.com.do\/fr\/wp-json\/wp\/v2\/product"}],"about":[{"href":"https:\/\/bookingadventures.com.do\/fr\/wp-json\/wp\/v2\/types\/product"}],"wp:featuredmedia":[{"embeddable":true,"href":"https:\/\/bookingadventures.com.do\/fr\/wp-json\/wp\/v2\/media\/13576"}],"wp:attachment":[{"href":"https:\/\/bookingadventures.com.do\/fr\/wp-json\/wp\/v2\/media?parent=13990"}],"wp:term":[{"taxonomy":"product_brand","embeddable":true,"href":"https:\/\/bookingadventures.com.do\/fr\/wp-json\/wp\/v2\/product_brand?post=13990"},{"taxonomy":"product_cat","embeddable":true,"href":"https:\/\/bookingadventures.com.do\/fr\/wp-json\/wp\/v2\/product_cat?post=13990"},{"taxonomy":"product_tag","embeddable":true,"href":"https:\/\/bookingadventures.com.do\/fr\/wp-json\/wp\/v2\/product_tag?post=13990"}],"curies":[{"name":"wp","href":"https:\/\/api.w.org\/{rel}","templated":true}]}}