{"id":14034,"date":"2021-11-25T10:26:33","date_gmt":"2021-11-25T10:26:33","guid":{"rendered":"https:\/\/bookingadventures.com.do\/?post_type=product&#038;p=14034"},"modified":"2021-11-25T10:26:49","modified_gmt":"2021-11-25T10:26:49","slug":"las-terrenas-cayo-levantado-bacardi-island-day-trip-tour","status":"publish","type":"product","link":"https:\/\/bookingadventures.com.do\/fr\/dominicantour\/las-terrenas-cayo-levantado-bacardi-island-excursion-dune-journee\/","title":{"rendered":"Excursion d'une journ\u00e9e \u00e0 Las Terrenas Cayo levantado (\u00eele Bacardi)"},"content":{"rendered":"<div class=\"vc_row wpb_row vc_row-fluid\" ><div class=\"wpb_column vc_column_container vc_col-sm-12\"><div class=\"vc_column-inner\"><div class=\"wpb_wrapper\"><div class=\"mkdf-section-title-holder\" style=\"text-align: left\">\n\t<div class=\"mkdf-st-inner\">\n\t\t\t\t\t<h5 class=\"mkdf-st-subtitle\" >\n\t\t\t\tD\u00e9jeuner, transport et baignade \u00e0 la plage\t\t\t<\/h5>\n\t\t\t\t\t\t\t<h3 class=\"mkdf-st-title\" >\n\t\t\t\tExcursion d'une journ\u00e9e \u00e0 Las Terrenas Cayo levantado (\u00eele Bacardi) \t\t\t<\/h3>\n\t\t\t\t\t<\/div>\n<\/div><\/div><\/div><\/div><\/div><div class=\"vc_row wpb_row vc_row-fluid\" ><div class=\"wpb_column vc_column_container vc_col-sm-12\"><div class=\"vc_column-inner\"><div class=\"wpb_wrapper\"><div class=\"vc_empty_space\"   style=\"height: 32px\"><span class=\"vc_empty_space_inner\"><\/span><\/div><\/div><\/div><\/div><\/div><div class=\"vc_row wpb_row vc_row-fluid\" ><div class=\"wpb_column vc_column_container vc_col-sm-12\"><div class=\"vc_column-inner\"><div class=\"wpb_wrapper\">\n\t<div class=\"wpb_text_column wpb_content_element\" >\n\t\t<div class=\"wpb_wrapper\">\n\t\t\t<h4><b><i>Vue d'ensemble <\/i><\/b><\/h4>\n<p>Notre <em>cartes journali\u00e8res<\/em>\u00a0s'adressent \u00e0 tous ceux qui souhaitent passer un\u00a0<em>jour<\/em> \u00e0 Cayo Levantado avec transport inclus depuis les h\u00f4tels de Las Terrenas. Visite de l'une des plus belles plages de la R\u00e9publique dominicaine. Vous \u00eates libre de vous promener, de nager, de vous d\u00e9tendre, de jouer au volley-ball, de prendre des photos, de faire du snorkeling, de profiter de la plage ou simplement de vous allonger \u00e0 l'ombre et de prendre une boisson rafra\u00eechissante (Pi\u00f1a Colada, Coco Loco, Cuba Libre, etc.).<\/p>\n<ul>\n<li style=\"font-weight: 400;\"><span style=\"font-weight: 400;\">D\u00e9jeuner buffet sur la plage inclus<\/span><\/li>\n<li>Une Pina Colada avec ou sans alcool par adulte.<\/li>\n<li>Transfert de bateau<\/li>\n<li style=\"font-weight: 400;\"><span style=\"font-weight: 400;\">Le capitaine assure l'instruction et la supervision<\/span><\/li>\n<\/ul>\n<p>&nbsp;<\/p>\n<h4><b>Inclusions et exclusions<\/b><\/h4>\n<p>&nbsp;<\/p>\n<p><b>Inclusions<\/b><\/p>\n<ol>\n<li>Une Pina Colada avec ou sans alcool par adulte.<\/li>\n<li style=\"font-weight: 400;\"><span style=\"font-weight: 400;\">D\u00e9jeuner buffet sur la plage<\/span><\/li>\n<li style=\"font-weight: 400;\"><span style=\"font-weight: 400;\">Toutes les taxes, tous les frais et tous les frais de gestion<\/span><\/li>\n<li>Transport<\/li>\n<li style=\"font-weight: 400;\"><span style=\"font-weight: 400;\">Imp\u00f4ts locaux<\/span><\/li>\n<li style=\"font-weight: 400;\"><span style=\"font-weight: 400;\">Boissons<\/span><\/li>\n<\/ol>\n<p><b> Exclusions<\/b><\/p>\n<ol>\n<li style=\"font-weight: 400;\"><span style=\"font-weight: 400;\">Pourboires<\/span><\/li>\n<li style=\"font-weight: 400;\"><span style=\"font-weight: 400;\">Boissons alcoolis\u00e9es<\/span><\/li>\n<li>Guide local<\/li>\n<\/ol>\n<p>&nbsp;<\/p>\n<h4><em><strong>D\u00e9part et retour<\/strong><\/em><\/h4>\n<p><span style=\"font-weight: 400;\">Le voyageur obtiendra un point de rencontre apr\u00e8s le processus de r\u00e9servation. Les circuits commencent et se terminent \u00e0 nos points de rencontre.<\/span><\/p>\n<p>&nbsp;<\/p>\n<h4><b><i>\u00c0 quoi s'attendre ?<\/i><\/b><\/h4>\n<p>&nbsp;<\/p>\n<p><em><strong>Achetez vos billets<\/strong><\/em> pour une journ\u00e9e sur l'\u00eele de Bacardi (Cayo Levantado) \u00e0 Samana, plus un merveilleux d\u00e9jeuner et un temps de plage au d\u00e9part de l'h\u00f4tel Las Terrenas ou d'un Airbnb.<\/p>\n<p><span style=\"font-weight: 400;\">La carte journali\u00e8re, organis\u00e9e par \"Booking Adventures\", commence au point de rencontre fix\u00e9 avec le guide touristique. <\/span>D\u00e9jeuner \u00e0 la plage et vous pouvez rester aussi longtemps que vous le souhaitez \u00e0 nager. Si vous \u00eates v\u00e9g\u00e9talien, nous pouvons \u00e9galement vous pr\u00e9parer de la nourriture.<\/p>\n<p><strong>Calendrier :<\/strong><\/p>\n<p>6 H 45 - 16 H 30<\/p>\n<p>&nbsp;<\/p>\n<h4><em><strong>Que faut-il apporter ?<\/strong><\/em><\/h4>\n<ul>\n<li style=\"font-weight: 400;\"><span style=\"font-weight: 400;\">Appareil photo<\/span><\/li>\n<li style=\"font-weight: 400;\"><span style=\"font-weight: 400;\">Bourgeons r\u00e9pulsifs<\/span><\/li>\n<li style=\"font-weight: 400;\"><span style=\"font-weight: 400;\">cr\u00e8me solaire<\/span><\/li>\n<li style=\"font-weight: 400;\"><span style=\"font-weight: 400;\">Chapeau<\/span><\/li>\n<li style=\"font-weight: 400;\"><span style=\"font-weight: 400;\">Pantalon confortable<\/span><\/li>\n<li style=\"font-weight: 400;\"><span style=\"font-weight: 400;\">Chaussures de randonn\u00e9e pour la for\u00eat<\/span><\/li>\n<li style=\"font-weight: 400;\"><span style=\"font-weight: 400;\">Des sandales pour la plage<\/span><\/li>\n<li style=\"font-weight: 400;\"><span style=\"font-weight: 400;\">V\u00eatements de bain<\/span><\/li>\n<li>Argent liquide pour les souvenirs<\/li>\n<\/ul>\n<p>&nbsp;<\/p>\n<h4><b><i>Ramassage \u00e0 l'h\u00f4tel <\/i><\/b><\/h4>\n<p><span style=\"font-weight: 400;\">La prise en charge \u00e0 l'h\u00f4tel ou \u00e0 l'Airbnb est propos\u00e9e pour ce circuit. <\/span><\/p>\n<p>&nbsp;<\/p>\n<p><b>Remarque :<\/b><span style=\"font-weight: 400;\"> si vous r\u00e9servez dans les 24 heures pr\u00e9c\u00e9dant l'heure de d\u00e9part de la visite\/excursion, nous pouvons organiser la prise en charge \u00e0 l'h\u00f4tel. Une fois votre achat effectu\u00e9, nous vous enverrons les coordonn\u00e9es compl\u00e8tes (num\u00e9ro de t\u00e9l\u00e9phone, adresse \u00e9lectronique, etc.) de notre guide local pour organiser la prise en charge.<\/span><\/p>\n<h4><b><i>Informations compl\u00e9mentaires Confirmation <\/i><\/b><\/h4>\n<ol>\n<li>Les billets sont le re\u00e7u apr\u00e8s le paiement de cette tourn\u00e9e. Vous pouvez montrer le paiement sur votre t\u00e9l\u00e9phone.<\/li>\n<li style=\"font-weight: 400;\"><span style=\"font-weight: 400;\">Le point de rencontre sera communiqu\u00e9 apr\u00e8s le processus de r\u00e9servation.<\/span><\/li>\n<li style=\"font-weight: 400;\"><span style=\"font-weight: 400;\">Les enfants doivent \u00eatre accompagn\u00e9s d'un adulte.<\/span><\/li>\n<li style=\"font-weight: 400;\"><span style=\"font-weight: 400;\">accessible en fauteuil roulant <\/span><\/li>\n<li style=\"font-weight: 400;\"><span style=\"font-weight: 400;\">Les enfants en bas \u00e2ge doivent \u00eatre assis sur les genoux <\/span><\/li>\n<li style=\"font-weight: 400;\"><span style=\"font-weight: 400;\">La plupart des voyageurs peuvent participer<\/span><\/li>\n<\/ol>\n<h4><b><i>Politique d'annulation<\/i><\/b><\/h4>\n<p><span style=\"font-weight: 400;\">Pour obtenir un remboursement int\u00e9gral, il faut annuler au moins 74 heures avant la date de d\u00e9but de l'exp\u00e9rience.<\/span><\/p>\n\n\t\t<\/div>\n\t<\/div>\n<\/div><\/div><\/div><\/div><div class=\"vc_row wpb_row vc_row-fluid\" ><\/div><div class=\"wpb_column vc_column_container vc_col-sm-12\"><div class=\"vc_column-inner\"><div class=\"wpb_wrapper\"><\/div><\/div><\/div><div class=\"vc_empty_space\"   style=\"height: 32px\"><span class=\"vc_empty_space_inner\"><\/span><\/div>\n\t<div class=\"wpb_text_column wpb_content_element\" >\n\t\t<div class=\"wpb_wrapper\">\n\t\t\t\n\t\t<\/div>\n\t<\/div>\n<h4>Nous contacter ?<\/h4>\n<h5><em><strong>R\u00e9servation d'aventures<\/strong><\/em><\/h5>\n<p><em><span style=\"vertical-align: inherit;\"><span style=\"vertical-align: inherit;\">Services pour les h\u00f4tes et les guides touristiques <\/span><strong><span style=\"vertical-align: inherit;\">localit\u00e9s<\/span><\/strong><span style=\"vertical-align: inherit;\"> y <\/span><\/span><strong><span style=\"vertical-align: inherit;\"><span style=\"vertical-align: inherit;\">nacionales<\/span><\/span><\/strong><\/em><\/p>\n<p><span class=\"text-turquoise\"><span style=\"vertical-align: inherit;\"><span style=\"vertical-align: inherit;\"><span style=\"vertical-align: inherit;\"><span style=\"vertical-align: inherit;\">R\u00e9serves :<\/span><\/span><\/span><\/span><\/span><span style=\"vertical-align: inherit;\"><span style=\"vertical-align: inherit;\"><span style=\"vertical-align: inherit;\"><span style=\"vertical-align: inherit;\"> Excursions et visites guid\u00e9es \u00e0 Dom. <\/span><\/span><\/span><span style=\"vertical-align: inherit;\"><span style=\"vertical-align: inherit;\"><span style=\"vertical-align: inherit;\">R\u00e9p\u00e9titions<\/span><\/span><\/span><\/span><\/p>\n<p><img decoding=\"async\" class=\"emoji\" draggable=\"false\" src=\"https:\/\/s.w.org\/images\/core\/emoji\/11.2.0\/svg\/1f4de.svg\" alt=\"\ud83d\udcde\" \/><span style=\"vertical-align: inherit;\"><span style=\"vertical-align: inherit;\"><span style=\"vertical-align: inherit;\"><span style=\"vertical-align: inherit;\">T\u00e9l \/ Whatsapp\u00a0 <\/span><\/span><\/span><\/span><a href=\"tel:+1-809-720-6035\"><span style=\"vertical-align: inherit;\"><span style=\"vertical-align: inherit;\"><span style=\"vertical-align: inherit;\"><span style=\"vertical-align: inherit;\">+ 1-809-720-6035<\/span><\/span><\/span><\/span><\/a><span style=\"vertical-align: inherit;\"><span style=\"vertical-align: inherit;\"><span style=\"vertical-align: inherit;\"><span style=\"vertical-align: inherit;\"> .<\/span><\/span><\/span><\/span><\/p>\n<p><img decoding=\"async\" class=\"emoji\" draggable=\"false\" src=\"https:\/\/s.w.org\/images\/core\/emoji\/11.2.0\/svg\/1f4e9.svg\" alt=\"\ud83d\udce9\" \/> <a href=\"mailto:info@bookingadventures.com.do\"><span style=\"vertical-align: inherit;\"><span style=\"vertical-align: inherit;\"><span style=\"vertical-align: inherit;\"><span style=\"vertical-align: inherit;\">info@bookingadventures.com.do<\/span><\/span><\/span><\/span><\/a><\/p>\n<p><strong><span style=\"vertical-align: inherit;\"><span style=\"vertical-align: inherit;\"><span style=\"vertical-align: inherit;\"><span style=\"vertical-align: inherit;\">Nous sommes des tours priv\u00e9s de configuration flexible par Whatsapp : <\/span><\/span><\/span><\/span><a href=\"tel:+18097206035\"><span style=\"vertical-align: inherit;\"><span style=\"vertical-align: inherit;\"><span style=\"vertical-align: inherit;\"><span style=\"vertical-align: inherit;\">+18097206035. <\/span><\/span><\/span><\/span><\/a><\/strong><span style=\"vertical-align: inherit;\"><span style=\"vertical-align: inherit;\"><span style=\"vertical-align: inherit;\"><span style=\"vertical-align: inherit;\">[\/ vc_column_text] <div class=\"vc_empty_space\"   style=\"height: 32px\"><span class=\"vc_empty_space_inner\"><\/span><\/div> [\/ vc_column] [\/ vc_row] <div class=\"vc_row wpb_row vc_row-fluid\" ><\/div> <div class=\"wpb_column vc_column_container vc_col-sm-12\"><div class=\"vc_column-inner\"><div class=\"wpb_wrapper\"><\/div><\/div><\/div> [columnas de productos = \"3\" orderby = \"title\" order = \"\" ids = \"\"] [\/ vc_column] [\/ vc_row ]<\/span><\/span><\/span><\/span><\/p>","protected":false},"excerpt":{"rendered":"<p><span style=\"vertical-align: inherit;\"><span style=\"vertical-align: inherit;\"><span style=\"vertical-align: inherit;\"><span style=\"vertical-align: inherit;\">\u00a1Excursi\u00f3n de un d\u00eda a la playa de la isla Bacard\u00ed (Cayo Levantado) ! <\/span><\/span><\/span><span style=\"vertical-align: inherit;\"><span style=\"vertical-align: inherit;\"><span style=\"vertical-align: inherit;\">Consiga sus entradas y almuerce en la playa. <\/span><\/span><\/span><span style=\"vertical-align: inherit;\"><span style=\"vertical-align: inherit;\"><span style=\"vertical-align: inherit;\">Travers\u00e9e en bateau ou en catamaran tous les jours \u00e0 l'\u00eele de Bacardi. <\/span><\/span><\/span><span style=\"vertical-align: inherit;\"><span style=\"vertical-align: inherit;\"><span style=\"vertical-align: inherit;\">Visitez la ville de Saman\u00e1 et r\u00e9servez aujourd'hui cette offre.<\/span><\/span><\/span><\/span><\/p>\n<p>&nbsp;<\/p>\n<p><em><strong><span style=\"vertical-align: inherit;\"><span style=\"vertical-align: inherit;\"><span style=\"vertical-align: inherit;\"><span style=\"vertical-align: inherit;\">S\u00e9lectionnez la date de la visite\u00a0<\/span><\/span><\/span><\/span><\/strong><\/em><\/p>","protected":false},"featured_media":13527,"template":"","meta":[],"product_brand":[],"product_cat":[744,297,337,321,322,323],"product_tag":[339,340,364,365,717,332,344,349,350,345],"class_list":{"0":"post-14034","1":"product","2":"type-product","3":"status-publish","4":"has-post-thumbnail","6":"product_cat-1-samana","7":"product_cat-local-tour-guides","8":"product_cat-lunch","9":"product_cat-tours-and-excursions","10":"product_cat-tours-excursions-los-haitises-national-park","11":"product_cat-tours-excursions-samana-bay-dominican-republic","12":"product_tag-bacardi-island","13":"product_tag-beach-time","14":"product_tag-cayo-levantado-day-pass","15":"product_tag-cayo-levantado-tour","16":"product_tag-las-terrenas-cayo-levantado-bacardi-island-day-trip-tour","17":"product_tag-locals-guides","18":"product_tag-samana","19":"product_tag-samana-bay","20":"product_tag-samana-excursions","21":"product_tag-samana-tours","23":"first","24":"instock","25":"sale","26":"featured","27":"sold-individually","28":"shipping-taxable","29":"purchasable","30":"product-type-simple"},"_links":{"self":[{"href":"https:\/\/bookingadventures.com.do\/fr\/wp-json\/wp\/v2\/product\/14034","targetHints":{"allow":["GET"]}}],"collection":[{"href":"https:\/\/bookingadventures.com.do\/fr\/wp-json\/wp\/v2\/product"}],"about":[{"href":"https:\/\/bookingadventures.com.do\/fr\/wp-json\/wp\/v2\/types\/product"}],"wp:featuredmedia":[{"embeddable":true,"href":"https:\/\/bookingadventures.com.do\/fr\/wp-json\/wp\/v2\/media\/13527"}],"wp:attachment":[{"href":"https:\/\/bookingadventures.com.do\/fr\/wp-json\/wp\/v2\/media?parent=14034"}],"wp:term":[{"taxonomy":"product_brand","embeddable":true,"href":"https:\/\/bookingadventures.com.do\/fr\/wp-json\/wp\/v2\/product_brand?post=14034"},{"taxonomy":"product_cat","embeddable":true,"href":"https:\/\/bookingadventures.com.do\/fr\/wp-json\/wp\/v2\/product_cat?post=14034"},{"taxonomy":"product_tag","embeddable":true,"href":"https:\/\/bookingadventures.com.do\/fr\/wp-json\/wp\/v2\/product_tag?post=14034"}],"curies":[{"name":"wp","href":"https:\/\/api.w.org\/{rel}","templated":true}]}}