{"id":14069,"date":"2021-11-25T10:27:11","date_gmt":"2021-11-25T10:27:11","guid":{"rendered":"https:\/\/bookingadventures.com.do\/?post_type=product&#038;p=14069"},"modified":"2024-11-13T08:38:06","modified_gmt":"2024-11-13T08:38:06","slug":"private-speed-boat-lancha-samana-bay","status":"publish","type":"product","link":"https:\/\/bookingadventures.com.do\/fr\/dominicantour\/private-speed-boat-lancha-samana-bay\/","title":{"rendered":"Bateau rapide priv\u00e9 (Lancha) Baie de Samana"},"content":{"rendered":"<div class=\"vc_row wpb_row vc_row-fluid\" ><div class=\"wpb_column vc_column_container vc_col-sm-12\"><div class=\"vc_column-inner\"><div class=\"wpb_wrapper\">\n\t<div class=\"wpb_text_column wpb_content_element\" >\n\t\t<div class=\"wpb_wrapper\">\n\t\t\t<div class=\"custom-left\">\n<div class=\"row\">\n<div class=\"col-md-12 cust-clas\">\n<div class=\"product-header alignleft\">\n<p>SAMANA\u00a0 BOAT &#8211; RENTAL<\/p>\n<p>CHARTER PRIV\u00c9 D'UNE JOURN\u00c9E DANS LA BAIE DE SAMANA<\/p>\n<p>VOYAGE DE 8 HEURES - DU LUNDI AU DIMANCHE<\/p>\n<\/div>\n<\/div>\n<\/div>\n<\/div>\n<div class=\"custom-left para-p\">\n<div class=\"info_content_label\">\n<p><label>Info :<\/label><\/p>\n<p>Rent this fabulous speed boat\u00a0 for the full day for up to 5 people to visit the <a href=\"https:\/\/www.ticketswhales.com\/destinations\/los-haitises-national-park-tickets-tours\/\" target=\"_blank\" rel=\"noopener\" data-saferedirecturl=\"https:\/\/www.google.com\/url?q=https:\/\/www.ticketswhales.com\/destinations\/los-haitises-national-park-tickets-tours\/&amp;source=gmail&amp;ust=1637749313206000&amp;usg=AOvVaw2iM1LFDbYv-Gthna0qZt2n\">Haitises<\/a> and Cayo Levantado. Also in whale watching season you can use the boat to see the whales in Samana bay.<\/p>\n<p>Includes crew, fuel and ice cooler.<\/p>\n<p>Des options alimentaires sont disponibles moyennant un suppl\u00e9ment :<\/p>\n<p><strong>D\u00e9tails du d\u00e9jeuner buffet traditionnel, $15 USD pp :<\/strong><\/p>\n<p>-Salade verte<br \/>\n-Pain<br \/>\n-Maro de Guandule (riz \u00e0 la dominicaine) \u00e0 la noix de coco<br \/>\n- P\u00e2tes \u00e0 la sauce tomate<br \/>\n-Rago\u00fbts de yuca<br \/>\n-Poisson et poulet grill\u00e9 (dorado) + sauce au lait de coco facultative<br \/>\n-Fruits frais<br \/>\n-1 boisson non alcoolis\u00e9e (soda ou eau)<br \/>\n-Caf\u00e9<\/p>\n<p><strong>Service suppl\u00e9mentaire de homard + bonbon \u00e0 la noix de coco $19 USD (suppl\u00e9mentaire).<\/strong><\/p>\n<\/div>\n<p><label>Comprend :<\/label>\u00a0Autres services inclus (\u00e9quipage, carburant et glaci\u00e8re avec glace inclus)<\/p>\n<p><label>Non inclus :<\/label>\u00a0Les boissons et la nourriture ne sont pas incluses.<\/p>\n<p><label>Inclure le carburant :<\/label>\u00a0Oui<\/p>\n<\/div>\n<p>Contactez-nous par Whatsapp : +1-809-720-6035. Meilleur prix en ligne...<\/p>\n\n\t\t<\/div>\n\t<\/div>\n<\/div><\/div><\/div><\/div>","protected":false},"excerpt":{"rendered":"<p>Rent this fabulous speed boat\u00a0 for the full day for up to 5 people to visit the\u00a0<a href=\"https:\/\/www.ticketswhales.com\/destinations\/los-haitises-national-park-tickets-tours\/\" target=\"_blank\" rel=\"noopener\" data-saferedirecturl=\"https:\/\/www.google.com\/url?q=https:\/\/www.ticketswhales.com\/destinations\/los-haitises-national-park-tickets-tours\/&amp;source=gmail&amp;ust=1637749313206000&amp;usg=AOvVaw2iM1LFDbYv-Gthna0qZt2n\">Haitises<\/a> and Cayo Levantado. Also in whale watching season you can use the boat to see the whales in Samana bay.<\/p>","protected":false},"featured_media":13176,"template":"","meta":[],"product_brand":[],"product_cat":[744,657,813],"product_tag":[658,659,660,661],"class_list":{"0":"post-14069","1":"product","2":"type-product","3":"status-publish","4":"has-post-thumbnail","6":"product_cat-1-samana","7":"product_cat-rent-catamaran-or-boat-samana","8":"product_cat-ultimo2022","9":"product_tag-catamaran-for-renting-samana","10":"product_tag-samana-boat-rentals","11":"product_tag-samana-catamaran","12":"product_tag-samana-rentals","14":"first","15":"instock","16":"sale","17":"shipping-taxable","18":"product-type-external"},"_links":{"self":[{"href":"https:\/\/bookingadventures.com.do\/fr\/wp-json\/wp\/v2\/product\/14069","targetHints":{"allow":["GET"]}}],"collection":[{"href":"https:\/\/bookingadventures.com.do\/fr\/wp-json\/wp\/v2\/product"}],"about":[{"href":"https:\/\/bookingadventures.com.do\/fr\/wp-json\/wp\/v2\/types\/product"}],"wp:featuredmedia":[{"embeddable":true,"href":"https:\/\/bookingadventures.com.do\/fr\/wp-json\/wp\/v2\/media\/13176"}],"wp:attachment":[{"href":"https:\/\/bookingadventures.com.do\/fr\/wp-json\/wp\/v2\/media?parent=14069"}],"wp:term":[{"taxonomy":"product_brand","embeddable":true,"href":"https:\/\/bookingadventures.com.do\/fr\/wp-json\/wp\/v2\/product_brand?post=14069"},{"taxonomy":"product_cat","embeddable":true,"href":"https:\/\/bookingadventures.com.do\/fr\/wp-json\/wp\/v2\/product_cat?post=14069"},{"taxonomy":"product_tag","embeddable":true,"href":"https:\/\/bookingadventures.com.do\/fr\/wp-json\/wp\/v2\/product_tag?post=14069"}],"curies":[{"name":"wp","href":"https:\/\/api.w.org\/{rel}","templated":true}]}}