{"id":14026,"date":"2021-11-25T10:26:32","date_gmt":"2021-11-25T10:26:32","guid":{"rendered":"https:\/\/bookingadventures.com.do\/?post_type=product&#038;p=14026"},"modified":"2021-11-25T10:26:44","modified_gmt":"2021-11-25T10:26:44","slug":"altos-de-cano-hondo-mountain-bike-tour","status":"publish","type":"product","link":"https:\/\/bookingadventures.com.do\/hu\/dominicantour\/altos-de-cano-hondo-mountain-bike-tura\/","title":{"rendered":"Altos de Cano Hondo + Hegyi ker\u00e9kp\u00e1rt\u00fara"},"content":{"rendered":"<div class=\"vc_row wpb_row vc_row-fluid\" ><div class=\"wpb_column vc_column_container vc_col-sm-12\"><div class=\"vc_column-inner\"><div class=\"wpb_wrapper\"><div class=\"vc_empty_space\"   style=\"height: 32px\"><span class=\"vc_empty_space_inner\"><\/span><\/div><\/div><\/div><\/div><\/div><div class=\"vc_row wpb_row vc_row-fluid\" ><div class=\"wpb_column vc_column_container vc_col-sm-12\"><div class=\"vc_column-inner\"><div class=\"wpb_wrapper\"><div class=\"mkdf-section-title-holder\" style=\"text-align: left\">\n\t<div class=\"mkdf-st-inner\">\n\t\t\t\t\t<h5 class=\"mkdf-st-subtitle\" >\n\t\t\t\tCano Hondo \u00e9s hegyi ker\u00e9kp\u00e1rok\t\t\t<\/h5>\n\t\t\t\t\t\t\t<h3 class=\"mkdf-st-title\" >\n\t\t\t\tAltos de Cano Hondo + Hegyi ker\u00e9kp\u00e1rt\u00fara\t\t\t<\/h3>\n\t\t\t\t\t<\/div>\n<\/div><\/div><\/div><\/div><\/div><div class=\"vc_row wpb_row vc_row-fluid\" ><div class=\"wpb_column vc_column_container vc_col-sm-12\"><div class=\"vc_column-inner\"><div class=\"wpb_wrapper\"><div class=\"vc_empty_space\"   style=\"height: 32px\"><span class=\"vc_empty_space_inner\"><\/span><\/div><\/div><\/div><\/div><\/div><div class=\"vc_row wpb_row vc_row-fluid\" ><div class=\"wpb_column vc_column_container vc_col-sm-12\"><div class=\"vc_column-inner\"><div class=\"wpb_wrapper\">\n\t<div class=\"wpb_text_column wpb_content_element\" >\n\t\t<div class=\"wpb_wrapper\">\n\t\t\t<h4><b><i>\u00c1ttekint\u00e9s<\/i><\/b><\/h4>\n<p><span style=\"font-weight: 400;\">Utazzon egy helyi szak\u00e9rt\u0151vel, \u00e9s szerezze meg a ker\u00e9kp\u00e1roz\u00e1s egyed\u00fcl\u00e1ll\u00f3 \u00e9lm\u00e9ny\u00e9t Sabana de la Marb\u00f3l indulva, ez a t\u00fara k\u00f6rbeviszi \u00d6nt, hogy megismerje a Dominikai K\u00f6zt\u00e1rsas\u00e1g gy\u00f6ny\u00f6r\u0171 vid\u00e9ki t\u00e1jait. Mik\u00f6zben biciklizik, k\u00f6sz\u00f6nhet! a gazd\u00e1knak, akik lovon vagy motorral lovagolnak a birtokukra, \u00e9s a t\u00fara sor\u00e1n Sabana de la Marb\u00f3l kaland \u00e9s helyi kult\u00fara bontakozik ki. Ezt a v\u00e1rost hivatalosan 1756-ban alap\u00edtotta mintegy tizenegy (11) csal\u00e1d, akik a spanyolorsz\u00e1gi Kan\u00e1ri-szigetekr\u0151l \u00e9rkeztek. Sabana de la Mar f\u0151 gazdas\u00e1gi tev\u00e9kenys\u00e9gei a mez\u0151gazdas\u00e1g, az \u00f6koturizmus \u00e9s a hal\u00e1szat.\u00a0<\/span><\/p>\n<p>&nbsp;<\/p>\n<p><span style=\"font-weight: 400;\">Tartoz\u00e1sok \u00e9s kiz\u00e1r\u00e1sok<\/span><\/p>\n<p>&nbsp;<\/p>\n<p><span style=\"font-weight: 400;\">Tartalmak<\/span><\/p>\n<p>&nbsp;<\/p>\n<p><span style=\"font-weight: 400;\">Ker\u00e9kp\u00e1roz\u00e1s<\/span><\/p>\n<p>Eb\u00e9d a helyiekkel<\/p>\n<p><span style=\"font-weight: 400;\">Altos de Ca\u00f1o Hondo \u00e9s term\u00e9szetes medenc\u00e9k<\/span><\/p>\n<p><span style=\"font-weight: 400;\">Minden ad\u00f3, d\u00edj \u00e9s kezel\u00e9si k\u00f6lts\u00e9g<\/span><\/p>\n<p><span style=\"font-weight: 400;\">Helyi ad\u00f3k<\/span><\/p>\n<p><span style=\"font-weight: 400;\">Tisztvisel\u0151k \u00d6kol\u00f3gus idegenvezet\u0151k angol\/spanyol nyelven<\/span><\/p>\n<p>&nbsp;<\/p>\n<p><span style=\"font-weight: 400;\">Kiz\u00e1r\u00e1sok<\/span><\/p>\n<p>&nbsp;<\/p>\n<p><span style=\"font-weight: 400;\">Jutalmak<\/span><\/p>\n<p><span style=\"font-weight: 400;\">Transzfer<\/span><\/p>\n<p><span style=\"font-weight: 400;\">Italok<\/span><\/p>\n<p>&nbsp;<\/p>\n<p><span style=\"font-weight: 400;\">Indul\u00e1s \u00e9s visszat\u00e9r\u00e9s<\/span><\/p>\n<p>&nbsp;<\/p>\n<p><span style=\"font-weight: 400;\">A \"Booking Adventures\" \u00e1ltal szervezett t\u00fara az idegenvezet\u0151vel k\u00f6z\u00f6sen meghat\u00e1rozott tal\u00e1lkoz\u00e1si ponton indul. Az utaz\u00f3 a foglal\u00e1si folyamat ut\u00e1n kapja meg a tal\u00e1lkoz\u00e1si pontot. A t\u00far\u00e1k a tal\u00e1lkoz\u00e1si pontjainkon kezd\u0151dnek \u00e9s fejez\u0151dnek be.<\/span><\/p>\n<p>&nbsp;<\/p>\n<p><span style=\"font-weight: 400;\">Mire sz\u00e1m\u00edtson?<\/span><\/p>\n<p><span style=\"font-weight: 400;\">Vedd meg a jegyed a k\u00f6vetkez\u0151 \u00fatvonalon: Biking and Altos de Cano Hondo and Natural Pools from Sabana de la Mar<\/span><\/p>\n<p>&nbsp;<\/p>\n<p><span style=\"font-weight: 400;\">Ez a kir\u00e1ndul\u00e1s a tal\u00e1lkoz\u00e1si pontt\u00f3l indul, amelyet meg kell er\u0151s\u00edtenie utaz\u00e1si \u00fcgyn\u00f6keinkkel vagy az idegenvezet\u0151j\u00e9vel, miel\u0151tt b\u00e1rmelyik helysz\u00ednre indul. Amint tal\u00e1lkozik az idegenvezet\u0151j\u00e9vel, eligaz\u00edt\u00e1st kap a t\u00far\u00e1r\u00f3l \u00e9s mindenr\u0151l, ami a napj\u00e1val kapcsolatos.<\/span><\/p>\n<p><span style=\"font-weight: 400;\">Amikor mindenki k\u00e9szen \u00e1ll, elindulunk az Altos de Cano Hondo \u00e9s a term\u00e9szetes medenc\u00e9khez, ahol egy gyalogos t\u00far\u00e1t ind\u00edtunk, hogy megn\u00e9zz\u00fck a Forbes magazin \u00e1ltal a vil\u00e1g 10 legjobb \u00f6koturisztikai c\u00e9lpontj\u00e1nak egyik\u00e9t.A kaland sor\u00e1n megismerkedhet\u00fcnk az \u00f6koturizmus egyed\u00fcl\u00e1ll\u00f3 \u00e9p\u00edt\u00e9szet\u00e9vel.\u00a0<\/span><\/p>\n<p><span style=\"font-weight: 400;\">A Cano Hondo nevet a helyi gazd\u00e1k adt\u00e1k a ter\u00fcletnek, \u00e9s ez a n\u00e9v a hely f\u00f6ldrajzi adotts\u00e1gaib\u00f3l ered, ez a hely a tengerszint alatt van, \u00e9s olyan kis forr\u00e1sok vannak itt, mint a Jivales \u00e9s a Cano Hondo, amelyek a Los Haitises hegys\u00e9gb\u0151l ered\u0151 f\u00f6ldalatti foly\u00f3b\u00f3l erednek.\u00a0<\/span><\/p>\n<p><span style=\"font-weight: 400;\">Az utaz\u00e1s ezen szakasz\u00e1ban megl\u00e1togatja az Altos de Cano Hondo ter\u00fclet\u00e9t, amely a Los Haitises Nemzeti Park mellett tal\u00e1lhat\u00f3, amely az orsz\u00e1g egyik legnagyobb nemzeti parkja, t\u00f6bb mint 1600 km2 -rel \u00e9s a vil\u00e1g egyik legnagyobb m\u00e9szk\u0151 k\u00e9pz\u0151dm\u00e9nye.\u00a0<\/span><\/p>\n<p>&nbsp;<\/p>\n<p><span style=\"font-weight: 400;\">Az Altos de Cano Hondo k\u00f6rny\u00e9ki s\u00e9ta ut\u00e1n k\u00e9sz\u00fcljetek fel arra, hogy eb\u00e9d el\u0151tt beugorjatok a term\u00e9szetes medenc\u00e9kbe, majd eb\u00e9d ut\u00e1n visszaindultok Sabana de la Marba. A Cano Hond\u00f3ban t\u00f6lt\u00f6tt 4 \u00e9s f\u00e9l \u00f3r\u00e1s tev\u00e9kenys\u00e9g ut\u00e1n elindulunk a hegyi ker\u00e9kp\u00e1rral vissza Sabana de la Marba, ez a kir\u00e1ndul\u00e1s ugyanott \u00e9r v\u00e9get, ahol elkezd\u0151d\u00f6tt.<\/span><\/p>\n<p>&nbsp;<\/p>\n<p><span style=\"font-weight: 400;\">Megjegyz\u00e9s: Ezek a t\u00far\u00e1k hivatalos \u00f6kol\u00f3gus idegenvezet\u0151kkel t\u00f6rt\u00e9nnek. K\u00e9rj\u00fck, foglaljon id\u0151ben, mert a parkban nincs t\u00fal sok szakember.<\/span><\/p>\n<p>&nbsp;<\/p>\n<p>&nbsp;<\/p>\n<p><span style=\"font-weight: 400;\">Mit hozzon mag\u00e1val?<\/span><\/p>\n<ul>\n<li style=\"font-weight: 400;\" aria-level=\"1\"><span style=\"font-weight: 400;\">Kamera<\/span><\/li>\n<li style=\"font-weight: 400;\" aria-level=\"1\"><span style=\"font-weight: 400;\">Repell\u00e1l\u00f3 r\u00fcgyek<\/span><\/li>\n<li style=\"font-weight: 400;\" aria-level=\"1\"><span style=\"font-weight: 400;\">naptej<\/span><\/li>\n<li style=\"font-weight: 400;\" aria-level=\"1\"><span style=\"font-weight: 400;\">K\u00e9nyelmes nadr\u00e1g<\/span><\/li>\n<li style=\"font-weight: 400;\" aria-level=\"1\"><span style=\"font-weight: 400;\">Fut\u00f3cip\u0151\u00a0<\/span><\/li>\n<\/ul>\n<p>&nbsp;<\/p>\n<h4><b><i>Sz\u00e1llodai \u00e1tv\u00e9tel <\/i><\/b><\/h4>\n<p><span style=\"font-weight: 400;\">Ezen a t\u00far\u00e1n a sz\u00e1llodai felsz\u00e1ll\u00e1st nem biztos\u00edtjuk. <\/span><\/p>\n<p><b>Megjegyz\u00e9s:<\/b><span style=\"font-weight: 400;\"> ha a t\u00fara\/kir\u00e1ndul\u00e1s indul\u00e1si ideje el\u0151tt 24 \u00f3r\u00e1n bel\u00fcl foglal, akkor a sz\u00e1llodai felsz\u00e1ll\u00e1st fel\u00e1r ellen\u00e9ben tudjuk megoldani. A v\u00e1s\u00e1rl\u00e1s befejez\u00e9se ut\u00e1n elk\u00fcldj\u00fck \u00d6nnek a teljes el\u00e9rhet\u0151s\u00e9get (telefonsz\u00e1m, e-mail c\u00edm, stb.) a helyi idegenvezet\u0151nk sz\u00e1m\u00e1ra, hogy megszervezhesse a felv\u00e9telt.<\/span><\/p>\n<h4><b><i>Tov\u00e1bbi inform\u00e1ci\u00f3 Meger\u0151s\u00edt\u00e9s <\/i><\/b><\/h4>\n<ol>\n<li>A jegyek a t\u00fara kifizet\u00e9se ut\u00e1ni nyugta. A fizet\u00e9st a telefonj\u00e1n is meg tudja mutatni.<\/li>\n<li style=\"font-weight: 400;\"><span style=\"font-weight: 400;\">A tal\u00e1lkoz\u00e1si pont a foglal\u00e1si folyamat ut\u00e1n lesz megadva.<\/span><\/li>\n<li style=\"font-weight: 400;\"><span style=\"font-weight: 400;\">A gyermekeket feln\u0151ttnek kell k\u00eds\u00e9rnie.<\/span><\/li>\n<li style=\"font-weight: 400;\"><span style=\"font-weight: 400;\"> Nem kerekessz\u00e9kkel megk\u00f6zel\u00edthet\u0151 <\/span><\/li>\n<li style=\"font-weight: 400;\"><span style=\"font-weight: 400;\">A csecsem\u0151knek \u00f6lben kell \u00fclni\u00fck <\/span><\/li>\n<li style=\"font-weight: 400;\"><span style=\"font-weight: 400;\">Nem aj\u00e1nlott h\u00e1tprobl\u00e9m\u00e1kkal k\u00fczd\u0151 utasoknak<\/span><\/li>\n<li style=\"font-weight: 400;\"><span style=\"font-weight: 400;\">Terhes utaz\u00f3knak nem aj\u00e1nlott <\/span><\/li>\n<li style=\"font-weight: 400;\"><span style=\"font-weight: 400;\"> Nincsenek sz\u00edvprobl\u00e9m\u00e1k vagy egy\u00e9b s\u00falyos eg\u00e9szs\u00e9g\u00fcgyi probl\u00e9m\u00e1k <\/span><\/li>\n<li style=\"font-weight: 400;\"><span style=\"font-weight: 400;\">A legt\u00f6bb utaz\u00f3 r\u00e9szt vehet<\/span><\/li>\n<\/ol>\n<h4><b><i>Lemond\u00e1si szab\u00e1lyzat<\/i><\/b><\/h4>\n<p><span style=\"font-weight: 400;\">A teljes visszat\u00e9r\u00edt\u00e9shez a tapasztalat kezdete el\u0151tt legal\u00e1bb 72 \u00f3r\u00e1val le kell mondania a r\u00e9szv\u00e9telt.<\/span><\/p>\n\n\t\t<\/div>\n\t<\/div>\n<\/div><\/div><\/div><\/div><div class=\"vc_row wpb_row vc_row-fluid\" ><div class=\"wpb_column vc_column_container vc_col-sm-12\"><div class=\"vc_column-inner\"><div class=\"wpb_wrapper\"><div class=\"vc_empty_space\"   style=\"height: 32px\"><span class=\"vc_empty_space_inner\"><\/span><\/div>\n\t<div class=\"wpb_text_column wpb_content_element\" >\n\t\t<div class=\"wpb_wrapper\">\n\t\t\t<h4>L\u00e9pjen kapcsolatba vel\u00fcnk?<\/h4>\n<h5>Foglal\u00e1si kalandok<\/h5>\n<p><em><strong>Helyiek<\/strong>\u00a0\u00e9s\u00a0<strong>Nationals<\/strong>\u00a0Idegenvezet\u0151k \u00e9s vend\u00e9gszolg\u00e1latok<\/em><\/p>\n<p><span class=\"text-turquoise\">Fenntart\u00e1sok:<\/span>\u00a0T\u00far\u00e1k \u00e9s kir\u00e1ndul\u00e1sok a Dom. Rep.<\/p>\n<p><img decoding=\"async\" class=\"emoji\" draggable=\"false\" src=\"https:\/\/s.w.org\/images\/core\/emoji\/11.2.0\/svg\/1f4de.svg\" alt=\"\ud83d\udcde\" \/>\u00a0Tel \/ Whatsapp\u00a0\u00a0<a href=\"tel:+1-809-720-6035\">+1-809-720-6035<\/a>.<\/p>\n<p><img decoding=\"async\" class=\"emoji\" draggable=\"false\" src=\"https:\/\/s.w.org\/images\/core\/emoji\/11.2.0\/svg\/1f4e9.svg\" alt=\"\ud83d\udce9\" \/>\u00a0<a href=\"mailto:info@bookingadventures.com.do\">info@bookingadventures.com.do<\/a><\/p>\n<p><strong>Mi rugalmasan be\u00e1ll\u00edtjuk a priv\u00e1t t\u00far\u00e1kat Whatsappon kereszt\u00fcl:\u00a0<a href=\"tel:+18097206035\">+18097206035.<\/a><\/strong><\/p>\n\n\t\t<\/div>\n\t<\/div>\n<div class=\"vc_empty_space\"   style=\"height: 32px\"><span class=\"vc_empty_space_inner\"><\/span><\/div><\/div><\/div><\/div><\/div>","protected":false},"excerpt":{"rendered":"<p><span style=\"font-weight: 400;\">A Cano Hondo nevet a helyi gazd\u00e1k adt\u00e1k a ter\u00fcletnek, \u00e9s ez a n\u00e9v a hely f\u00f6ldrajzi adotts\u00e1gaib\u00f3l ered, ez a hely a tengerszint alatt van, \u00e9s olyan kis forr\u00e1sok vannak itt, mint a Jivales \u00e9s a Cano Hondo, amelyek a Los Haitises hegys\u00e9gb\u0151l ered\u0151 f\u00f6ldalatti foly\u00f3b\u00f3l erednek.\u00a0<\/span><\/p>\n<p>&nbsp;<\/p>\n<p><span style=\"font-weight: 400;\"><span style=\"vertical-align: inherit;\"><span style=\"vertical-align: inherit;\">Durante esta parte de su viaje, visitar\u00e1 Altos de Cano Hondo, que se encuentra junto al Parque Nacional Los Haitises, uno de los parques nacionales m\u00e1s grandes del pa\u00eds con t\u00f6bb mint 1600 km2 y una de las formaciones de piedra caliza m\u00e1s grandes del mundo.\u00a0<\/span><\/span><\/span><\/p>\n<p><span style=\"font-weight: 400;\"><span style=\"vertical-align: inherit;\"><span style=\"vertical-align: inherit;\">Despu\u00e9s de su recorrido a pie por Altos de Cano Hondo, prep\u00e1rese para saltar a las piscinas naturales antes del almuerzo y despu\u00e9s del almuerzo, regresar\u00e1 a Sabana de la Mar. Despu\u00e9s de 4 horas y media de actividades en Cano Hondo, regresaremos a Sabana. de la Mar, esta excursi\u00f3n finaliza en el mismo lugar en el que comenz\u00f3.<\/span><\/span><\/span><\/p>\n<p><span style=\"font-weight: 400;\"><span style=\"vertical-align: inherit;\"><span style=\"vertical-align: inherit;\">D.<\/span><\/span><\/span><\/p>\n<p>&nbsp;<\/p>\n<p><strong><span style=\"vertical-align: inherit;\"><span style=\"vertical-align: inherit;\">Seleccione la fecha para el Tour:<\/span><\/span><\/strong><\/p>","protected":false},"featured_media":13831,"template":"","meta":[],"product_brand":[],"product_cat":[738,704,777,745],"product_tag":[705,325,327,694,695,347,352,399,400,401,333,703,335,402,654,403,313,349,350],"class_list":{"0":"post-14026","1":"product","2":"type-product","3":"status-publish","4":"has-post-thumbnail","6":"product_cat-1-sabana-de-la-mar","7":"product_cat-altos-de-cano-hondo","8":"product_cat-mountain-bike-los-haitises","9":"product_cat-natural-pools-los-haitises","10":"product_tag-altos-de-cano-hondo","11":"product_tag-cano-hondo","12":"product_tag-cano-hondo-hotel","13":"product_tag-canoes","14":"product_tag-canoes-dominican-republic","15":"product_tag-day-tour-cano-hondo","16":"product_tag-kayak-dominican-republic","17":"product_tag-kayaking-dominican-republic","18":"product_tag-kayaking-los-haitises","19":"product_tag-kayaks","20":"product_tag-los-haitises","21":"product_tag-los-haitises-mountain-bike","22":"product_tag-los-haitises-national-park","23":"product_tag-los-haitises-tours","24":"product_tag-mangroves-reforestation-in-los-haitises-with-locals","25":"product_tag-private-tours-samana","26":"product_tag-sabana-de-la-mar","27":"product_tag-samana-bay","28":"product_tag-samana-excursions","30":"first","31":"instock","32":"sale","33":"virtual","34":"sold-individually","35":"purchasable","36":"product-type-simple"},"_links":{"self":[{"href":"https:\/\/bookingadventures.com.do\/hu\/wp-json\/wp\/v2\/product\/14026","targetHints":{"allow":["GET"]}}],"collection":[{"href":"https:\/\/bookingadventures.com.do\/hu\/wp-json\/wp\/v2\/product"}],"about":[{"href":"https:\/\/bookingadventures.com.do\/hu\/wp-json\/wp\/v2\/types\/product"}],"wp:featuredmedia":[{"embeddable":true,"href":"https:\/\/bookingadventures.com.do\/hu\/wp-json\/wp\/v2\/media\/13831"}],"wp:attachment":[{"href":"https:\/\/bookingadventures.com.do\/hu\/wp-json\/wp\/v2\/media?parent=14026"}],"wp:term":[{"taxonomy":"product_brand","embeddable":true,"href":"https:\/\/bookingadventures.com.do\/hu\/wp-json\/wp\/v2\/product_brand?post=14026"},{"taxonomy":"product_cat","embeddable":true,"href":"https:\/\/bookingadventures.com.do\/hu\/wp-json\/wp\/v2\/product_cat?post=14026"},{"taxonomy":"product_tag","embeddable":true,"href":"https:\/\/bookingadventures.com.do\/hu\/wp-json\/wp\/v2\/product_tag?post=14026"}],"curies":[{"name":"wp","href":"https:\/\/api.w.org\/{rel}","templated":true}]}}